{"id":19113,"date":"2020-05-12T19:21:46","date_gmt":"2020-05-12T17:21:46","guid":{"rendered":"https:\/\/www.krakowfilmfestival.pl\/?page_id=19113"},"modified":"2025-05-14T10:24:48","modified_gmt":"2025-05-14T08:24:48","slug":"legal-panel-2","status":"publish","type":"page","link":"https:\/\/www.krakowfilmfestival.pl\/en\/industry\/kff-industry\/panels-presentattions-2\/legal-panel-2\/","title":{"rendered":"Legal Panel"},"content":{"rendered":"\n<p><strong>31.05, 14.00-15.30 &#8211; ASP 1<\/strong><\/p>\n\n\n\n<p><\/p>\n\n\n\n<p>Language: Polish <\/p>\n\n\n\n<p><\/p>\n\n\n\n<h3>LEGAL PANEL: Bestseller clause, AI algorithm training and other changes in copyright law<\/h3>\n\n\n\n<p><\/p>\n\n\n\n<p>Internet royalties were the most talked-about change in September 2024 in Polish copyright law, but not the only one. The amendment also included a number of lesser-known changes resulting from the implementation of EU directives.<\/p>\n\n\n\n<p>Partners of the <strong>LASSOTA KRAWIEC<\/strong> law firm will discuss a number of changes that may have gone unnoticed, and will also discuss their practical impact on the film industry.<\/p>\n\n\n\n<p><\/p>\n\n\n\n<h4>The legal panel will cover, among others, the following topics:<\/h4>\n\n\n\n<ul><li>changes to statutory guidelines for determining the remuneration of creators<\/li><li>change in the wording of the bestseller clause and the possibility of its application to co-creators of a film<\/li><li>new related law for press publishers<\/li><li>rules for using copyrighted works to train AI models<\/li><li>rules for informing about the use of AI tools<\/li><\/ul>\n\n\n\n<p><\/p>\n\n\n\n<div class=\"wp-block-media-text alignwide is-stacked-on-mobile\" style=\"grid-template-columns:24% auto\"><figure class=\"wp-block-media-text__media\"><img loading=\"lazy\" width=\"1200\" height=\"1200\" src=\"https:\/\/www.krakowfilmfestival.pl\/wp-content\/uploads\/2025\/05\/wojciech-krawiec.jpg\" alt=\"\" class=\"wp-image-66251 size-full\" srcset=\"https:\/\/www.krakowfilmfestival.pl\/wp-content\/uploads\/2025\/05\/wojciech-krawiec.jpg 1200w, https:\/\/www.krakowfilmfestival.pl\/wp-content\/uploads\/2025\/05\/wojciech-krawiec-729x729.jpg 729w\" sizes=\"(max-width: 1200px) 100vw, 1200px\" \/><\/figure><div class=\"wp-block-media-text__content\">\n<p><strong>Wojciech Krawiec <\/strong>attorney, trainer, partner of the Lassota Krawiec sp. j. law firm, specializes in copyright law, business law, new technology law and personal data protection. Associated with the new technology industry and the creative industry. He teaches business law and IT at the AGH University of Science and Technology in Krakow, as well as training in copyright law and personal data protection, and has led legal panels at film festivals. He advises and serves both private and public sector entities, including cultural institutions.<\/p>\n<\/div><\/div>\n\n\n\n<p><\/p>\n\n\n\n<div class=\"wp-block-media-text alignwide has-media-on-the-right is-stacked-on-mobile\" style=\"grid-template-columns:auto 29%\"><figure class=\"wp-block-media-text__media\"><img loading=\"lazy\" width=\"1200\" height=\"1198\" src=\"https:\/\/www.krakowfilmfestival.pl\/wp-content\/uploads\/2025\/05\/marcin-lassota.jpg\" alt=\"\" class=\"wp-image-66253 size-full\" srcset=\"https:\/\/www.krakowfilmfestival.pl\/wp-content\/uploads\/2025\/05\/marcin-lassota.jpg 1200w, https:\/\/www.krakowfilmfestival.pl\/wp-content\/uploads\/2025\/05\/marcin-lassota-729x728.jpg 729w\" sizes=\"(max-width: 1200px) 100vw, 1200px\" \/><\/figure><div class=\"wp-block-media-text__content\">\n<p><strong>Marcin Lassota<\/strong> attorney, trainer, arbitrator and professional mediator, partner of the Lassota Krawiec sp. j. law firm, specializes in copyright and film law, arbitrator and mediator at the Court of Arbitration of the Audiovisual Market (SARA) at the National Chamber of Audiovisual Producers (KIPA) in the years 2019-2023. Associated with the audiovisual market and creative industry, responsible, among others, for legal services for such films as &#8220;The Prince and the Dybbuk&#8221; directed by Elwira Niemira and Piotr Roso\u0142owski, &#8220;Fanatyk&#8221; directed by Micha\u0142 Tylka, &#8220;Maryjki&#8221; directed by Daria Woszek, &#8220;The Real Life of Angels&#8221; directed by Artur Wi\u0119cek, &#8220;The Eagle. The Last Patrol&#8221; directed by Jacek B\u0142awut as well as &#8220;Mama&#8221; directed by Or Sinai (world premiere at the Cannes Film Festival 2025).<\/p>\n<\/div><\/div>\n\n\n\n<p><\/p>\n\n\n\n<p><\/p>\n\n\n\n<p><\/p>\n\n\n\n<div class=\"wp-block-image\"><figure class=\"aligncenter size-full is-resized\"><img loading=\"lazy\" src=\"https:\/\/www.krakowfilmfestival.pl\/wp-content\/uploads\/2022\/05\/lassota_krawiec_poziom_rgb.png\" alt=\"\" class=\"wp-image-37006\" width=\"169\" height=\"82\" srcset=\"https:\/\/www.krakowfilmfestival.pl\/wp-content\/uploads\/2022\/05\/lassota_krawiec_poziom_rgb.png 791w, https:\/\/www.krakowfilmfestival.pl\/wp-content\/uploads\/2022\/05\/lassota_krawiec_poziom_rgb-729x355.png 729w\" sizes=\"(max-width: 169px) 100vw, 169px\" \/><\/figure><\/div>\n","protected":false},"excerpt":{"rendered":"<p>31.05, 14.00-15.30 &#8211; ASP 1 Language: Polish LEGAL PANEL: Bestseller clause, AI algorithm training and other changes in copyright law Internet royalties were the most talked-about change in September 2024 in Polish copyright law, but not the only one. The amendment also included a number of lesser-known changes resulting from the implementation of EU directives. [&hellip;]<\/p>\n","protected":false},"author":2,"featured_media":50127,"parent":29887,"menu_order":67,"comment_status":"closed","ping_status":"closed","template":"","meta":[],"acf":[],"yoast_head":"<!-- This site is optimized with the Yoast SEO plugin v18.9 - https:\/\/yoast.com\/wordpress\/plugins\/seo\/ -->\n<title>Legal Panel - Krakow Film Festival<\/title>\n<meta name=\"robots\" content=\"index, follow, max-snippet:-1, max-image-preview:large, max-video-preview:-1\" \/>\n<link rel=\"canonical\" href=\"https:\/\/www.krakowfilmfestival.pl\/en\/industry\/kff-industry\/panels-presentattions-2\/legal-panel-2\/\" \/>\n<meta property=\"og:locale\" content=\"en_US\" \/>\n<meta property=\"og:type\" content=\"article\" \/>\n<meta property=\"og:title\" content=\"Legal Panel - Krakow Film Festival\" \/>\n<meta property=\"og:description\" content=\"31.05, 14.00-15.30 &#8211; ASP 1 Language: Polish LEGAL PANEL: Bestseller clause, AI algorithm training and other changes in copyright law Internet royalties were the most talked-about change in September 2024 in Polish copyright law, but not the only one. The amendment also included a number of lesser-known changes resulting from the implementation of EU directives. [&hellip;]\" \/>\n<meta property=\"og:url\" content=\"https:\/\/www.krakowfilmfestival.pl\/en\/industry\/kff-industry\/panels-presentattions-2\/legal-panel-2\/\" \/>\n<meta property=\"og:site_name\" content=\"Krakow Film Festival\" \/>\n<meta property=\"article:publisher\" content=\"https:\/\/www.facebook.com\/krakowfilmfest\/\" \/>\n<meta property=\"article:modified_time\" content=\"2025-05-14T08:24:48+00:00\" \/>\n<meta property=\"og:image\" content=\"https:\/\/www.krakowfilmfestival.pl\/wp-content\/uploads\/2023\/06\/panel-prawny-korczynski_a00a0819_20230530.jpg\" \/>\n\t<meta property=\"og:image:width\" content=\"2048\" \/>\n\t<meta property=\"og:image:height\" content=\"1365\" \/>\n\t<meta property=\"og:image:type\" content=\"image\/jpeg\" \/>\n<meta name=\"twitter:card\" content=\"summary_large_image\" \/>\n<meta name=\"twitter:site\" content=\"@krakowfilmfest\" \/>\n<meta name=\"twitter:label1\" content=\"Est. reading time\" \/>\n\t<meta name=\"twitter:data1\" content=\"3 minutes\" \/>\n<script type=\"application\/ld+json\" class=\"yoast-schema-graph\">{\"@context\":\"https:\/\/schema.org\",\"@graph\":[{\"@type\":\"Organization\",\"@id\":\"https:\/\/www.krakowfilmfestival.pl\/en\/#organization\",\"name\":\"Krakowski Festiwal Filmowy\",\"url\":\"https:\/\/www.krakowfilmfestival.pl\/en\/\",\"sameAs\":[\"https:\/\/www.instagram.com\/krakowfilmfestival\/\",\"https:\/\/www.youtube.com\/user\/KrakowFilmFoundation\",\"https:\/\/pl.wikipedia.org\/wiki\/Krakowski_Festiwal_Filmowy\",\"https:\/\/www.facebook.com\/krakowfilmfest\/\",\"https:\/\/twitter.com\/krakowfilmfest\"],\"logo\":{\"@type\":\"ImageObject\",\"inLanguage\":\"en-US\",\"@id\":\"https:\/\/www.krakowfilmfestival.pl\/en\/#\/schema\/logo\/image\/\",\"url\":\"https:\/\/www.krakowfilmfestival.pl\/wp-content\/uploads\/2024\/03\/logokff_uniwersalne.jpg\",\"contentUrl\":\"https:\/\/www.krakowfilmfestival.pl\/wp-content\/uploads\/2024\/03\/logokff_uniwersalne.jpg\",\"width\":1241,\"height\":699,\"caption\":\"Krakowski Festiwal Filmowy\"},\"image\":{\"@id\":\"https:\/\/www.krakowfilmfestival.pl\/en\/#\/schema\/logo\/image\/\"}},{\"@type\":\"WebSite\",\"@id\":\"https:\/\/www.krakowfilmfestival.pl\/en\/#website\",\"url\":\"https:\/\/www.krakowfilmfestival.pl\/en\/\",\"name\":\"Krakow Film Festival\",\"description\":\"In Cracow since 1961\",\"publisher\":{\"@id\":\"https:\/\/www.krakowfilmfestival.pl\/en\/#organization\"},\"potentialAction\":[{\"@type\":\"SearchAction\",\"target\":{\"@type\":\"EntryPoint\",\"urlTemplate\":\"https:\/\/www.krakowfilmfestival.pl\/en\/?s={search_term_string}\"},\"query-input\":\"required name=search_term_string\"}],\"inLanguage\":\"en-US\"},{\"@type\":\"ImageObject\",\"inLanguage\":\"en-US\",\"@id\":\"https:\/\/www.krakowfilmfestival.pl\/en\/industry\/kff-industry\/panels-presentattions-2\/legal-panel-2\/#primaryimage\",\"url\":\"https:\/\/www.krakowfilmfestival.pl\/wp-content\/uploads\/2023\/06\/panel-prawny-korczynski_a00a0819_20230530.jpg\",\"contentUrl\":\"https:\/\/www.krakowfilmfestival.pl\/wp-content\/uploads\/2023\/06\/panel-prawny-korczynski_a00a0819_20230530.jpg\",\"width\":2048,\"height\":1365},{\"@type\":\"WebPage\",\"@id\":\"https:\/\/www.krakowfilmfestival.pl\/en\/industry\/kff-industry\/panels-presentattions-2\/legal-panel-2\/#webpage\",\"url\":\"https:\/\/www.krakowfilmfestival.pl\/en\/industry\/kff-industry\/panels-presentattions-2\/legal-panel-2\/\",\"name\":\"Legal Panel - Krakow Film Festival\",\"isPartOf\":{\"@id\":\"https:\/\/www.krakowfilmfestival.pl\/en\/#website\"},\"primaryImageOfPage\":{\"@id\":\"https:\/\/www.krakowfilmfestival.pl\/en\/industry\/kff-industry\/panels-presentattions-2\/legal-panel-2\/#primaryimage\"},\"datePublished\":\"2020-05-12T17:21:46+00:00\",\"dateModified\":\"2025-05-14T08:24:48+00:00\",\"breadcrumb\":{\"@id\":\"https:\/\/www.krakowfilmfestival.pl\/en\/industry\/kff-industry\/panels-presentattions-2\/legal-panel-2\/#breadcrumb\"},\"inLanguage\":\"en-US\",\"potentialAction\":[{\"@type\":\"ReadAction\",\"target\":[\"https:\/\/www.krakowfilmfestival.pl\/en\/industry\/kff-industry\/panels-presentattions-2\/legal-panel-2\/\"]}]},{\"@type\":\"BreadcrumbList\",\"@id\":\"https:\/\/www.krakowfilmfestival.pl\/en\/industry\/kff-industry\/panels-presentattions-2\/legal-panel-2\/#breadcrumb\",\"itemListElement\":[{\"@type\":\"ListItem\",\"position\":1,\"name\":\"Strona g\u0142\u00f3wna\",\"item\":\"https:\/\/www.krakowfilmfestival.pl\/en\/\"},{\"@type\":\"ListItem\",\"position\":2,\"name\":\"KFF Industry\",\"item\":\"https:\/\/www.krakowfilmfestival.pl\/en\/industry\/\"},{\"@type\":\"ListItem\",\"position\":3,\"name\":\"KFF Industry Program 2025\",\"item\":\"https:\/\/www.krakowfilmfestival.pl\/en\/industry\/kff-industry\/\"},{\"@type\":\"ListItem\",\"position\":4,\"name\":\"Panels | Presentations\",\"item\":\"https:\/\/www.krakowfilmfestival.pl\/en\/industry\/kff-industry\/panels-presentattions-2\/\"},{\"@type\":\"ListItem\",\"position\":5,\"name\":\"Legal Panel\"}]}]}<\/script>\n<!-- \/ Yoast SEO plugin. -->","yoast_head_json":{"title":"Legal Panel - Krakow Film Festival","robots":{"index":"index","follow":"follow","max-snippet":"max-snippet:-1","max-image-preview":"max-image-preview:large","max-video-preview":"max-video-preview:-1"},"canonical":"https:\/\/www.krakowfilmfestival.pl\/en\/industry\/kff-industry\/panels-presentattions-2\/legal-panel-2\/","og_locale":"en_US","og_type":"article","og_title":"Legal Panel - Krakow Film Festival","og_description":"31.05, 14.00-15.30 &#8211; ASP 1 Language: Polish LEGAL PANEL: Bestseller clause, AI algorithm training and other changes in copyright law Internet royalties were the most talked-about change in September 2024 in Polish copyright law, but not the only one. The amendment also included a number of lesser-known changes resulting from the implementation of EU directives. [&hellip;]","og_url":"https:\/\/www.krakowfilmfestival.pl\/en\/industry\/kff-industry\/panels-presentattions-2\/legal-panel-2\/","og_site_name":"Krakow Film Festival","article_publisher":"https:\/\/www.facebook.com\/krakowfilmfest\/","article_modified_time":"2025-05-14T08:24:48+00:00","og_image":[{"width":2048,"height":1365,"url":"https:\/\/www.krakowfilmfestival.pl\/wp-content\/uploads\/2023\/06\/panel-prawny-korczynski_a00a0819_20230530.jpg","type":"image\/jpeg"}],"twitter_card":"summary_large_image","twitter_site":"@krakowfilmfest","twitter_misc":{"Est. reading time":"3 minutes"},"schema":{"@context":"https:\/\/schema.org","@graph":[{"@type":"Organization","@id":"https:\/\/www.krakowfilmfestival.pl\/en\/#organization","name":"Krakowski Festiwal Filmowy","url":"https:\/\/www.krakowfilmfestival.pl\/en\/","sameAs":["https:\/\/www.instagram.com\/krakowfilmfestival\/","https:\/\/www.youtube.com\/user\/KrakowFilmFoundation","https:\/\/pl.wikipedia.org\/wiki\/Krakowski_Festiwal_Filmowy","https:\/\/www.facebook.com\/krakowfilmfest\/","https:\/\/twitter.com\/krakowfilmfest"],"logo":{"@type":"ImageObject","inLanguage":"en-US","@id":"https:\/\/www.krakowfilmfestival.pl\/en\/#\/schema\/logo\/image\/","url":"https:\/\/www.krakowfilmfestival.pl\/wp-content\/uploads\/2024\/03\/logokff_uniwersalne.jpg","contentUrl":"https:\/\/www.krakowfilmfestival.pl\/wp-content\/uploads\/2024\/03\/logokff_uniwersalne.jpg","width":1241,"height":699,"caption":"Krakowski Festiwal Filmowy"},"image":{"@id":"https:\/\/www.krakowfilmfestival.pl\/en\/#\/schema\/logo\/image\/"}},{"@type":"WebSite","@id":"https:\/\/www.krakowfilmfestival.pl\/en\/#website","url":"https:\/\/www.krakowfilmfestival.pl\/en\/","name":"Krakow Film Festival","description":"In Cracow since 1961","publisher":{"@id":"https:\/\/www.krakowfilmfestival.pl\/en\/#organization"},"potentialAction":[{"@type":"SearchAction","target":{"@type":"EntryPoint","urlTemplate":"https:\/\/www.krakowfilmfestival.pl\/en\/?s={search_term_string}"},"query-input":"required name=search_term_string"}],"inLanguage":"en-US"},{"@type":"ImageObject","inLanguage":"en-US","@id":"https:\/\/www.krakowfilmfestival.pl\/en\/industry\/kff-industry\/panels-presentattions-2\/legal-panel-2\/#primaryimage","url":"https:\/\/www.krakowfilmfestival.pl\/wp-content\/uploads\/2023\/06\/panel-prawny-korczynski_a00a0819_20230530.jpg","contentUrl":"https:\/\/www.krakowfilmfestival.pl\/wp-content\/uploads\/2023\/06\/panel-prawny-korczynski_a00a0819_20230530.jpg","width":2048,"height":1365},{"@type":"WebPage","@id":"https:\/\/www.krakowfilmfestival.pl\/en\/industry\/kff-industry\/panels-presentattions-2\/legal-panel-2\/#webpage","url":"https:\/\/www.krakowfilmfestival.pl\/en\/industry\/kff-industry\/panels-presentattions-2\/legal-panel-2\/","name":"Legal Panel - Krakow Film Festival","isPartOf":{"@id":"https:\/\/www.krakowfilmfestival.pl\/en\/#website"},"primaryImageOfPage":{"@id":"https:\/\/www.krakowfilmfestival.pl\/en\/industry\/kff-industry\/panels-presentattions-2\/legal-panel-2\/#primaryimage"},"datePublished":"2020-05-12T17:21:46+00:00","dateModified":"2025-05-14T08:24:48+00:00","breadcrumb":{"@id":"https:\/\/www.krakowfilmfestival.pl\/en\/industry\/kff-industry\/panels-presentattions-2\/legal-panel-2\/#breadcrumb"},"inLanguage":"en-US","potentialAction":[{"@type":"ReadAction","target":["https:\/\/www.krakowfilmfestival.pl\/en\/industry\/kff-industry\/panels-presentattions-2\/legal-panel-2\/"]}]},{"@type":"BreadcrumbList","@id":"https:\/\/www.krakowfilmfestival.pl\/en\/industry\/kff-industry\/panels-presentattions-2\/legal-panel-2\/#breadcrumb","itemListElement":[{"@type":"ListItem","position":1,"name":"Strona g\u0142\u00f3wna","item":"https:\/\/www.krakowfilmfestival.pl\/en\/"},{"@type":"ListItem","position":2,"name":"KFF Industry","item":"https:\/\/www.krakowfilmfestival.pl\/en\/industry\/"},{"@type":"ListItem","position":3,"name":"KFF Industry Program 2025","item":"https:\/\/www.krakowfilmfestival.pl\/en\/industry\/kff-industry\/"},{"@type":"ListItem","position":4,"name":"Panels | Presentations","item":"https:\/\/www.krakowfilmfestival.pl\/en\/industry\/kff-industry\/panels-presentattions-2\/"},{"@type":"ListItem","position":5,"name":"Legal Panel"}]}]}},"_links":{"self":[{"href":"https:\/\/www.krakowfilmfestival.pl\/en\/wp-json\/wp\/v2\/pages\/19113"}],"collection":[{"href":"https:\/\/www.krakowfilmfestival.pl\/en\/wp-json\/wp\/v2\/pages"}],"about":[{"href":"https:\/\/www.krakowfilmfestival.pl\/en\/wp-json\/wp\/v2\/types\/page"}],"author":[{"embeddable":true,"href":"https:\/\/www.krakowfilmfestival.pl\/en\/wp-json\/wp\/v2\/users\/2"}],"replies":[{"embeddable":true,"href":"https:\/\/www.krakowfilmfestival.pl\/en\/wp-json\/wp\/v2\/comments?post=19113"}],"version-history":[{"count":9,"href":"https:\/\/www.krakowfilmfestival.pl\/en\/wp-json\/wp\/v2\/pages\/19113\/revisions"}],"predecessor-version":[{"id":66872,"href":"https:\/\/www.krakowfilmfestival.pl\/en\/wp-json\/wp\/v2\/pages\/19113\/revisions\/66872"}],"up":[{"embeddable":true,"href":"https:\/\/www.krakowfilmfestival.pl\/en\/wp-json\/wp\/v2\/pages\/29887"}],"wp:featuredmedia":[{"embeddable":true,"href":"https:\/\/www.krakowfilmfestival.pl\/en\/wp-json\/wp\/v2\/media\/50127"}],"wp:attachment":[{"href":"https:\/\/www.krakowfilmfestival.pl\/en\/wp-json\/wp\/v2\/media?parent=19113"}],"curies":[{"name":"wp","href":"https:\/\/api.w.org\/{rel}","templated":true}]}}