{"id":218,"date":"2016-04-19T14:14:17","date_gmt":"2016-04-19T12:14:17","guid":{"rendered":"http:\/\/www.krakowfilmfestival.pl\/en\/kontakt\/"},"modified":"2026-03-23T00:42:28","modified_gmt":"2026-03-22T23:42:28","slug":"contact","status":"publish","type":"page","link":"https:\/\/www.krakowfilmfestival.pl\/en\/contact\/","title":{"rendered":"Contact"},"content":{"rendered":"\n<h2>Festival office<\/h2>\n\n\n\n<div class=\"wp-block-columns has-2-columns\">\n<div class=\"wp-block-column\">\n<p><strong>Office<\/strong><br>ul. Basztowa 15\/8, 31-143 Krak\u00f3w<br>tel.\/fax: +48 12 294 69 45<br><a href=\"tel:+48601768887\">+48 601 768 887<\/a><br><a href=\"mailto:info@kff.com.pl\" target=\"_blank\" rel=\"noreferrer noopener\">info@kff.com.pl<\/a><\/p>\n\n\n\n<p><strong>Olga Werus<\/strong><br>Secretariat<br><a href=\"mailto:info@kff.com.pl\" target=\"_blank\" rel=\"noreferrer noopener\">info@kff.com.pl<\/a><\/p>\n<\/div>\n\n\n\n<div class=\"wp-block-column\">\n<p><strong>For invoicing:<\/strong><br>Krakowska Fundacja Filmowa<br>ul. Basztowa 15\/8, 31-143 Krak\u00f3w<br>NIP: 6762250313<\/p>\n<\/div>\n<\/div>\n\n\n\n<div class=\"wp-block-columns\">\n<div class=\"wp-block-column\">\n<h2>Festival director<\/h2>\n\n\n\n<p><strong><strong>Barbara Orlicz-Szczypu\u0142a<br><\/strong><\/strong><a href=\"mailto:barbara.orlicz@kff.com.pl\">barbara.orlicz@kff.com.pl<\/a><\/p>\n\n\n\n<h2>Deputy director<\/h2>\n\n\n\n<p><strong>Patrycja Czarny<br><\/strong><a href=\"mailto:barbara.orlicz@kff.com.pl\">patrycja.czarny@kff.com.pl<\/a><\/p>\n<\/div>\n\n\n\n<div class=\"wp-block-column\">\n<h2>Artistic director<\/h2>\n\n\n\n<p><strong>Anita Piotrowska<\/strong><br><a href=\"mailto:anita.piotrowska@kff.com.pl\">anita.piotrowska@kff.com.pl<\/a><\/p>\n<\/div>\n<\/div>\n\n\n\n<h2>Programme department<\/h2>\n\n\n\n<div class=\"wp-block-columns\">\n<div class=\"wp-block-column\">\n<p><strong>Patrycja Czarny<\/strong><br>National competition<br><a href=\"mailto:patrycja.czarny@kff.com.pl\">patrycja.czarny@kff.com.pl<\/a><\/p>\n\n\n\n<p><strong>Patrycja Czarny<\/strong><br>Selection<br><a href=\"mailto:selekcja@kff.com.pl\" target=\"_blank\" rel=\"noreferrer noopener\">selekcja@kff.com.pl<\/a><\/p>\n\n\n\n<p><strong>Anna Waszczuk<\/strong><br>Doc competition &amp; DocsFilmMusic<br><a href=\"mailto:anna.waszczuk@kff.com.pl\">anna.waszczuk@kff.com.pl<\/a><\/p>\n\n\n\n<p><strong>Bartek Tesarz<\/strong><br>Short film competition<br>Prints &amp; translations<br><a href=\"mailto:bartek.tesarz@kff.com.pl\">bartek.tesarz@kff.com.pl<\/a> <\/p>\n<\/div>\n\n\n\n<div class=\"wp-block-column\">\n<p><strong>Hanna Piaskowska<\/strong><br>Office manager &amp; Coordinator of the jury<br><a href=\"mailto:hanna.piaskowska@kff.com.pl\">hanna.piaskowska@kff.com.pl<\/a><\/p>\n\n\n\n<p><strong>Gabrieal Guzy<\/strong><br>Non-competitive sections<br><a href=\"mailto:gabriela.guzy@kff.com.pl\">gabriela.guzy@kff.com.pl<\/a>  <\/p>\n\n\n\n<p><strong>Magdalena Nie\u015bwiec<br>Milena Majkut<\/strong><br>Guest service<br><a href=\"mailto:guest@kff.com.pl\">guest@kff.com.pl<\/a><\/p>\n<\/div>\n<\/div>\n\n\n\n<h2>Organisational &amp; production department<\/h2>\n\n\n\n<div class=\"wp-block-columns\">\n<div class=\"wp-block-column\">\n<p><strong>Patrycja Czarny<\/strong><br>Coordinator<br><a href=\"mailto:patrycja.czarny@kff.com.pl\">patrycja.czarny@kff.com.pl<\/a><\/p>\n\n\n\n<p><strong>Izabella Ole\u015b<\/strong><br>Producer<br><a href=\"mailto:izabella.oles@kff.com.pl\">izabella.oles@kff.com.pl<\/a><strong> <\/strong><\/p>\n\n\n\n<p><strong>Bo\u017cena Sowa<\/strong><br>Producer<br><a href=\"mailto:bozena.sowa@kff.com.pl\">bozena.sowa@kff.com.pl<\/a><\/p>\n\n\n\n<p><strong>Aleksandra Starmach<\/strong><br>Audience development<br><a href=\"mailto:widownia@kff.com.pl\">widownia@kff.com.pl<\/a><\/p>\n<\/div>\n\n\n\n<div class=\"wp-block-column\">\n<p><strong>Barbara Zaj\u0105c<\/strong><br>Accessibility coordinator<br><a href=\"mailto:dostepnykff@kff.com.pl\">dostepnykff@kff.com.pl<\/a><\/p>\n\n\n\n<p><strong>Weronika Kapusta<\/strong><br>Audience services<br><a href=\"mailto:bilety@kff.com.pl\">bilety@kff.com.pl<\/a> <\/p>\n\n\n\n<p><strong>Joanna Gamrat<\/strong><br>Coordinator of volunteers<br><a href=\"mailto:wolontariat@kff.com.pl\">wolontariat@kff.com.pl<\/a><\/p>\n<\/div>\n<\/div>\n\n\n\n<h2>KFF Industry<\/h2>\n\n\n\n<div class=\"wp-block-columns\">\n<div class=\"wp-block-column\">\n<p><strong>Katarzyna Wilk<\/strong><br>Head of KFF Industry<br><a href=\"mailto:katarzyna.wilk@kff.com.pl\">katarzyna.wilk@kff.com.pl<\/a> <\/p>\n\n\n\n<p><strong>Barbara Orlicz-Szczypu\u0142a<\/strong><br>Strategic consultations<br><a href=\"mailto:barbara.orlicz@kff.com.pl\">barbara.orlicz@kff.com.pl<\/a><\/p>\n\n\n\n<p><strong>Jagoda Bielawska<\/strong><br>KFF Industry producer<br><a href=\"mailto:jagoda.bielawska@kff.com.pl\">jagoda.bielawska@kff.com.pl<\/a><\/p>\n<\/div>\n\n\n\n<div class=\"wp-block-column\">\n<p><strong>Marta \u015awi\u0119tek<\/strong><br>Coordinator of Animated in Poland &amp; KFF Video Library<br><a href=\"mailto:marta.swietek@kff.com.pl\">marta.swietek@kff.com.pl<\/a><\/p>\n\n\n\n<p><strong>Julia Bodys<\/strong><br>Promotion &amp; communication<br><a href=\"mailto:julia.bodys@kff.com.pl\">julia.bodys@kff.com.pl<\/a><\/p>\n\n\n\n<p><strong>Oskar Sapeta<\/strong><br>Coordinator of industry events<br><a href=\"mailto:oskar.sapeta@kff.com.pl\">oskar.sapeta@kff.com.pl<\/a><\/p>\n<\/div>\n<\/div>\n\n\n\n<h2>Media department<\/h2>\n\n\n\n<div class=\"wp-block-columns\">\n<div class=\"wp-block-column\">\n<p><strong>Magdalena Walo<\/strong><br>Head of department &amp; PR &amp; social media<strong><br><\/strong><a href=\"mailto:magdalena.walo@kff.com.pl\">magdalena.walo@kff.com.pl<\/a><\/p>\n\n\n\n<p><strong>Monika Babi\u0144ska<\/strong><br>PR &amp; social media<br><a href=\"mailto:monika.babinska@kff.com.pl\">monika.babinska@kff.com.pl<\/a><\/p>\n<\/div>\n\n\n\n<div class=\"wp-block-column\">\n<p><strong>Barbara Szyma\u0144ska<\/strong><br>Website editor<br><a href=\"mailto:barbara.szymanska@kff.com.pl\">barbara.szymanska@kff.com.pl<\/a><\/p>\n<\/div>\n<\/div>\n\n\n\n<h2>Promotion &amp; marketing<\/h2>\n\n\n\n<div class=\"wp-block-columns\">\n<div class=\"wp-block-column\">\n<p><strong>Maja Kuczmi\u0144ska<\/strong><br>Head of department<br><a href=\"mailto:maja.kuczminska@kff.com.pl\">maja.kuczminska@kff.com.pl<\/a><\/p>\n\n\n\n<p><strong>Patryk Stanik<\/strong><br>Digital marketing<br><a href=\"mailto:patryk.stanik@kff.com.pl\">patryk.stanik@kff.com.pl<\/a><\/p>\n<\/div>\n\n\n\n<div class=\"wp-block-column\">\n<p><strong>Karolina Tomasik<\/strong><br>Coordinator of sponsoring and partnerships &amp; Fundrising<br><a href=\"mailto:karolina.tomasik@kff.com.pl\">karolina.tomasik@kff.com.pl<\/a><\/p>\n<\/div>\n<\/div>\n\n\n\n<h2>Selection team<\/h2>\n\n\n\n<p><strong>Artistic director<\/strong><br>Anita Piotrowska<\/p>\n\n\n\n<p><strong>Curator of short films section<\/strong><br>Bartek Tesarz<\/p>\n\n\n\n<p><strong>Curator of animations<\/strong><br>Zbigniew Czapla<\/p>\n\n\n\n<p><strong>Curator of Docs+Science<\/strong><br>Karol Ja\u0142ochowski<\/p>\n\n\n\n<p><strong>Documentary films<\/strong><br>Barbara Kosecka<br>J\u0119drzej Ko\u015bci\u0144ski<br>Grzegorz Pacek<br>Marcin Stachowicz<br>Edyta Wr\u00f3blewska<br>Grzegorz Zariczny<\/p>\n\n\n\n<p><strong>Short documentaries<\/strong><br>Anna Konik<br>Micha\u0142 Piepi\u00f3rka<\/p>\n\n\n\n<p><strong>Short feature films<\/strong><br>El\u017cbieta Benkowska<br>Kamil Czudej<br>Mateusz Demski<br>Jaros\u0142aw Grzechowiak<br>Karolina Ho\u0142ub<br>Magdalena Nie\u015bwiec<br>Anna Maria Piskorska<br>Jakub Radej<\/p>\n\n\n\n<p><strong>Short animations<\/strong><br>Zbigniew Czapla<br>Marta Pajek<\/p>\n\n\n\n<p><strong>Kids&amp;Youth<\/strong><br>Magdalena Walo<br>Barbara Orlicz-Szczypu\u0142a<\/p>\n","protected":false},"excerpt":{"rendered":"<p>Festival office Officeul. Basztowa 15\/8, 31-143 Krak\u00f3wtel.\/fax: +48 12 294 69 45+48 601 768 887info@kff.com.pl Olga WerusSecretariatinfo@kff.com.pl For invoicing:Krakowska Fundacja Filmowaul. Basztowa 15\/8, 31-143 Krak\u00f3wNIP: 6762250313 Festival director Barbara Orlicz-Szczypu\u0142abarbara.orlicz@kff.com.pl Deputy director Patrycja Czarnypatrycja.czarny@kff.com.pl Artistic director Anita Piotrowskaanita.piotrowska@kff.com.pl Programme department Patrycja CzarnyNational competitionpatrycja.czarny@kff.com.pl Patrycja CzarnySelectionselekcja@kff.com.pl Anna WaszczukDoc competition &amp; DocsFilmMusicanna.waszczuk@kff.com.pl Bartek TesarzShort film competitionPrints &amp; [&hellip;]<\/p>\n","protected":false},"author":1,"featured_media":40082,"parent":0,"menu_order":463,"comment_status":"closed","ping_status":"closed","template":"","meta":[],"acf":[],"yoast_head":"<!-- This site is optimized with the Yoast SEO plugin v18.9 - https:\/\/yoast.com\/wordpress\/plugins\/seo\/ -->\n<title>Contact - Krakow Film Festival<\/title>\n<meta name=\"robots\" content=\"index, follow, max-snippet:-1, max-image-preview:large, max-video-preview:-1\" \/>\n<link rel=\"canonical\" href=\"https:\/\/www.krakowfilmfestival.pl\/en\/contact\/\" \/>\n<meta property=\"og:locale\" content=\"en_US\" \/>\n<meta property=\"og:type\" content=\"article\" \/>\n<meta property=\"og:title\" content=\"Contact - Krakow Film Festival\" \/>\n<meta property=\"og:description\" content=\"Festival office Officeul. Basztowa 15\/8, 31-143 Krak\u00f3wtel.\/fax: +48 12 294 69 45+48 601 768 887info@kff.com.pl Olga WerusSecretariatinfo@kff.com.pl For invoicing:Krakowska Fundacja Filmowaul. Basztowa 15\/8, 31-143 Krak\u00f3wNIP: 6762250313 Festival director Barbara Orlicz-Szczypu\u0142abarbara.orlicz@kff.com.pl Deputy director Patrycja Czarnypatrycja.czarny@kff.com.pl Artistic director Anita Piotrowskaanita.piotrowska@kff.com.pl Programme department Patrycja CzarnyNational competitionpatrycja.czarny@kff.com.pl Patrycja CzarnySelectionselekcja@kff.com.pl Anna WaszczukDoc competition &amp; DocsFilmMusicanna.waszczuk@kff.com.pl Bartek TesarzShort film competitionPrints &amp; [&hellip;]\" \/>\n<meta property=\"og:url\" content=\"https:\/\/www.krakowfilmfestival.pl\/en\/contact\/\" \/>\n<meta property=\"og:site_name\" content=\"Krakow Film Festival\" \/>\n<meta property=\"article:publisher\" content=\"https:\/\/www.facebook.com\/krakowfilmfest\/\" \/>\n<meta property=\"article:modified_time\" content=\"2026-03-22T23:42:28+00:00\" \/>\n<meta property=\"og:image\" content=\"https:\/\/www.krakowfilmfestival.pl\/wp-content\/uploads\/2022\/05\/img_98471.jpg\" \/>\n\t<meta property=\"og:image:width\" content=\"1280\" \/>\n\t<meta property=\"og:image:height\" content=\"853\" \/>\n\t<meta property=\"og:image:type\" content=\"image\/jpeg\" \/>\n<meta name=\"twitter:card\" content=\"summary_large_image\" \/>\n<meta name=\"twitter:site\" content=\"@krakowfilmfest\" \/>\n<meta name=\"twitter:label1\" content=\"Est. reading time\" \/>\n\t<meta name=\"twitter:data1\" content=\"2 minutes\" \/>\n<script type=\"application\/ld+json\" class=\"yoast-schema-graph\">{\"@context\":\"https:\/\/schema.org\",\"@graph\":[{\"@type\":\"Organization\",\"@id\":\"https:\/\/www.krakowfilmfestival.pl\/en\/#organization\",\"name\":\"Krakowski Festiwal Filmowy\",\"url\":\"https:\/\/www.krakowfilmfestival.pl\/en\/\",\"sameAs\":[\"https:\/\/www.instagram.com\/krakowfilmfestival\/\",\"https:\/\/www.youtube.com\/user\/KrakowFilmFoundation\",\"https:\/\/pl.wikipedia.org\/wiki\/Krakowski_Festiwal_Filmowy\",\"https:\/\/www.facebook.com\/krakowfilmfest\/\",\"https:\/\/twitter.com\/krakowfilmfest\"],\"logo\":{\"@type\":\"ImageObject\",\"inLanguage\":\"en-US\",\"@id\":\"https:\/\/www.krakowfilmfestival.pl\/en\/#\/schema\/logo\/image\/\",\"url\":\"https:\/\/www.krakowfilmfestival.pl\/wp-content\/uploads\/2024\/03\/logokff_uniwersalne.jpg\",\"contentUrl\":\"https:\/\/www.krakowfilmfestival.pl\/wp-content\/uploads\/2024\/03\/logokff_uniwersalne.jpg\",\"width\":1241,\"height\":699,\"caption\":\"Krakowski Festiwal Filmowy\"},\"image\":{\"@id\":\"https:\/\/www.krakowfilmfestival.pl\/en\/#\/schema\/logo\/image\/\"}},{\"@type\":\"WebSite\",\"@id\":\"https:\/\/www.krakowfilmfestival.pl\/en\/#website\",\"url\":\"https:\/\/www.krakowfilmfestival.pl\/en\/\",\"name\":\"Krakow Film Festival\",\"description\":\"In Cracow since 1961\",\"publisher\":{\"@id\":\"https:\/\/www.krakowfilmfestival.pl\/en\/#organization\"},\"potentialAction\":[{\"@type\":\"SearchAction\",\"target\":{\"@type\":\"EntryPoint\",\"urlTemplate\":\"https:\/\/www.krakowfilmfestival.pl\/en\/?s={search_term_string}\"},\"query-input\":\"required name=search_term_string\"}],\"inLanguage\":\"en-US\"},{\"@type\":\"ImageObject\",\"inLanguage\":\"en-US\",\"@id\":\"https:\/\/www.krakowfilmfestival.pl\/en\/contact\/#primaryimage\",\"url\":\"https:\/\/www.krakowfilmfestival.pl\/wp-content\/uploads\/2022\/05\/img_98471.jpg\",\"contentUrl\":\"https:\/\/www.krakowfilmfestival.pl\/wp-content\/uploads\/2022\/05\/img_98471.jpg\",\"width\":1280,\"height\":853},{\"@type\":\"WebPage\",\"@id\":\"https:\/\/www.krakowfilmfestival.pl\/en\/contact\/#webpage\",\"url\":\"https:\/\/www.krakowfilmfestival.pl\/en\/contact\/\",\"name\":\"Contact - Krakow Film Festival\",\"isPartOf\":{\"@id\":\"https:\/\/www.krakowfilmfestival.pl\/en\/#website\"},\"primaryImageOfPage\":{\"@id\":\"https:\/\/www.krakowfilmfestival.pl\/en\/contact\/#primaryimage\"},\"datePublished\":\"2016-04-19T12:14:17+00:00\",\"dateModified\":\"2026-03-22T23:42:28+00:00\",\"breadcrumb\":{\"@id\":\"https:\/\/www.krakowfilmfestival.pl\/en\/contact\/#breadcrumb\"},\"inLanguage\":\"en-US\",\"potentialAction\":[{\"@type\":\"ReadAction\",\"target\":[\"https:\/\/www.krakowfilmfestival.pl\/en\/contact\/\"]}]},{\"@type\":\"BreadcrumbList\",\"@id\":\"https:\/\/www.krakowfilmfestival.pl\/en\/contact\/#breadcrumb\",\"itemListElement\":[{\"@type\":\"ListItem\",\"position\":1,\"name\":\"Strona g\u0142\u00f3wna\",\"item\":\"https:\/\/www.krakowfilmfestival.pl\/en\/\"},{\"@type\":\"ListItem\",\"position\":2,\"name\":\"Contact\"}]}]}<\/script>\n<!-- \/ Yoast SEO plugin. -->","yoast_head_json":{"title":"Contact - Krakow Film Festival","robots":{"index":"index","follow":"follow","max-snippet":"max-snippet:-1","max-image-preview":"max-image-preview:large","max-video-preview":"max-video-preview:-1"},"canonical":"https:\/\/www.krakowfilmfestival.pl\/en\/contact\/","og_locale":"en_US","og_type":"article","og_title":"Contact - Krakow Film Festival","og_description":"Festival office Officeul. Basztowa 15\/8, 31-143 Krak\u00f3wtel.\/fax: +48 12 294 69 45+48 601 768 887info@kff.com.pl Olga WerusSecretariatinfo@kff.com.pl For invoicing:Krakowska Fundacja Filmowaul. Basztowa 15\/8, 31-143 Krak\u00f3wNIP: 6762250313 Festival director Barbara Orlicz-Szczypu\u0142abarbara.orlicz@kff.com.pl Deputy director Patrycja Czarnypatrycja.czarny@kff.com.pl Artistic director Anita Piotrowskaanita.piotrowska@kff.com.pl Programme department Patrycja CzarnyNational competitionpatrycja.czarny@kff.com.pl Patrycja CzarnySelectionselekcja@kff.com.pl Anna WaszczukDoc competition &amp; DocsFilmMusicanna.waszczuk@kff.com.pl Bartek TesarzShort film competitionPrints &amp; [&hellip;]","og_url":"https:\/\/www.krakowfilmfestival.pl\/en\/contact\/","og_site_name":"Krakow Film Festival","article_publisher":"https:\/\/www.facebook.com\/krakowfilmfest\/","article_modified_time":"2026-03-22T23:42:28+00:00","og_image":[{"width":1280,"height":853,"url":"https:\/\/www.krakowfilmfestival.pl\/wp-content\/uploads\/2022\/05\/img_98471.jpg","type":"image\/jpeg"}],"twitter_card":"summary_large_image","twitter_site":"@krakowfilmfest","twitter_misc":{"Est. reading time":"2 minutes"},"schema":{"@context":"https:\/\/schema.org","@graph":[{"@type":"Organization","@id":"https:\/\/www.krakowfilmfestival.pl\/en\/#organization","name":"Krakowski Festiwal Filmowy","url":"https:\/\/www.krakowfilmfestival.pl\/en\/","sameAs":["https:\/\/www.instagram.com\/krakowfilmfestival\/","https:\/\/www.youtube.com\/user\/KrakowFilmFoundation","https:\/\/pl.wikipedia.org\/wiki\/Krakowski_Festiwal_Filmowy","https:\/\/www.facebook.com\/krakowfilmfest\/","https:\/\/twitter.com\/krakowfilmfest"],"logo":{"@type":"ImageObject","inLanguage":"en-US","@id":"https:\/\/www.krakowfilmfestival.pl\/en\/#\/schema\/logo\/image\/","url":"https:\/\/www.krakowfilmfestival.pl\/wp-content\/uploads\/2024\/03\/logokff_uniwersalne.jpg","contentUrl":"https:\/\/www.krakowfilmfestival.pl\/wp-content\/uploads\/2024\/03\/logokff_uniwersalne.jpg","width":1241,"height":699,"caption":"Krakowski Festiwal Filmowy"},"image":{"@id":"https:\/\/www.krakowfilmfestival.pl\/en\/#\/schema\/logo\/image\/"}},{"@type":"WebSite","@id":"https:\/\/www.krakowfilmfestival.pl\/en\/#website","url":"https:\/\/www.krakowfilmfestival.pl\/en\/","name":"Krakow Film Festival","description":"In Cracow since 1961","publisher":{"@id":"https:\/\/www.krakowfilmfestival.pl\/en\/#organization"},"potentialAction":[{"@type":"SearchAction","target":{"@type":"EntryPoint","urlTemplate":"https:\/\/www.krakowfilmfestival.pl\/en\/?s={search_term_string}"},"query-input":"required name=search_term_string"}],"inLanguage":"en-US"},{"@type":"ImageObject","inLanguage":"en-US","@id":"https:\/\/www.krakowfilmfestival.pl\/en\/contact\/#primaryimage","url":"https:\/\/www.krakowfilmfestival.pl\/wp-content\/uploads\/2022\/05\/img_98471.jpg","contentUrl":"https:\/\/www.krakowfilmfestival.pl\/wp-content\/uploads\/2022\/05\/img_98471.jpg","width":1280,"height":853},{"@type":"WebPage","@id":"https:\/\/www.krakowfilmfestival.pl\/en\/contact\/#webpage","url":"https:\/\/www.krakowfilmfestival.pl\/en\/contact\/","name":"Contact - Krakow Film Festival","isPartOf":{"@id":"https:\/\/www.krakowfilmfestival.pl\/en\/#website"},"primaryImageOfPage":{"@id":"https:\/\/www.krakowfilmfestival.pl\/en\/contact\/#primaryimage"},"datePublished":"2016-04-19T12:14:17+00:00","dateModified":"2026-03-22T23:42:28+00:00","breadcrumb":{"@id":"https:\/\/www.krakowfilmfestival.pl\/en\/contact\/#breadcrumb"},"inLanguage":"en-US","potentialAction":[{"@type":"ReadAction","target":["https:\/\/www.krakowfilmfestival.pl\/en\/contact\/"]}]},{"@type":"BreadcrumbList","@id":"https:\/\/www.krakowfilmfestival.pl\/en\/contact\/#breadcrumb","itemListElement":[{"@type":"ListItem","position":1,"name":"Strona g\u0142\u00f3wna","item":"https:\/\/www.krakowfilmfestival.pl\/en\/"},{"@type":"ListItem","position":2,"name":"Contact"}]}]}},"_links":{"self":[{"href":"https:\/\/www.krakowfilmfestival.pl\/en\/wp-json\/wp\/v2\/pages\/218"}],"collection":[{"href":"https:\/\/www.krakowfilmfestival.pl\/en\/wp-json\/wp\/v2\/pages"}],"about":[{"href":"https:\/\/www.krakowfilmfestival.pl\/en\/wp-json\/wp\/v2\/types\/page"}],"author":[{"embeddable":true,"href":"https:\/\/www.krakowfilmfestival.pl\/en\/wp-json\/wp\/v2\/users\/1"}],"replies":[{"embeddable":true,"href":"https:\/\/www.krakowfilmfestival.pl\/en\/wp-json\/wp\/v2\/comments?post=218"}],"version-history":[{"count":9,"href":"https:\/\/www.krakowfilmfestival.pl\/en\/wp-json\/wp\/v2\/pages\/218\/revisions"}],"predecessor-version":[{"id":73991,"href":"https:\/\/www.krakowfilmfestival.pl\/en\/wp-json\/wp\/v2\/pages\/218\/revisions\/73991"}],"wp:featuredmedia":[{"embeddable":true,"href":"https:\/\/www.krakowfilmfestival.pl\/en\/wp-json\/wp\/v2\/media\/40082"}],"wp:attachment":[{"href":"https:\/\/www.krakowfilmfestival.pl\/en\/wp-json\/wp\/v2\/media?parent=218"}],"curies":[{"name":"wp","href":"https:\/\/api.w.org\/{rel}","templated":true}]}}