{"id":22776,"date":"2020-06-01T21:34:01","date_gmt":"2020-06-01T19:34:01","guid":{"rendered":"https:\/\/www.krakowfilmfestival.pl\/?page_id=22776"},"modified":"2020-06-02T09:47:36","modified_gmt":"2020-06-02T07:47:36","slug":"qa-2nd-of-june","status":"publish","type":"page","link":"https:\/\/www.krakowfilmfestival.pl\/en\/60th-kff\/qa-meetings-with-filmmakers-and-film-protagonists\/qa-2nd-of-june\/","title":{"rendered":"Q&#038;A &#8211; 2nd of June"},"content":{"rendered":"\n<h5>Spotkania z tw\u00f3rcami 2 czerwca.<\/h5>\n\n\n\n<p><strong>tuesday 10.00 &#8211; 11.00 am<br><\/strong>Critical morning: Q&amp;A with the authors of &#8220;Ninosca&#8221; and &#8220;Higher Love&#8221;. The interview will be hosted by Artur Zaborski.<\/p>\n\n\n\n<p><a href=\"https:\/\/www.youtube.com\/embed\/W9cMTM5MMqY\"><img loading=\"lazy\" class=\"alignnone wp-image-22333 size-full\" src=\"https:\/\/www.krakowfilmfestival.pl\/wp-content\/uploads\/2020\/05\/buttony-1.png\" alt=\"\" width=\"300\" height=\"85\" data-headline=\"buttony3\" \/><\/a><\/p>\n\n\n\n<p><strong>tuesday 11.20 &#8211; 11.50 am<br><\/strong>Q&amp;A with the authors of &#8220;Millenium&#8221; and &#8220;Last Knights of The Right Sight&#8221;<\/p>\n\n\n\n<p><a href=\"https:\/\/www.youtube.com\/watch?v=9xjq8Fyj_CA#action=shareclass=%22not-stripe%22\"><img loading=\"lazy\" class=\"alignnone wp-image-22333 size-full\" src=\"https:\/\/www.krakowfilmfestival.pl\/wp-content\/uploads\/2020\/05\/buttony-1.png\" alt=\"\" data-headline=\"buttony2\" width=\"300\" height=\"85\"><\/a><\/p>\n\n\n\n<p><strong>tuesday 1.50 &#8211; 2.30 pm<\/strong><br>&nbsp;Q&amp;A with the author of &#8220;El Father Plays Himself&#8221;<\/p>\n\n\n\n<p><a href=\"https:\/\/www.youtube.com\/watch?v=YT_XxWMDcMg#action=share\"><img loading=\"lazy\" class=\"alignnone wp-image-22333 size-full\" src=\"https:\/\/www.krakowfilmfestival.pl\/wp-content\/uploads\/2020\/05\/buttony-1.png\" alt=\"\" data-headline=\"buttony2\" width=\"300\" height=\"85\"><\/a><\/p>\n\n\n\n<p><strong>tuesday 3.45 &#8211; 4.15 pm<br><\/strong>Q&amp;A with the authors of &#8220;Lushfulness&#8221;, &#8220;Last Days of Summer&#8221;, &#8220;Tell Me More&#8221; and &#8220;Sonny&#8221;<\/p>\n\n\n\n<p><a href=\"https:\/\/www.youtube.com\/watch?v=cdW-Id5wF5g#action=share\"><img loading=\"lazy\" class=\"alignnone wp-image-22333 size-full\" src=\"https:\/\/www.krakowfilmfestival.pl\/wp-content\/uploads\/2020\/05\/buttony-1.png\" alt=\"\" data-headline=\"buttony2\" width=\"300\" height=\"85\"><\/a><\/p>\n\n\n\n<p><strong>tuesday 5.50 &#8211; 6.20 pm<br><\/strong>Q&amp;A with the authors of &#8220;An Ordinary Country&#8221; and &#8220;Altered States of Consciousness&#8221;<\/p>\n\n\n\n<p><a href=\"https:\/\/www.youtube.com\/watch?v=J93l4JXBMpk#action=share\"><img loading=\"lazy\" class=\"alignnone wp-image-22333 size-full\" src=\"https:\/\/www.krakowfilmfestival.pl\/wp-content\/uploads\/2020\/05\/buttony-1.png\" alt=\"\" data-headline=\"buttony2\" width=\"300\" height=\"85\"><\/a><\/p>\n\n\n\n<p><strong>tuesday 9.55 &#8211; 10.25 pm<\/strong><br>Q&amp;A with the authors of &#8220;Plantarium&#8221;, &#8220;Alice and the Frog&#8221;, &#8220;I Need the Handshakes&#8221;, &#8220;Problem&#8221;, &#8220;backstage.episodes&#8221; i &#8220;Dad You&#8217;ve Never Had&#8221;<\/p>\n\n\n\n<p><a href=\"https:\/\/www.youtube.com\/watch?v=LdEiKgTJqVg#action=share\"><img loading=\"lazy\" class=\"alignnone wp-image-22333 size-full\" src=\"https:\/\/www.krakowfilmfestival.pl\/wp-content\/uploads\/2020\/05\/buttony-1.png\" alt=\"\" data-headline=\"buttony2\" width=\"300\" height=\"85\"><\/a><\/p>\n\n\n\n<h5>Wydarzenia specjalne<\/h5>\n\n\n\n<p><strong>tuesday 7:00 &#8211; 7:25 pm<br><\/strong><a href=\"https:\/\/www.youtube.com\/watch?v=rHAMNp5xQRs&amp;feature=youtu.be\">An evening devoted to P\u00e9ter Forg\u00e1cs<\/a>, a laureate of the Dragon of Dragons.<br>Please, join us for the evening devoted to P\u00e9ter Forg\u00e1cs, a laureate of the Dragon of Dragons, recognised for his contribution to the development of international documentary cinema. The eulogy will be delivered by the President of the Programme Council of the Krakow Film Foundation, Professor Tadeusz Lubelski.<\/p>\n\n\n\n<p><strong>tuesday 7.30 &#8211; 8.30 pm<br><\/strong>Tygodnik Powszechny <a href=\"https:\/\/www.youtube.com\/embed\/nEzfptPUiwI\">debate after the screening of &#8221; The Self Portrait&#8221;<\/a><br>Can photography esthetise pain and numb our conscience? Or, maybe, thanks to photographs, we are able to develop sympathy for unknown people in faraway countries? Why do we need to look at someone else\u2019s pain? Joanna Pawlik, a visual artist, and Cezary \u017bechowski, a psychiatrist and a psychotherapist, will take part in the \u2018Tygodnik Powszechny\u2019 debate on the documentary \u2018Self-Portrait\u2019, dir. by Margreth Olin, Katji Hogset and Espena Wallina, which will be moderated by Monika Och\u0119dowska and Marta Filipiuk-Michniewicz. <\/p>\n","protected":false},"excerpt":{"rendered":"","protected":false},"author":15,"featured_media":18271,"parent":22312,"menu_order":372,"comment_status":"closed","ping_status":"closed","template":"","meta":[],"acf":[],"yoast_head":"<!-- This site is optimized with the Yoast SEO plugin v18.9 - https:\/\/yoast.com\/wordpress\/plugins\/seo\/ -->\n<title>Q&amp;A - 2nd of June - Krakow Film Festival<\/title>\n<meta name=\"robots\" content=\"index, follow, max-snippet:-1, max-image-preview:large, max-video-preview:-1\" \/>\n<link rel=\"canonical\" href=\"https:\/\/www.krakowfilmfestival.pl\/en\/60th-kff\/qa-meetings-with-filmmakers-and-film-protagonists\/qa-2nd-of-june\/\" \/>\n<meta property=\"og:locale\" content=\"en_US\" \/>\n<meta property=\"og:type\" content=\"article\" \/>\n<meta property=\"og:title\" content=\"Q&amp;A - 2nd of June - Krakow Film Festival\" \/>\n<meta property=\"og:url\" content=\"https:\/\/www.krakowfilmfestival.pl\/en\/60th-kff\/qa-meetings-with-filmmakers-and-film-protagonists\/qa-2nd-of-june\/\" \/>\n<meta property=\"og:site_name\" content=\"Krakow Film Festival\" \/>\n<meta property=\"article:publisher\" content=\"https:\/\/www.facebook.com\/krakowfilmfest\/\" \/>\n<meta property=\"article:modified_time\" content=\"2020-06-02T07:47:36+00:00\" \/>\n<meta property=\"og:image\" content=\"https:\/\/www.krakowfilmfestival.pl\/wp-content\/uploads\/2020\/04\/odmienne-stany-swiadomosci_altered-states-of-consciousness-rez-piotr-stasik1-.jpg\" \/>\n\t<meta property=\"og:image:width\" content=\"1920\" \/>\n\t<meta property=\"og:image:height\" content=\"1080\" \/>\n\t<meta property=\"og:image:type\" content=\"image\/jpeg\" \/>\n<meta name=\"twitter:card\" content=\"summary_large_image\" \/>\n<meta name=\"twitter:site\" content=\"@krakowfilmfest\" \/>\n<meta name=\"twitter:label1\" content=\"Est. reading time\" \/>\n\t<meta name=\"twitter:data1\" content=\"1 minute\" \/>\n<script type=\"application\/ld+json\" class=\"yoast-schema-graph\">{\"@context\":\"https:\/\/schema.org\",\"@graph\":[{\"@type\":\"Organization\",\"@id\":\"https:\/\/www.krakowfilmfestival.pl\/en\/#organization\",\"name\":\"Krakowski Festiwal Filmowy\",\"url\":\"https:\/\/www.krakowfilmfestival.pl\/en\/\",\"sameAs\":[\"https:\/\/www.instagram.com\/krakowfilmfestival\/\",\"https:\/\/www.youtube.com\/user\/KrakowFilmFoundation\",\"https:\/\/pl.wikipedia.org\/wiki\/Krakowski_Festiwal_Filmowy\",\"https:\/\/www.facebook.com\/krakowfilmfest\/\",\"https:\/\/twitter.com\/krakowfilmfest\"],\"logo\":{\"@type\":\"ImageObject\",\"inLanguage\":\"en-US\",\"@id\":\"https:\/\/www.krakowfilmfestival.pl\/en\/#\/schema\/logo\/image\/\",\"url\":\"https:\/\/www.krakowfilmfestival.pl\/wp-content\/uploads\/2024\/03\/logokff_uniwersalne.jpg\",\"contentUrl\":\"https:\/\/www.krakowfilmfestival.pl\/wp-content\/uploads\/2024\/03\/logokff_uniwersalne.jpg\",\"width\":1241,\"height\":699,\"caption\":\"Krakowski Festiwal Filmowy\"},\"image\":{\"@id\":\"https:\/\/www.krakowfilmfestival.pl\/en\/#\/schema\/logo\/image\/\"}},{\"@type\":\"WebSite\",\"@id\":\"https:\/\/www.krakowfilmfestival.pl\/en\/#website\",\"url\":\"https:\/\/www.krakowfilmfestival.pl\/en\/\",\"name\":\"Krakow Film Festival\",\"description\":\"In Cracow since 1961\",\"publisher\":{\"@id\":\"https:\/\/www.krakowfilmfestival.pl\/en\/#organization\"},\"potentialAction\":[{\"@type\":\"SearchAction\",\"target\":{\"@type\":\"EntryPoint\",\"urlTemplate\":\"https:\/\/www.krakowfilmfestival.pl\/en\/?s={search_term_string}\"},\"query-input\":\"required name=search_term_string\"}],\"inLanguage\":\"en-US\"},{\"@type\":\"ImageObject\",\"inLanguage\":\"en-US\",\"@id\":\"https:\/\/www.krakowfilmfestival.pl\/en\/60th-kff\/qa-meetings-with-filmmakers-and-film-protagonists\/qa-2nd-of-june\/#primaryimage\",\"url\":\"https:\/\/www.krakowfilmfestival.pl\/wp-content\/uploads\/2020\/04\/odmienne-stany-swiadomosci_altered-states-of-consciousness-rez-piotr-stasik1-.jpg\",\"contentUrl\":\"https:\/\/www.krakowfilmfestival.pl\/wp-content\/uploads\/2020\/04\/odmienne-stany-swiadomosci_altered-states-of-consciousness-rez-piotr-stasik1-.jpg\",\"width\":1920,\"height\":1080,\"caption\":\"Odmienne stany \u015bwiadomo\u015bci, re\u017c. Piotr Stasik\"},{\"@type\":\"WebPage\",\"@id\":\"https:\/\/www.krakowfilmfestival.pl\/en\/60th-kff\/qa-meetings-with-filmmakers-and-film-protagonists\/qa-2nd-of-june\/#webpage\",\"url\":\"https:\/\/www.krakowfilmfestival.pl\/en\/60th-kff\/qa-meetings-with-filmmakers-and-film-protagonists\/qa-2nd-of-june\/\",\"name\":\"Q&A - 2nd of June - Krakow Film Festival\",\"isPartOf\":{\"@id\":\"https:\/\/www.krakowfilmfestival.pl\/en\/#website\"},\"primaryImageOfPage\":{\"@id\":\"https:\/\/www.krakowfilmfestival.pl\/en\/60th-kff\/qa-meetings-with-filmmakers-and-film-protagonists\/qa-2nd-of-june\/#primaryimage\"},\"datePublished\":\"2020-06-01T19:34:01+00:00\",\"dateModified\":\"2020-06-02T07:47:36+00:00\",\"breadcrumb\":{\"@id\":\"https:\/\/www.krakowfilmfestival.pl\/en\/60th-kff\/qa-meetings-with-filmmakers-and-film-protagonists\/qa-2nd-of-june\/#breadcrumb\"},\"inLanguage\":\"en-US\",\"potentialAction\":[{\"@type\":\"ReadAction\",\"target\":[\"https:\/\/www.krakowfilmfestival.pl\/en\/60th-kff\/qa-meetings-with-filmmakers-and-film-protagonists\/qa-2nd-of-june\/\"]}]},{\"@type\":\"BreadcrumbList\",\"@id\":\"https:\/\/www.krakowfilmfestival.pl\/en\/60th-kff\/qa-meetings-with-filmmakers-and-film-protagonists\/qa-2nd-of-june\/#breadcrumb\",\"itemListElement\":[{\"@type\":\"ListItem\",\"position\":1,\"name\":\"Strona g\u0142\u00f3wna\",\"item\":\"https:\/\/www.krakowfilmfestival.pl\/en\/\"},{\"@type\":\"ListItem\",\"position\":2,\"name\":\"60th KFF\",\"item\":\"https:\/\/www.krakowfilmfestival.pl\/en\/60th-kff\/\"},{\"@type\":\"ListItem\",\"position\":3,\"name\":\"Q&#038;A &#8211; Meetings with filmmakers and film protagonists\",\"item\":\"https:\/\/www.krakowfilmfestival.pl\/en\/60th-kff\/qa-meetings-with-filmmakers-and-film-protagonists\/\"},{\"@type\":\"ListItem\",\"position\":4,\"name\":\"Q&#038;A &#8211; 2nd of June\"}]}]}<\/script>\n<!-- \/ Yoast SEO plugin. -->","yoast_head_json":{"title":"Q&A - 2nd of June - Krakow Film Festival","robots":{"index":"index","follow":"follow","max-snippet":"max-snippet:-1","max-image-preview":"max-image-preview:large","max-video-preview":"max-video-preview:-1"},"canonical":"https:\/\/www.krakowfilmfestival.pl\/en\/60th-kff\/qa-meetings-with-filmmakers-and-film-protagonists\/qa-2nd-of-june\/","og_locale":"en_US","og_type":"article","og_title":"Q&A - 2nd of June - Krakow Film Festival","og_url":"https:\/\/www.krakowfilmfestival.pl\/en\/60th-kff\/qa-meetings-with-filmmakers-and-film-protagonists\/qa-2nd-of-june\/","og_site_name":"Krakow Film Festival","article_publisher":"https:\/\/www.facebook.com\/krakowfilmfest\/","article_modified_time":"2020-06-02T07:47:36+00:00","og_image":[{"width":1920,"height":1080,"url":"https:\/\/www.krakowfilmfestival.pl\/wp-content\/uploads\/2020\/04\/odmienne-stany-swiadomosci_altered-states-of-consciousness-rez-piotr-stasik1-.jpg","type":"image\/jpeg"}],"twitter_card":"summary_large_image","twitter_site":"@krakowfilmfest","twitter_misc":{"Est. reading time":"1 minute"},"schema":{"@context":"https:\/\/schema.org","@graph":[{"@type":"Organization","@id":"https:\/\/www.krakowfilmfestival.pl\/en\/#organization","name":"Krakowski Festiwal Filmowy","url":"https:\/\/www.krakowfilmfestival.pl\/en\/","sameAs":["https:\/\/www.instagram.com\/krakowfilmfestival\/","https:\/\/www.youtube.com\/user\/KrakowFilmFoundation","https:\/\/pl.wikipedia.org\/wiki\/Krakowski_Festiwal_Filmowy","https:\/\/www.facebook.com\/krakowfilmfest\/","https:\/\/twitter.com\/krakowfilmfest"],"logo":{"@type":"ImageObject","inLanguage":"en-US","@id":"https:\/\/www.krakowfilmfestival.pl\/en\/#\/schema\/logo\/image\/","url":"https:\/\/www.krakowfilmfestival.pl\/wp-content\/uploads\/2024\/03\/logokff_uniwersalne.jpg","contentUrl":"https:\/\/www.krakowfilmfestival.pl\/wp-content\/uploads\/2024\/03\/logokff_uniwersalne.jpg","width":1241,"height":699,"caption":"Krakowski Festiwal Filmowy"},"image":{"@id":"https:\/\/www.krakowfilmfestival.pl\/en\/#\/schema\/logo\/image\/"}},{"@type":"WebSite","@id":"https:\/\/www.krakowfilmfestival.pl\/en\/#website","url":"https:\/\/www.krakowfilmfestival.pl\/en\/","name":"Krakow Film Festival","description":"In Cracow since 1961","publisher":{"@id":"https:\/\/www.krakowfilmfestival.pl\/en\/#organization"},"potentialAction":[{"@type":"SearchAction","target":{"@type":"EntryPoint","urlTemplate":"https:\/\/www.krakowfilmfestival.pl\/en\/?s={search_term_string}"},"query-input":"required name=search_term_string"}],"inLanguage":"en-US"},{"@type":"ImageObject","inLanguage":"en-US","@id":"https:\/\/www.krakowfilmfestival.pl\/en\/60th-kff\/qa-meetings-with-filmmakers-and-film-protagonists\/qa-2nd-of-june\/#primaryimage","url":"https:\/\/www.krakowfilmfestival.pl\/wp-content\/uploads\/2020\/04\/odmienne-stany-swiadomosci_altered-states-of-consciousness-rez-piotr-stasik1-.jpg","contentUrl":"https:\/\/www.krakowfilmfestival.pl\/wp-content\/uploads\/2020\/04\/odmienne-stany-swiadomosci_altered-states-of-consciousness-rez-piotr-stasik1-.jpg","width":1920,"height":1080,"caption":"Odmienne stany \u015bwiadomo\u015bci, re\u017c. Piotr Stasik"},{"@type":"WebPage","@id":"https:\/\/www.krakowfilmfestival.pl\/en\/60th-kff\/qa-meetings-with-filmmakers-and-film-protagonists\/qa-2nd-of-june\/#webpage","url":"https:\/\/www.krakowfilmfestival.pl\/en\/60th-kff\/qa-meetings-with-filmmakers-and-film-protagonists\/qa-2nd-of-june\/","name":"Q&A - 2nd of June - Krakow Film Festival","isPartOf":{"@id":"https:\/\/www.krakowfilmfestival.pl\/en\/#website"},"primaryImageOfPage":{"@id":"https:\/\/www.krakowfilmfestival.pl\/en\/60th-kff\/qa-meetings-with-filmmakers-and-film-protagonists\/qa-2nd-of-june\/#primaryimage"},"datePublished":"2020-06-01T19:34:01+00:00","dateModified":"2020-06-02T07:47:36+00:00","breadcrumb":{"@id":"https:\/\/www.krakowfilmfestival.pl\/en\/60th-kff\/qa-meetings-with-filmmakers-and-film-protagonists\/qa-2nd-of-june\/#breadcrumb"},"inLanguage":"en-US","potentialAction":[{"@type":"ReadAction","target":["https:\/\/www.krakowfilmfestival.pl\/en\/60th-kff\/qa-meetings-with-filmmakers-and-film-protagonists\/qa-2nd-of-june\/"]}]},{"@type":"BreadcrumbList","@id":"https:\/\/www.krakowfilmfestival.pl\/en\/60th-kff\/qa-meetings-with-filmmakers-and-film-protagonists\/qa-2nd-of-june\/#breadcrumb","itemListElement":[{"@type":"ListItem","position":1,"name":"Strona g\u0142\u00f3wna","item":"https:\/\/www.krakowfilmfestival.pl\/en\/"},{"@type":"ListItem","position":2,"name":"60th KFF","item":"https:\/\/www.krakowfilmfestival.pl\/en\/60th-kff\/"},{"@type":"ListItem","position":3,"name":"Q&#038;A &#8211; Meetings with filmmakers and film protagonists","item":"https:\/\/www.krakowfilmfestival.pl\/en\/60th-kff\/qa-meetings-with-filmmakers-and-film-protagonists\/"},{"@type":"ListItem","position":4,"name":"Q&#038;A &#8211; 2nd of June"}]}]}},"_links":{"self":[{"href":"https:\/\/www.krakowfilmfestival.pl\/en\/wp-json\/wp\/v2\/pages\/22776"}],"collection":[{"href":"https:\/\/www.krakowfilmfestival.pl\/en\/wp-json\/wp\/v2\/pages"}],"about":[{"href":"https:\/\/www.krakowfilmfestival.pl\/en\/wp-json\/wp\/v2\/types\/page"}],"author":[{"embeddable":true,"href":"https:\/\/www.krakowfilmfestival.pl\/en\/wp-json\/wp\/v2\/users\/15"}],"replies":[{"embeddable":true,"href":"https:\/\/www.krakowfilmfestival.pl\/en\/wp-json\/wp\/v2\/comments?post=22776"}],"version-history":[{"count":8,"href":"https:\/\/www.krakowfilmfestival.pl\/en\/wp-json\/wp\/v2\/pages\/22776\/revisions"}],"predecessor-version":[{"id":23045,"href":"https:\/\/www.krakowfilmfestival.pl\/en\/wp-json\/wp\/v2\/pages\/22776\/revisions\/23045"}],"up":[{"embeddable":true,"href":"https:\/\/www.krakowfilmfestival.pl\/en\/wp-json\/wp\/v2\/pages\/22312"}],"wp:featuredmedia":[{"embeddable":true,"href":"https:\/\/www.krakowfilmfestival.pl\/en\/wp-json\/wp\/v2\/media\/18271"}],"wp:attachment":[{"href":"https:\/\/www.krakowfilmfestival.pl\/en\/wp-json\/wp\/v2\/media?parent=22776"}],"curies":[{"name":"wp","href":"https:\/\/api.w.org\/{rel}","templated":true}]}}