{"id":23361,"date":"2020-06-06T10:00:00","date_gmt":"2020-06-06T08:00:00","guid":{"rendered":"https:\/\/www.krakowfilmfestival.pl\/?page_id=23361"},"modified":"2020-06-08T00:21:31","modified_gmt":"2020-06-07T22:21:31","slug":"festival-newspaper-day-6-2","status":"publish","type":"page","link":"https:\/\/www.krakowfilmfestival.pl\/en\/60th-kff\/festival-newspaper-2020\/festival-newspaper-day-6-2\/","title":{"rendered":"Festival Newspaper \u2013 Day 7"},"content":{"rendered":"\n<h2>The first awards of the 60th KFF<\/h2>\n\n\n\n<p>Last night the first awards of 60th Krakow Film Festival were granted. Krzysztof Gierat, Festival director and Barbara Orlicz-Szczypu\u0142a, Head of Programme Department hosted the first part of the Industry Gala and announced the winners of the non-statutory awards and special mentions. The second part of the Gala was hosted by Katarzyna Wilk, Head of KFF Industry from our studio in Krak\u00f3w and Adam \u015alesicki &amp; Katarzyna \u015alesicka, DOC LAB POLAND directors, from Warsaw. They announced winners of the pitching sessions.<\/p>\n\n\n\n<figure class=\"wp-block-embed-youtube wp-block-embed is-type-video is-provider-youtube wp-embed-aspect-16-9 wp-has-aspect-ratio\"><div class=\"wp-block-embed__wrapper\">\n<iframe loading=\"lazy\" title=\"GALA INDUSTRY\" width=\"500\" height=\"281\" src=\"https:\/\/www.youtube.com\/embed\/UYYgnll4x0A?feature=oembed\" frameborder=\"0\" allow=\"accelerometer; autoplay; clipboard-write; encrypted-media; gyroscope; picture-in-picture; web-share\" referrerpolicy=\"strict-origin-when-cross-origin\" allowfullscreen><\/iframe>\n<\/div><\/figure>\n\n\n\n<h4><br><strong>Tue Steen M\u00fcller<\/strong><\/h4>\n\n\n\n<h2><strong>Awards. Many possibilities<\/strong><\/h2>\n\n\n\n<p>I don\u2019t envy the jurors. Wrong: I <i>do<\/i> envy the jurors of the International Documentary Competition of the 60th (online) edition of the Krakow Film Festival. The latter because there according to me are many excellent films to choose from, and if the jury members think the same, I hope they have had good discussions and a lot of joy. Which unfortunately is not that easy via online as if you sit around a table with coffee and cigarettes and maybe a vodka! But you can still shout \u2013 and laugh \u2013 and disagree and agree from your small zoom window.<\/p>\n<p><b>My candidates<\/b><\/p>\n<p><a href=\"https:\/\/www.krakowfilmfestival.pl\/en\/online-cinema\/film\/3150\/\">Acasa, My Home<\/a> by Radu Ciorniciuc because it is a strong humanistic touching story about a family that does not want to act according to the rules of the society. At the same time as it does not glorify the Roma family and its members, on the contrary the film gives space for the existing frictions and conflicts between the generations and the oldest brothers. D\u00e9j\u00e0 vu?<\/p>\n<p>The Norwegian <a href=\"https:\/\/www.krakowfilmfestival.pl\/en\/online-cinema\/film\/3142\/\">The Self Portrait<\/a> by Margreth Olin, Katja Hogset, Espen Wallin is extra-ordinary and multi-layered, the question is whether there is too much anorexia and too little photography or the other way around. Too sentimental?<\/p>\n\n\n\n<figure class=\"wp-block-gallery columns-2 is-cropped\"><ul class=\"blocks-gallery-grid\"><li class=\"blocks-gallery-item\"><figure><img loading=\"lazy\" width=\"1920\" height=\"1080\" src=\"https:\/\/www.krakowfilmfestival.pl\/wp-content\/uploads\/2020\/04\/odmienne-stany-swiadomosci_altered-states-of-consciousness-rez-piotr-stasik1-.jpg\" alt=\"\" data-id=\"18271\" data-full-url=\"https:\/\/www.krakowfilmfestival.pl\/wp-content\/uploads\/2020\/04\/odmienne-stany-swiadomosci_altered-states-of-consciousness-rez-piotr-stasik1-.jpg\" data-link=\"https:\/\/www.krakowfilmfestival.pl\/en\/online-polish-films-in-the-programme-of-the-60th-krakow-film-festival\/odmienne-stany-swiadomosci_altered-states-of-consciousness-rez-piotr-stasik1\/\" class=\"wp-image-18271\" srcset=\"https:\/\/www.krakowfilmfestival.pl\/wp-content\/uploads\/2020\/04\/odmienne-stany-swiadomosci_altered-states-of-consciousness-rez-piotr-stasik1-.jpg 1920w, https:\/\/www.krakowfilmfestival.pl\/wp-content\/uploads\/2020\/04\/odmienne-stany-swiadomosci_altered-states-of-consciousness-rez-piotr-stasik1--492x277.jpg 492w, https:\/\/www.krakowfilmfestival.pl\/wp-content\/uploads\/2020\/04\/odmienne-stany-swiadomosci_altered-states-of-consciousness-rez-piotr-stasik1--729x410.jpg 729w, https:\/\/www.krakowfilmfestival.pl\/wp-content\/uploads\/2020\/04\/odmienne-stany-swiadomosci_altered-states-of-consciousness-rez-piotr-stasik1--1536x864.jpg 1536w\" sizes=\"(max-width: 1920px) 100vw, 1920px\" \/><figcaption class=\"blocks-gallery-item__caption\">Altered States of Consciousness, dir. Piotr Stasik<\/figcaption><\/figure><\/li><li class=\"blocks-gallery-item\"><figure><img loading=\"lazy\" width=\"1920\" height=\"1282\" src=\"https:\/\/www.krakowfilmfestival.pl\/wp-content\/uploads\/2020\/04\/gorzka-milosc-bitter-love-rez--jerzy-sladkowski1_mini.jpg\" alt=\"Bitter Love, dir. Jerzy \u015aladkowski\" data-id=\"17887\" data-full-url=\"https:\/\/www.krakowfilmfestival.pl\/wp-content\/uploads\/2020\/04\/gorzka-milosc-bitter-love-rez--jerzy-sladkowski1_mini.jpg\" data-link=\"https:\/\/www.krakowfilmfestival.pl\/en\/film-house-of-travel\/gorzka-milosc-bitter-love-rez-jerzy-sladkowski1_mini-2\/\" class=\"wp-image-17887\" srcset=\"https:\/\/www.krakowfilmfestival.pl\/wp-content\/uploads\/2020\/04\/gorzka-milosc-bitter-love-rez--jerzy-sladkowski1_mini.jpg 1920w, https:\/\/www.krakowfilmfestival.pl\/wp-content\/uploads\/2020\/04\/gorzka-milosc-bitter-love-rez--jerzy-sladkowski1_mini-729x487.jpg 729w, https:\/\/www.krakowfilmfestival.pl\/wp-content\/uploads\/2020\/04\/gorzka-milosc-bitter-love-rez--jerzy-sladkowski1_mini-1536x1026.jpg 1536w\" sizes=\"(max-width: 1920px) 100vw, 1920px\" \/><figcaption class=\"blocks-gallery-item__caption\">Bitter Love, dir. Jerzy \u015aladkowski<\/figcaption><\/figure><\/li><\/ul><\/figure>\n\n\n\n<p><a href=\"https:\/\/www.krakowfilmfestival.pl\/en\/online-cinema\/film\/3143\/\">Sunless Shadows<\/a> by Iranian Mehrdad Oskouei is secure in style and gentle intimate storytelling, and thematically it is amazing how close the director comes to the women at the institution letting also their jolly relationship to each other come through.<\/p>\n<p>BUT BUT if I was to appoint two winners, one would be <a href=\"https:\/\/www.krakowfilmfestival.pl\/en\/online-cinema\/film\/3182\/\">Altered States of Consciousness<\/a> by Polish Piotr Stasik. It is perfectly put together, going from one child to another, and going deep with them in the small almost whispered conversations the director has with them. The kids are given the floor, there are no experts to interpret what and why they suffer. It is tense in its minimalism.<\/p>\n<p>The other is <a href=\"https:\/\/www.krakowfilmfestival.pl\/en\/online-cinema\/film\/3182\/\">Altered States of Consciousness<\/a> by Jerzy \u015aladkowski, Polish\/Swedish, a director from my generation making a film about <i>our<\/i> generation, well not only, but primarily; did we get the love we deserve, are we still looking for the one and only, will we succeed? \u015aladkowski has found a melancholic tone <i>and<\/i>, whether they are staged or not, does not matter, they are truthful, let many scenes unfold with humour \u2013 and the camera work is handled by one of my favourites, Wojciech Staro\u0144, with love and sensibility, finding the core moments or creating them.<\/p>\n<p>Voil\u00e0, curious to see what the jury comes up with. And the true winner is of course the Krakow Film Festival that again has treated its audience with competence and respect for the documentary as an art form.<span class=\"Apple-converted-space\">\u00a0 \u00a0<\/span><\/p>\n<h6>TUE STEEN M\u00dcLLER \u2013 worldwide freelance consultant and teacher in documentary matters, the first director of the European Documentary Network (1996-2005), and the co-author of the filmkommentaren.dk blog devoted to documentary films.<\/h6>\n<p>\u00a0<\/p>\n\n\n\n<h2>Journalists ranking<\/h2>\n\n\n\n<figure class=\"wp-block-image size-large\"><img src=\"https:\/\/www.krakowfilmfestival.pl\/wp-content\/uploads\/2020\/06\/tabelka_6-scaled.jpg\" alt=\"\" class=\"wp-image-23722\"\/><\/figure>\n\n\n\n<figure class=\"wp-block-image size-large\"><img loading=\"lazy\" width=\"1920\" height=\"441\" src=\"https:\/\/www.krakowfilmfestival.pl\/wp-content\/uploads\/2020\/06\/gazeta_festiwalowa_2020_pasek_logo-1920x441.jpeg\" alt=\"\" class=\"wp-image-22973\" srcset=\"https:\/\/www.krakowfilmfestival.pl\/wp-content\/uploads\/2020\/06\/gazeta_festiwalowa_2020_pasek_logo-1920x441.jpeg 1920w, https:\/\/www.krakowfilmfestival.pl\/wp-content\/uploads\/2020\/06\/gazeta_festiwalowa_2020_pasek_logo-729x168.jpeg 729w, https:\/\/www.krakowfilmfestival.pl\/wp-content\/uploads\/2020\/06\/gazeta_festiwalowa_2020_pasek_logo-1536x353.jpeg 1536w, https:\/\/www.krakowfilmfestival.pl\/wp-content\/uploads\/2020\/06\/gazeta_festiwalowa_2020_pasek_logo-2048x471.jpeg 2048w\" sizes=\"(max-width: 1920px) 100vw, 1920px\" \/><\/figure>\n","protected":false},"excerpt":{"rendered":"<p>The first awards of the 60th KFF Last night the first awards of 60th Krakow Film Festival were granted. Krzysztof Gierat, Festival director and Barbara Orlicz-Szczypu\u0142a, Head of Programme Department hosted the first part of the Industry Gala and announced the winners of the non-statutory awards and special mentions. The second part of the Gala [&hellip;]<\/p>\n","protected":false},"author":2,"featured_media":17881,"parent":22687,"menu_order":271,"comment_status":"closed","ping_status":"closed","template":"","meta":[],"acf":[],"yoast_head":"<!-- This site is optimized with the Yoast SEO plugin v18.9 - https:\/\/yoast.com\/wordpress\/plugins\/seo\/ -->\n<title>Festival Newspaper \u2013 Day 7 - Krakow Film Festival<\/title>\n<meta name=\"robots\" content=\"index, follow, max-snippet:-1, max-image-preview:large, max-video-preview:-1\" \/>\n<link rel=\"canonical\" href=\"https:\/\/www.krakowfilmfestival.pl\/en\/60th-kff\/festival-newspaper-2020\/festival-newspaper-day-6-2\/\" \/>\n<meta property=\"og:locale\" content=\"en_US\" \/>\n<meta property=\"og:type\" content=\"article\" \/>\n<meta property=\"og:title\" content=\"Festival Newspaper \u2013 Day 7 - Krakow Film Festival\" \/>\n<meta property=\"og:description\" content=\"The first awards of the 60th KFF Last night the first awards of 60th Krakow Film Festival were granted. Krzysztof Gierat, Festival director and Barbara Orlicz-Szczypu\u0142a, Head of Programme Department hosted the first part of the Industry Gala and announced the winners of the non-statutory awards and special mentions. The second part of the Gala [&hellip;]\" \/>\n<meta property=\"og:url\" content=\"https:\/\/www.krakowfilmfestival.pl\/en\/60th-kff\/festival-newspaper-2020\/festival-newspaper-day-6-2\/\" \/>\n<meta property=\"og:site_name\" content=\"Krakow Film Festival\" \/>\n<meta property=\"article:publisher\" content=\"https:\/\/www.facebook.com\/krakowfilmfest\/\" \/>\n<meta property=\"article:modified_time\" content=\"2020-06-07T22:21:31+00:00\" \/>\n<meta property=\"og:image\" content=\"https:\/\/www.krakowfilmfestival.pl\/wp-content\/uploads\/2020\/05\/co-ma-nadejsc-jest-zaledwie-obietnica_that-which-is-to-come-is-just-a-promise-rez--anna-maria-martena_mini.jpg\" \/>\n<meta name=\"twitter:card\" content=\"summary_large_image\" \/>\n<meta name=\"twitter:site\" content=\"@krakowfilmfest\" \/>\n<meta name=\"twitter:label1\" content=\"Est. reading time\" \/>\n\t<meta name=\"twitter:data1\" content=\"3 minutes\" \/>\n<script type=\"application\/ld+json\" class=\"yoast-schema-graph\">{\"@context\":\"https:\/\/schema.org\",\"@graph\":[{\"@type\":\"Organization\",\"@id\":\"https:\/\/www.krakowfilmfestival.pl\/en\/#organization\",\"name\":\"Krakowski Festiwal Filmowy\",\"url\":\"https:\/\/www.krakowfilmfestival.pl\/en\/\",\"sameAs\":[\"https:\/\/www.instagram.com\/krakowfilmfestival\/\",\"https:\/\/www.youtube.com\/user\/KrakowFilmFoundation\",\"https:\/\/pl.wikipedia.org\/wiki\/Krakowski_Festiwal_Filmowy\",\"https:\/\/www.facebook.com\/krakowfilmfest\/\",\"https:\/\/twitter.com\/krakowfilmfest\"],\"logo\":{\"@type\":\"ImageObject\",\"inLanguage\":\"en-US\",\"@id\":\"https:\/\/www.krakowfilmfestival.pl\/en\/#\/schema\/logo\/image\/\",\"url\":\"https:\/\/www.krakowfilmfestival.pl\/wp-content\/uploads\/2024\/03\/logokff_uniwersalne.jpg\",\"contentUrl\":\"https:\/\/www.krakowfilmfestival.pl\/wp-content\/uploads\/2024\/03\/logokff_uniwersalne.jpg\",\"width\":1241,\"height\":699,\"caption\":\"Krakowski Festiwal Filmowy\"},\"image\":{\"@id\":\"https:\/\/www.krakowfilmfestival.pl\/en\/#\/schema\/logo\/image\/\"}},{\"@type\":\"WebSite\",\"@id\":\"https:\/\/www.krakowfilmfestival.pl\/en\/#website\",\"url\":\"https:\/\/www.krakowfilmfestival.pl\/en\/\",\"name\":\"Krakow Film Festival\",\"description\":\"In Cracow since 1961\",\"publisher\":{\"@id\":\"https:\/\/www.krakowfilmfestival.pl\/en\/#organization\"},\"potentialAction\":[{\"@type\":\"SearchAction\",\"target\":{\"@type\":\"EntryPoint\",\"urlTemplate\":\"https:\/\/www.krakowfilmfestival.pl\/en\/?s={search_term_string}\"},\"query-input\":\"required name=search_term_string\"}],\"inLanguage\":\"en-US\"},{\"@type\":\"ImageObject\",\"inLanguage\":\"en-US\",\"@id\":\"https:\/\/www.krakowfilmfestival.pl\/en\/60th-kff\/festival-newspaper-2020\/festival-newspaper-day-6-2\/#primaryimage\",\"url\":\"\",\"contentUrl\":\"\"},{\"@type\":\"WebPage\",\"@id\":\"https:\/\/www.krakowfilmfestival.pl\/en\/60th-kff\/festival-newspaper-2020\/festival-newspaper-day-6-2\/#webpage\",\"url\":\"https:\/\/www.krakowfilmfestival.pl\/en\/60th-kff\/festival-newspaper-2020\/festival-newspaper-day-6-2\/\",\"name\":\"Festival Newspaper \u2013 Day 7 - Krakow Film Festival\",\"isPartOf\":{\"@id\":\"https:\/\/www.krakowfilmfestival.pl\/en\/#website\"},\"primaryImageOfPage\":{\"@id\":\"https:\/\/www.krakowfilmfestival.pl\/en\/60th-kff\/festival-newspaper-2020\/festival-newspaper-day-6-2\/#primaryimage\"},\"datePublished\":\"2020-06-06T08:00:00+00:00\",\"dateModified\":\"2020-06-07T22:21:31+00:00\",\"breadcrumb\":{\"@id\":\"https:\/\/www.krakowfilmfestival.pl\/en\/60th-kff\/festival-newspaper-2020\/festival-newspaper-day-6-2\/#breadcrumb\"},\"inLanguage\":\"en-US\",\"potentialAction\":[{\"@type\":\"ReadAction\",\"target\":[\"https:\/\/www.krakowfilmfestival.pl\/en\/60th-kff\/festival-newspaper-2020\/festival-newspaper-day-6-2\/\"]}]},{\"@type\":\"BreadcrumbList\",\"@id\":\"https:\/\/www.krakowfilmfestival.pl\/en\/60th-kff\/festival-newspaper-2020\/festival-newspaper-day-6-2\/#breadcrumb\",\"itemListElement\":[{\"@type\":\"ListItem\",\"position\":1,\"name\":\"Strona g\u0142\u00f3wna\",\"item\":\"https:\/\/www.krakowfilmfestival.pl\/en\/\"},{\"@type\":\"ListItem\",\"position\":2,\"name\":\"60th KFF\",\"item\":\"https:\/\/www.krakowfilmfestival.pl\/en\/60th-kff\/\"},{\"@type\":\"ListItem\",\"position\":3,\"name\":\"Festival Newspaper 2020\",\"item\":\"https:\/\/www.krakowfilmfestival.pl\/en\/60th-kff\/festival-newspaper-2020\/\"},{\"@type\":\"ListItem\",\"position\":4,\"name\":\"Festival Newspaper \u2013 Day 7\"}]}]}<\/script>\n<!-- \/ Yoast SEO plugin. -->","yoast_head_json":{"title":"Festival Newspaper \u2013 Day 7 - Krakow Film Festival","robots":{"index":"index","follow":"follow","max-snippet":"max-snippet:-1","max-image-preview":"max-image-preview:large","max-video-preview":"max-video-preview:-1"},"canonical":"https:\/\/www.krakowfilmfestival.pl\/en\/60th-kff\/festival-newspaper-2020\/festival-newspaper-day-6-2\/","og_locale":"en_US","og_type":"article","og_title":"Festival Newspaper \u2013 Day 7 - Krakow Film Festival","og_description":"The first awards of the 60th KFF Last night the first awards of 60th Krakow Film Festival were granted. Krzysztof Gierat, Festival director and Barbara Orlicz-Szczypu\u0142a, Head of Programme Department hosted the first part of the Industry Gala and announced the winners of the non-statutory awards and special mentions. The second part of the Gala [&hellip;]","og_url":"https:\/\/www.krakowfilmfestival.pl\/en\/60th-kff\/festival-newspaper-2020\/festival-newspaper-day-6-2\/","og_site_name":"Krakow Film Festival","article_publisher":"https:\/\/www.facebook.com\/krakowfilmfest\/","article_modified_time":"2020-06-07T22:21:31+00:00","og_image":[{"url":"https:\/\/www.krakowfilmfestival.pl\/wp-content\/uploads\/2020\/05\/co-ma-nadejsc-jest-zaledwie-obietnica_that-which-is-to-come-is-just-a-promise-rez--anna-maria-martena_mini.jpg"}],"twitter_card":"summary_large_image","twitter_site":"@krakowfilmfest","twitter_misc":{"Est. reading time":"3 minutes"},"schema":{"@context":"https:\/\/schema.org","@graph":[{"@type":"Organization","@id":"https:\/\/www.krakowfilmfestival.pl\/en\/#organization","name":"Krakowski Festiwal Filmowy","url":"https:\/\/www.krakowfilmfestival.pl\/en\/","sameAs":["https:\/\/www.instagram.com\/krakowfilmfestival\/","https:\/\/www.youtube.com\/user\/KrakowFilmFoundation","https:\/\/pl.wikipedia.org\/wiki\/Krakowski_Festiwal_Filmowy","https:\/\/www.facebook.com\/krakowfilmfest\/","https:\/\/twitter.com\/krakowfilmfest"],"logo":{"@type":"ImageObject","inLanguage":"en-US","@id":"https:\/\/www.krakowfilmfestival.pl\/en\/#\/schema\/logo\/image\/","url":"https:\/\/www.krakowfilmfestival.pl\/wp-content\/uploads\/2024\/03\/logokff_uniwersalne.jpg","contentUrl":"https:\/\/www.krakowfilmfestival.pl\/wp-content\/uploads\/2024\/03\/logokff_uniwersalne.jpg","width":1241,"height":699,"caption":"Krakowski Festiwal Filmowy"},"image":{"@id":"https:\/\/www.krakowfilmfestival.pl\/en\/#\/schema\/logo\/image\/"}},{"@type":"WebSite","@id":"https:\/\/www.krakowfilmfestival.pl\/en\/#website","url":"https:\/\/www.krakowfilmfestival.pl\/en\/","name":"Krakow Film Festival","description":"In Cracow since 1961","publisher":{"@id":"https:\/\/www.krakowfilmfestival.pl\/en\/#organization"},"potentialAction":[{"@type":"SearchAction","target":{"@type":"EntryPoint","urlTemplate":"https:\/\/www.krakowfilmfestival.pl\/en\/?s={search_term_string}"},"query-input":"required name=search_term_string"}],"inLanguage":"en-US"},{"@type":"ImageObject","inLanguage":"en-US","@id":"https:\/\/www.krakowfilmfestival.pl\/en\/60th-kff\/festival-newspaper-2020\/festival-newspaper-day-6-2\/#primaryimage","url":"","contentUrl":""},{"@type":"WebPage","@id":"https:\/\/www.krakowfilmfestival.pl\/en\/60th-kff\/festival-newspaper-2020\/festival-newspaper-day-6-2\/#webpage","url":"https:\/\/www.krakowfilmfestival.pl\/en\/60th-kff\/festival-newspaper-2020\/festival-newspaper-day-6-2\/","name":"Festival Newspaper \u2013 Day 7 - Krakow Film Festival","isPartOf":{"@id":"https:\/\/www.krakowfilmfestival.pl\/en\/#website"},"primaryImageOfPage":{"@id":"https:\/\/www.krakowfilmfestival.pl\/en\/60th-kff\/festival-newspaper-2020\/festival-newspaper-day-6-2\/#primaryimage"},"datePublished":"2020-06-06T08:00:00+00:00","dateModified":"2020-06-07T22:21:31+00:00","breadcrumb":{"@id":"https:\/\/www.krakowfilmfestival.pl\/en\/60th-kff\/festival-newspaper-2020\/festival-newspaper-day-6-2\/#breadcrumb"},"inLanguage":"en-US","potentialAction":[{"@type":"ReadAction","target":["https:\/\/www.krakowfilmfestival.pl\/en\/60th-kff\/festival-newspaper-2020\/festival-newspaper-day-6-2\/"]}]},{"@type":"BreadcrumbList","@id":"https:\/\/www.krakowfilmfestival.pl\/en\/60th-kff\/festival-newspaper-2020\/festival-newspaper-day-6-2\/#breadcrumb","itemListElement":[{"@type":"ListItem","position":1,"name":"Strona g\u0142\u00f3wna","item":"https:\/\/www.krakowfilmfestival.pl\/en\/"},{"@type":"ListItem","position":2,"name":"60th KFF","item":"https:\/\/www.krakowfilmfestival.pl\/en\/60th-kff\/"},{"@type":"ListItem","position":3,"name":"Festival Newspaper 2020","item":"https:\/\/www.krakowfilmfestival.pl\/en\/60th-kff\/festival-newspaper-2020\/"},{"@type":"ListItem","position":4,"name":"Festival Newspaper \u2013 Day 7"}]}]}},"_links":{"self":[{"href":"https:\/\/www.krakowfilmfestival.pl\/en\/wp-json\/wp\/v2\/pages\/23361"}],"collection":[{"href":"https:\/\/www.krakowfilmfestival.pl\/en\/wp-json\/wp\/v2\/pages"}],"about":[{"href":"https:\/\/www.krakowfilmfestival.pl\/en\/wp-json\/wp\/v2\/types\/page"}],"author":[{"embeddable":true,"href":"https:\/\/www.krakowfilmfestival.pl\/en\/wp-json\/wp\/v2\/users\/2"}],"replies":[{"embeddable":true,"href":"https:\/\/www.krakowfilmfestival.pl\/en\/wp-json\/wp\/v2\/comments?post=23361"}],"version-history":[{"count":9,"href":"https:\/\/www.krakowfilmfestival.pl\/en\/wp-json\/wp\/v2\/pages\/23361\/revisions"}],"predecessor-version":[{"id":23793,"href":"https:\/\/www.krakowfilmfestival.pl\/en\/wp-json\/wp\/v2\/pages\/23361\/revisions\/23793"}],"up":[{"embeddable":true,"href":"https:\/\/www.krakowfilmfestival.pl\/en\/wp-json\/wp\/v2\/pages\/22687"}],"wp:featuredmedia":[{"embeddable":true,"href":"https:\/\/www.krakowfilmfestival.pl\/en\/wp-json\/wp\/v2\/media\/17881"}],"wp:attachment":[{"href":"https:\/\/www.krakowfilmfestival.pl\/en\/wp-json\/wp\/v2\/media?parent=23361"}],"curies":[{"name":"wp","href":"https:\/\/api.w.org\/{rel}","templated":true}]}}