{"id":23718,"date":"2020-06-05T10:00:00","date_gmt":"2020-06-05T08:00:00","guid":{"rendered":"https:\/\/www.krakowfilmfestival.pl\/?page_id=23718"},"modified":"2020-06-08T00:13:36","modified_gmt":"2020-06-07T22:13:36","slug":"festival-newspaper-day-6-3","status":"publish","type":"page","link":"https:\/\/www.krakowfilmfestival.pl\/en\/60th-kff\/festival-newspaper-2020\/festival-newspaper-day-6-3\/","title":{"rendered":"Festival Newspaper \u2013 Day 6"},"content":{"rendered":"\n<h4>Laurence Boyce<\/h4>\n\n\n\n<h2>Hello darkness<\/h2>\n\n\n\n<p>Yes, we all know the 60<sup>th<\/sup> Krakow Film Festival is not like many of us would have envisioned. A global pandemic will do that to a film festival. But no matter the circumstances, the \u2018core\u2019 of the festival still remains as it always does, showcasing a number of excellent documentaries and animations. But lest we forget, KFF also provides a platform for a selection of live action shorts which will be amongst the films that vie for the coveted Golden Dragon, alongside possible European Film Award and Academy Award qualification.<span class=\"Apple-converted-space\">\u00a0<\/span><\/p>\n<p>There is a certain darkness that runs throughout this year\u2019s selection of live action shorts. Even before the pandemic, the world was rife with political and social division. Many of the films represent broken social systems, a lack of empathy and communication. <a href=\"https:\/\/www.krakowfilmfestival.pl\/en\/online-cinema\/film\/3244\/\">The Verdict in the Case of K.<\/a> is a powerful examination of retribution and revenge as the family of a raped girl must deal with the fact that the person who filmed her rape is given a suspended sentence. With ideas of justice and it\u2019s refraction in the age of social networking, it\u2019s a subtle and powerful affair. Also subtly powerful is <a href=\"https:\/\/www.krakowfilmfestival.pl\/en\/online-cinema\/film\/3246\/\">My Name Is Sonila<\/a>, a clever exploration of a woman who is trying the report the theft of her wallet and a swipe at bureaucracy and how it helps to trivialise and marginalise the problems of ordinary people. The excellent film <a href=\"https:\/\/www.krakowfilmfestival.pl\/en\/online-cinema\/film\/3240\/\">Problem<\/a> also deals with bureaucracy as the police cope with a dead body found in the middle of a suburban area. It\u2019s an extremely thought provoking and moving affair \u2013 a technically brilliant use of the short form as well \u2013 as it examines the how huge moments in one life are mere distractions in the lives of others.<\/p>\n\n\n\n<figure class=\"wp-block-gallery columns-2 is-cropped\"><ul class=\"blocks-gallery-grid\"><li class=\"blocks-gallery-item\"><figure><img loading=\"lazy\" width=\"1920\" height=\"804\" src=\"https:\/\/www.krakowfilmfestival.pl\/wp-content\/uploads\/2020\/05\/los-bengales.jpg\" alt=\"Los Bengalas, re\u017c. David Valero Sim\u00f3n\" data-id=\"20870\" data-full-url=\"https:\/\/www.krakowfilmfestival.pl\/wp-content\/uploads\/2020\/05\/los-bengales.jpg\" data-link=\"https:\/\/www.krakowfilmfestival.pl\/en\/music-at-the-jubilee-edition-of-krakow-film-festival\/los-bengales-2\/\" class=\"wp-image-20870\" srcset=\"https:\/\/www.krakowfilmfestival.pl\/wp-content\/uploads\/2020\/05\/los-bengales.jpg 1920w, https:\/\/www.krakowfilmfestival.pl\/wp-content\/uploads\/2020\/05\/los-bengales-729x305.jpg 729w, https:\/\/www.krakowfilmfestival.pl\/wp-content\/uploads\/2020\/05\/los-bengales-1536x643.jpg 1536w\" sizes=\"(max-width: 1920px) 100vw, 1920px\" \/><figcaption class=\"blocks-gallery-item__caption\">Los Bengalas, dir. David Valero Sim\u00f3n<\/figcaption><\/figure><\/li><li class=\"blocks-gallery-item\"><figure><img loading=\"lazy\" width=\"1920\" height=\"720\" src=\"https:\/\/www.krakowfilmfestival.pl\/wp-content\/uploads\/2020\/04\/w-potrzasku_between-a-rock-and-a-hard-place-rez--mads-koudal1-1.jpg\" alt=\"Between a Rock and a Hard Place, dir. Mads Koudal\" data-id=\"18414\" data-full-url=\"https:\/\/www.krakowfilmfestival.pl\/wp-content\/uploads\/2020\/04\/w-potrzasku_between-a-rock-and-a-hard-place-rez--mads-koudal1-1.jpg\" data-link=\"https:\/\/www.krakowfilmfestival.pl\/en\/a-short-report-from-the-world-before-the-pandemic\/w-potrzasku_between-a-rock-and-a-hard-place-rez-mads-koudal1-1-2\/\" class=\"wp-image-18414\" srcset=\"https:\/\/www.krakowfilmfestival.pl\/wp-content\/uploads\/2020\/04\/w-potrzasku_between-a-rock-and-a-hard-place-rez--mads-koudal1-1.jpg 1920w, https:\/\/www.krakowfilmfestival.pl\/wp-content\/uploads\/2020\/04\/w-potrzasku_between-a-rock-and-a-hard-place-rez--mads-koudal1-1-729x273.jpg 729w, https:\/\/www.krakowfilmfestival.pl\/wp-content\/uploads\/2020\/04\/w-potrzasku_between-a-rock-and-a-hard-place-rez--mads-koudal1-1-1536x576.jpg 1536w\" sizes=\"(max-width: 1920px) 100vw, 1920px\" \/><figcaption class=\"blocks-gallery-item__caption\">Between a Rock and a Hard Place, dir. Mads Koudal<\/figcaption><\/figure><\/li><\/ul><\/figure>\n\n\n\n<p>The fractured lives of families also loom large in the selection. <a href=\"https:\/\/www.krakowfilmfestival.pl\/en\/online-cinema\/film\/3235\/\">Chubby<\/a> is another excellent use of the short form, a controlled and intense look at abuse and how trauma ripple through a family unit. Trauma is also at the heart of a brother and sister relationship in <a href=\"https:\/\/www.krakowfilmfestival.pl\/en\/online-cinema\/film\/3243\/\">Adults<\/a>, a powerfully acted and claustrophobic affair of two siblings who deal with their father\u2019s death. <a href=\"https:\/\/www.krakowfilmfestival.pl\/en\/online-cinema\/film\/3245\/\">Between a Rock and a Hard Place<\/a> sees a woman who must do the best for her disabled daughter, an intimate examination of where the needs of responsibility and love diverge.<span class=\"Apple-converted-space\">&nbsp; <\/span><a href=\"https:\/\/www.krakowfilmfestival.pl\/en\/online-cinema\/film\/3139\/\">The Father<\/a> gives us an expressionistic look at grief and how we deal with the final days of those who have been the biggest influences in our lives. A different family unit is apparent in <a href=\"https:\/\/www.krakowfilmfestival.pl\/en\/online-cinema\/film\/3147\/\">Nina<\/a>, as a young girl roams the street and robs people for the older man that she lives with. A chance encounter sees a possible escape for her, but what does she really want in this, another intense and brilliantly acted film.<\/p>\n<p>Two British films bring some of the tenets of social realism we associate with UK cinema and brings them a unique spin. <a href=\"https:\/\/www.krakowfilmfestival.pl\/en\/online-cinema\/film\/3278\/\">Innocence<\/a> is a well-crafted crime drama with a complex story and some outstanding performances while <a href=\"https:\/\/www.krakowfilmfestival.pl\/en\/online-cinema\/film\/3145\/\">Majority<\/a> is an incredibly clever and subtle look at prejudice and conflict that is another wonderful use of the medium of short film, with resentments and seismic events all bubbling under a surface of British, middle class suburban ennui.<\/p>\n<p>While many of the films on offer have revelled in the low key and the subtle, there are still a few that offer a more glossy edge to their explorations of serious issues. <a href=\"https:\/\/www.krakowfilmfestival.pl\/en\/online-cinema\/film\/3277\/\">White Eye<\/a> \u2013 the winner of the Best Short at this year\u2019s edition of SXSW \u2013 is a piece of technical bravura that, in one single shot, takes a pointed look at racism and society.<a href=\"https:\/\/www.krakowfilmfestival.pl\/en\/online-cinema\/film\/3238\/\"> Alice and the Frog<\/a> takes its cues from the likes of Alice in Wonderland \u2013 alongside a whole myriad of other influences \u2013 with a bold and brassy tale of a 14-year-old seeking an abortion in modern day Poland. It\u2019s frequently silly; all ridiculous moments and songs. But at its heart this film is an impassioned and moving piece, and a savage satire, about a woman\u2019s right to choose and that state of Poland today.<span class=\"Apple-converted-space\">&nbsp; <\/span>Also moving is Orquesta <a href=\"https:\/\/www.krakowfilmfestival.pl\/en\/online-cinema\/film\/3140\/\">Los Bengalas<\/a>, a story about a son dealing with his father\u2019s Alzheimer\u2019s which ends on a literal and figurative bang.<\/p>\n<p>While many of the shorts over a dark view of the world, a frustrated cry into the abyss about the state of where we all are, there are also glimpses of hope and light. While we struggle with the nature of everyday reality, these films allow us to learn more about humans as they battle through life and gives us the comforting thought that, just maybe, we will win.<\/p>\n<h6><b>Laurence Boyce is a film journalist and the Programme Director of P\u00d6FF Shorts, the short film section of the Tallinn Black Nights Film Festival. <\/b><\/h6>\n<h6><b>&nbsp;<\/b><\/h6>\n\n\n\n<h2>Interview with Mehrdad Oskouei<\/h2>\n\n\n\n<figure class=\"wp-block-embed-youtube wp-block-embed is-type-video is-provider-youtube wp-embed-aspect-16-9 wp-has-aspect-ratio\"><div class=\"wp-block-embed__wrapper\">\n<iframe loading=\"lazy\" title=\"Spotkanie z tw\u00f3rc\u0105 filmu &quot;Cienie bez s\u0142o\u0144ca&quot; \/ Q&amp;A with the author of &quot;Sunless Shadows&quot;\" width=\"500\" height=\"281\" src=\"https:\/\/www.youtube.com\/embed\/u-GEdgWMUVc?feature=oembed\" frameborder=\"0\" allow=\"accelerometer; autoplay; clipboard-write; encrypted-media; gyroscope; picture-in-picture; web-share\" referrerpolicy=\"strict-origin-when-cross-origin\" allowfullscreen><\/iframe>\n<\/div><\/figure>\n\n\n\n<p><\/p>\n\n\n\n<h2>Journalists ranking<\/h2>\n\n\n\n<figure class=\"wp-block-image size-large\"><img loading=\"lazy\" width=\"1875\" height=\"3000\" src=\"https:\/\/www.krakowfilmfestival.pl\/wp-content\/uploads\/2020\/06\/tabelka_5.jpg\" alt=\"\" class=\"wp-image-23435\" srcset=\"https:\/\/www.krakowfilmfestival.pl\/wp-content\/uploads\/2020\/06\/tabelka_5.jpg 1875w, https:\/\/www.krakowfilmfestival.pl\/wp-content\/uploads\/2020\/06\/tabelka_5-729x1166.jpg 729w, https:\/\/www.krakowfilmfestival.pl\/wp-content\/uploads\/2020\/06\/tabelka_5-960x1536.jpg 960w, https:\/\/www.krakowfilmfestival.pl\/wp-content\/uploads\/2020\/06\/tabelka_5-1280x2048.jpg 1280w\" sizes=\"(max-width: 1875px) 100vw, 1875px\" \/><\/figure>\n\n\n\n<figure class=\"wp-block-image size-large\"><img loading=\"lazy\" width=\"1920\" height=\"441\" src=\"https:\/\/www.krakowfilmfestival.pl\/wp-content\/uploads\/2020\/06\/gazeta_festiwalowa_2020_pasek_logo-1920x441.jpeg\" alt=\"\" class=\"wp-image-22973\" srcset=\"https:\/\/www.krakowfilmfestival.pl\/wp-content\/uploads\/2020\/06\/gazeta_festiwalowa_2020_pasek_logo-1920x441.jpeg 1920w, https:\/\/www.krakowfilmfestival.pl\/wp-content\/uploads\/2020\/06\/gazeta_festiwalowa_2020_pasek_logo-729x168.jpeg 729w, https:\/\/www.krakowfilmfestival.pl\/wp-content\/uploads\/2020\/06\/gazeta_festiwalowa_2020_pasek_logo-1536x353.jpeg 1536w, https:\/\/www.krakowfilmfestival.pl\/wp-content\/uploads\/2020\/06\/gazeta_festiwalowa_2020_pasek_logo-2048x471.jpeg 2048w\" sizes=\"(max-width: 1920px) 100vw, 1920px\" \/><\/figure>\n\n\n","protected":false},"excerpt":{"rendered":"<p>Laurence Boyce Hello darkness Interview with Mehrdad Oskouei Journalists ranking<\/p>\n","protected":false},"author":2,"featured_media":20126,"parent":22687,"menu_order":335,"comment_status":"closed","ping_status":"closed","template":"","meta":[],"acf":[],"yoast_head":"<!-- This site is optimized with the Yoast SEO plugin v18.9 - https:\/\/yoast.com\/wordpress\/plugins\/seo\/ -->\n<title>Festival Newspaper \u2013 Day 6 - Krakow Film Festival<\/title>\n<meta name=\"robots\" content=\"index, follow, max-snippet:-1, max-image-preview:large, max-video-preview:-1\" \/>\n<link rel=\"canonical\" href=\"https:\/\/www.krakowfilmfestival.pl\/en\/60th-kff\/festival-newspaper-2020\/festival-newspaper-day-6-3\/\" \/>\n<meta property=\"og:locale\" content=\"en_US\" \/>\n<meta property=\"og:type\" content=\"article\" \/>\n<meta property=\"og:title\" content=\"Festival Newspaper \u2013 Day 6 - Krakow Film Festival\" \/>\n<meta property=\"og:description\" content=\"Laurence Boyce Hello darkness Interview with Mehrdad Oskouei Journalists ranking\" \/>\n<meta property=\"og:url\" content=\"https:\/\/www.krakowfilmfestival.pl\/en\/60th-kff\/festival-newspaper-2020\/festival-newspaper-day-6-3\/\" \/>\n<meta property=\"og:site_name\" content=\"Krakow Film Festival\" \/>\n<meta property=\"article:publisher\" content=\"https:\/\/www.facebook.com\/krakowfilmfest\/\" \/>\n<meta property=\"article:modified_time\" content=\"2020-06-07T22:13:36+00:00\" \/>\n<meta property=\"og:image\" content=\"https:\/\/www.krakowfilmfestival.pl\/wp-content\/uploads\/2020\/05\/co-ma-nadejsc-jest-zaledwie-obietnica_that-which-is-to-come-is-just-a-promise-rez--anna-maria-martena_mini.jpg\" \/>\n<meta name=\"twitter:card\" content=\"summary_large_image\" \/>\n<meta name=\"twitter:site\" content=\"@krakowfilmfest\" \/>\n<meta name=\"twitter:label1\" content=\"Est. reading time\" \/>\n\t<meta name=\"twitter:data1\" content=\"4 minutes\" \/>\n<script type=\"application\/ld+json\" class=\"yoast-schema-graph\">{\"@context\":\"https:\/\/schema.org\",\"@graph\":[{\"@type\":\"Organization\",\"@id\":\"https:\/\/www.krakowfilmfestival.pl\/en\/#organization\",\"name\":\"Krakowski Festiwal Filmowy\",\"url\":\"https:\/\/www.krakowfilmfestival.pl\/en\/\",\"sameAs\":[\"https:\/\/www.instagram.com\/krakowfilmfestival\/\",\"https:\/\/www.youtube.com\/user\/KrakowFilmFoundation\",\"https:\/\/pl.wikipedia.org\/wiki\/Krakowski_Festiwal_Filmowy\",\"https:\/\/www.facebook.com\/krakowfilmfest\/\",\"https:\/\/twitter.com\/krakowfilmfest\"],\"logo\":{\"@type\":\"ImageObject\",\"inLanguage\":\"en-US\",\"@id\":\"https:\/\/www.krakowfilmfestival.pl\/en\/#\/schema\/logo\/image\/\",\"url\":\"https:\/\/www.krakowfilmfestival.pl\/wp-content\/uploads\/2024\/03\/logokff_uniwersalne.jpg\",\"contentUrl\":\"https:\/\/www.krakowfilmfestival.pl\/wp-content\/uploads\/2024\/03\/logokff_uniwersalne.jpg\",\"width\":1241,\"height\":699,\"caption\":\"Krakowski Festiwal Filmowy\"},\"image\":{\"@id\":\"https:\/\/www.krakowfilmfestival.pl\/en\/#\/schema\/logo\/image\/\"}},{\"@type\":\"WebSite\",\"@id\":\"https:\/\/www.krakowfilmfestival.pl\/en\/#website\",\"url\":\"https:\/\/www.krakowfilmfestival.pl\/en\/\",\"name\":\"Krakow Film Festival\",\"description\":\"In Cracow since 1961\",\"publisher\":{\"@id\":\"https:\/\/www.krakowfilmfestival.pl\/en\/#organization\"},\"potentialAction\":[{\"@type\":\"SearchAction\",\"target\":{\"@type\":\"EntryPoint\",\"urlTemplate\":\"https:\/\/www.krakowfilmfestival.pl\/en\/?s={search_term_string}\"},\"query-input\":\"required name=search_term_string\"}],\"inLanguage\":\"en-US\"},{\"@type\":\"ImageObject\",\"inLanguage\":\"en-US\",\"@id\":\"https:\/\/www.krakowfilmfestival.pl\/en\/60th-kff\/festival-newspaper-2020\/festival-newspaper-day-6-3\/#primaryimage\",\"url\":\"\",\"contentUrl\":\"\"},{\"@type\":\"WebPage\",\"@id\":\"https:\/\/www.krakowfilmfestival.pl\/en\/60th-kff\/festival-newspaper-2020\/festival-newspaper-day-6-3\/#webpage\",\"url\":\"https:\/\/www.krakowfilmfestival.pl\/en\/60th-kff\/festival-newspaper-2020\/festival-newspaper-day-6-3\/\",\"name\":\"Festival Newspaper \u2013 Day 6 - Krakow Film Festival\",\"isPartOf\":{\"@id\":\"https:\/\/www.krakowfilmfestival.pl\/en\/#website\"},\"primaryImageOfPage\":{\"@id\":\"https:\/\/www.krakowfilmfestival.pl\/en\/60th-kff\/festival-newspaper-2020\/festival-newspaper-day-6-3\/#primaryimage\"},\"datePublished\":\"2020-06-05T08:00:00+00:00\",\"dateModified\":\"2020-06-07T22:13:36+00:00\",\"breadcrumb\":{\"@id\":\"https:\/\/www.krakowfilmfestival.pl\/en\/60th-kff\/festival-newspaper-2020\/festival-newspaper-day-6-3\/#breadcrumb\"},\"inLanguage\":\"en-US\",\"potentialAction\":[{\"@type\":\"ReadAction\",\"target\":[\"https:\/\/www.krakowfilmfestival.pl\/en\/60th-kff\/festival-newspaper-2020\/festival-newspaper-day-6-3\/\"]}]},{\"@type\":\"BreadcrumbList\",\"@id\":\"https:\/\/www.krakowfilmfestival.pl\/en\/60th-kff\/festival-newspaper-2020\/festival-newspaper-day-6-3\/#breadcrumb\",\"itemListElement\":[{\"@type\":\"ListItem\",\"position\":1,\"name\":\"Strona g\u0142\u00f3wna\",\"item\":\"https:\/\/www.krakowfilmfestival.pl\/en\/\"},{\"@type\":\"ListItem\",\"position\":2,\"name\":\"60th KFF\",\"item\":\"https:\/\/www.krakowfilmfestival.pl\/en\/60th-kff\/\"},{\"@type\":\"ListItem\",\"position\":3,\"name\":\"Festival Newspaper 2020\",\"item\":\"https:\/\/www.krakowfilmfestival.pl\/en\/60th-kff\/festival-newspaper-2020\/\"},{\"@type\":\"ListItem\",\"position\":4,\"name\":\"Festival Newspaper \u2013 Day 6\"}]}]}<\/script>\n<!-- \/ Yoast SEO plugin. -->","yoast_head_json":{"title":"Festival Newspaper \u2013 Day 6 - Krakow Film Festival","robots":{"index":"index","follow":"follow","max-snippet":"max-snippet:-1","max-image-preview":"max-image-preview:large","max-video-preview":"max-video-preview:-1"},"canonical":"https:\/\/www.krakowfilmfestival.pl\/en\/60th-kff\/festival-newspaper-2020\/festival-newspaper-day-6-3\/","og_locale":"en_US","og_type":"article","og_title":"Festival Newspaper \u2013 Day 6 - Krakow Film Festival","og_description":"Laurence Boyce Hello darkness Interview with Mehrdad Oskouei Journalists ranking","og_url":"https:\/\/www.krakowfilmfestival.pl\/en\/60th-kff\/festival-newspaper-2020\/festival-newspaper-day-6-3\/","og_site_name":"Krakow Film Festival","article_publisher":"https:\/\/www.facebook.com\/krakowfilmfest\/","article_modified_time":"2020-06-07T22:13:36+00:00","og_image":[{"url":"https:\/\/www.krakowfilmfestival.pl\/wp-content\/uploads\/2020\/05\/co-ma-nadejsc-jest-zaledwie-obietnica_that-which-is-to-come-is-just-a-promise-rez--anna-maria-martena_mini.jpg"}],"twitter_card":"summary_large_image","twitter_site":"@krakowfilmfest","twitter_misc":{"Est. reading time":"4 minutes"},"schema":{"@context":"https:\/\/schema.org","@graph":[{"@type":"Organization","@id":"https:\/\/www.krakowfilmfestival.pl\/en\/#organization","name":"Krakowski Festiwal Filmowy","url":"https:\/\/www.krakowfilmfestival.pl\/en\/","sameAs":["https:\/\/www.instagram.com\/krakowfilmfestival\/","https:\/\/www.youtube.com\/user\/KrakowFilmFoundation","https:\/\/pl.wikipedia.org\/wiki\/Krakowski_Festiwal_Filmowy","https:\/\/www.facebook.com\/krakowfilmfest\/","https:\/\/twitter.com\/krakowfilmfest"],"logo":{"@type":"ImageObject","inLanguage":"en-US","@id":"https:\/\/www.krakowfilmfestival.pl\/en\/#\/schema\/logo\/image\/","url":"https:\/\/www.krakowfilmfestival.pl\/wp-content\/uploads\/2024\/03\/logokff_uniwersalne.jpg","contentUrl":"https:\/\/www.krakowfilmfestival.pl\/wp-content\/uploads\/2024\/03\/logokff_uniwersalne.jpg","width":1241,"height":699,"caption":"Krakowski Festiwal Filmowy"},"image":{"@id":"https:\/\/www.krakowfilmfestival.pl\/en\/#\/schema\/logo\/image\/"}},{"@type":"WebSite","@id":"https:\/\/www.krakowfilmfestival.pl\/en\/#website","url":"https:\/\/www.krakowfilmfestival.pl\/en\/","name":"Krakow Film Festival","description":"In Cracow since 1961","publisher":{"@id":"https:\/\/www.krakowfilmfestival.pl\/en\/#organization"},"potentialAction":[{"@type":"SearchAction","target":{"@type":"EntryPoint","urlTemplate":"https:\/\/www.krakowfilmfestival.pl\/en\/?s={search_term_string}"},"query-input":"required name=search_term_string"}],"inLanguage":"en-US"},{"@type":"ImageObject","inLanguage":"en-US","@id":"https:\/\/www.krakowfilmfestival.pl\/en\/60th-kff\/festival-newspaper-2020\/festival-newspaper-day-6-3\/#primaryimage","url":"","contentUrl":""},{"@type":"WebPage","@id":"https:\/\/www.krakowfilmfestival.pl\/en\/60th-kff\/festival-newspaper-2020\/festival-newspaper-day-6-3\/#webpage","url":"https:\/\/www.krakowfilmfestival.pl\/en\/60th-kff\/festival-newspaper-2020\/festival-newspaper-day-6-3\/","name":"Festival Newspaper \u2013 Day 6 - Krakow Film Festival","isPartOf":{"@id":"https:\/\/www.krakowfilmfestival.pl\/en\/#website"},"primaryImageOfPage":{"@id":"https:\/\/www.krakowfilmfestival.pl\/en\/60th-kff\/festival-newspaper-2020\/festival-newspaper-day-6-3\/#primaryimage"},"datePublished":"2020-06-05T08:00:00+00:00","dateModified":"2020-06-07T22:13:36+00:00","breadcrumb":{"@id":"https:\/\/www.krakowfilmfestival.pl\/en\/60th-kff\/festival-newspaper-2020\/festival-newspaper-day-6-3\/#breadcrumb"},"inLanguage":"en-US","potentialAction":[{"@type":"ReadAction","target":["https:\/\/www.krakowfilmfestival.pl\/en\/60th-kff\/festival-newspaper-2020\/festival-newspaper-day-6-3\/"]}]},{"@type":"BreadcrumbList","@id":"https:\/\/www.krakowfilmfestival.pl\/en\/60th-kff\/festival-newspaper-2020\/festival-newspaper-day-6-3\/#breadcrumb","itemListElement":[{"@type":"ListItem","position":1,"name":"Strona g\u0142\u00f3wna","item":"https:\/\/www.krakowfilmfestival.pl\/en\/"},{"@type":"ListItem","position":2,"name":"60th KFF","item":"https:\/\/www.krakowfilmfestival.pl\/en\/60th-kff\/"},{"@type":"ListItem","position":3,"name":"Festival Newspaper 2020","item":"https:\/\/www.krakowfilmfestival.pl\/en\/60th-kff\/festival-newspaper-2020\/"},{"@type":"ListItem","position":4,"name":"Festival Newspaper \u2013 Day 6"}]}]}},"_links":{"self":[{"href":"https:\/\/www.krakowfilmfestival.pl\/en\/wp-json\/wp\/v2\/pages\/23718"}],"collection":[{"href":"https:\/\/www.krakowfilmfestival.pl\/en\/wp-json\/wp\/v2\/pages"}],"about":[{"href":"https:\/\/www.krakowfilmfestival.pl\/en\/wp-json\/wp\/v2\/types\/page"}],"author":[{"embeddable":true,"href":"https:\/\/www.krakowfilmfestival.pl\/en\/wp-json\/wp\/v2\/users\/2"}],"replies":[{"embeddable":true,"href":"https:\/\/www.krakowfilmfestival.pl\/en\/wp-json\/wp\/v2\/comments?post=23718"}],"version-history":[{"count":2,"href":"https:\/\/www.krakowfilmfestival.pl\/en\/wp-json\/wp\/v2\/pages\/23718\/revisions"}],"predecessor-version":[{"id":23741,"href":"https:\/\/www.krakowfilmfestival.pl\/en\/wp-json\/wp\/v2\/pages\/23718\/revisions\/23741"}],"up":[{"embeddable":true,"href":"https:\/\/www.krakowfilmfestival.pl\/en\/wp-json\/wp\/v2\/pages\/22687"}],"wp:featuredmedia":[{"embeddable":true,"href":"https:\/\/www.krakowfilmfestival.pl\/en\/wp-json\/wp\/v2\/media\/20126"}],"wp:attachment":[{"href":"https:\/\/www.krakowfilmfestival.pl\/en\/wp-json\/wp\/v2\/media?parent=23718"}],"curies":[{"name":"wp","href":"https:\/\/api.w.org\/{rel}","templated":true}]}}