{"id":29872,"date":"2021-05-27T20:53:57","date_gmt":"2021-05-27T18:53:57","guid":{"rendered":"https:\/\/www.krakowfilmfestival.pl\/?page_id=29872"},"modified":"2026-04-19T21:54:15","modified_gmt":"2026-04-19T19:54:15","slug":"kff-industry-guest-zone","status":"publish","type":"page","link":"https:\/\/www.krakowfilmfestival.pl\/en\/industry\/kff-industry-guest-zone\/","title":{"rendered":"KFF Industry Guest Zone 2026"},"content":{"rendered":"\n<p>Welcome at KFF Industry Guest Zone!<\/p>\n\n\n\n<p> All the events within this year&#8217;s edition will be held onsite in Krakow. Our venues are <strong><strong>ASP &#8211; Akademia Sztuk Pi\u0119knych<\/strong> <\/strong>(Plac Matejki 13),<strong> PP &#8211; Potocki Palace<\/strong> (Rynek Glowny 20) and <strong>MOS &#8211; Ma\u0142opolski Ogr\u00f3d Sztuki <\/strong>(Rajska 12). <\/p>\n\n\n\n<p>The full schedule of all events you can find <a href=\"https:\/\/www.krakowfilmfestival.pl\/en\/industry\/schedule\/#\/p\/-\/all%20days\/-\">here<\/a>. Detailed information are here (you can also download a mini-programe brochure in pdf)<\/p>\n\n\n\n<p>Here you can find a KFF Industry &amp; Doc Lab Poland catalogue with all the information about projects presented at Animated in Poland, Docs to Start, Docs to Go and CEDOC Market. <\/p>\n\n\n\n<p>Here is an access to  <a href=\"https:\/\/www.krakowfilmfestival.pl\/en\/industry\/kff-video-library\/\">KFF Video Library<\/a> where  you watch the films from the program of 65th Krakow Film Festival and our partner&#8217;s section. KFF Video Library is available from 25.05 till 1.06 (for Industry Pro passholders is available till 15.06) <\/p>\n\n\n\n<p>All accredited industry guests with their email contacts you can find at <a href=\"https:\/\/www.krakowfilmfestival.pl\/en\/industry\/guest-list\/\" target=\"_blank\" rel=\"noreferrer noopener\">the guest list.<\/a><\/p>\n\n\n\n<p>Here you can find the Guest Kit with all practical information about the festival. <\/p>\n\n\n\n<p>NETWORKING:<\/p>\n\n\n\n<ul><li>join us for <a href=\"https:\/\/www.krakowfilmfestival.pl\/en\/industry\/networking-events-3\/networking-events-2\/\">Meet the Industry Guests<\/a> held every day at the UFO ART GALLERY (Podwale 6) from Monday till Friday (18.30 &#8211; 20.00)<\/li><li>join us every evening at the Festival Club LASTRIKO, Go\u0142\u0119bia 16<\/li><\/ul>\n\n\n\n<p><strong>ONLINE PITCHINGS<\/strong><\/p>\n\n\n\n<p>Animated in Poland, Docs to Start and Docs to Go pitchings will be recorded and available to watch below.<\/p>\n\n\n\n<p>ANIMATED IN POLAND  &#8211; available from 2.06<\/p>\n\n\n\n<p>DOCS TO GO &#8211; available from 3.06<\/p>\n\n\n\n<p>DOCS TO START  &#8211; available from 4.06<\/p>\n","protected":false},"excerpt":{"rendered":"<p>Welcome at KFF Industry Guest Zone! All the events within this year&#8217;s edition will be held onsite in Krakow. Our venues are ASP &#8211; Akademia Sztuk Pi\u0119knych (Plac Matejki 13), PP &#8211; Potocki Palace (Rynek Glowny 20) and MOS &#8211; Ma\u0142opolski Ogr\u00f3d Sztuki (Rajska 12). The full schedule of all events you can find here. [&hellip;]<\/p>\n","protected":false},"author":7,"featured_media":74339,"parent":219,"menu_order":4,"comment_status":"closed","ping_status":"closed","template":"page-restricted-industry.php","meta":[],"acf":[],"yoast_head":"<!-- This site is optimized with the Yoast SEO plugin v18.9 - https:\/\/yoast.com\/wordpress\/plugins\/seo\/ -->\n<title>KFF Industry Guest Zone 2026 - Krakow Film Festival<\/title>\n<meta name=\"robots\" content=\"index, follow, max-snippet:-1, max-image-preview:large, max-video-preview:-1\" \/>\n<link rel=\"canonical\" href=\"https:\/\/www.krakowfilmfestival.pl\/en\/industry\/kff-industry-guest-zone\/\" \/>\n<meta property=\"og:locale\" content=\"en_US\" \/>\n<meta property=\"og:type\" content=\"article\" \/>\n<meta property=\"og:title\" content=\"KFF Industry Guest Zone 2026 - Krakow Film Festival\" \/>\n<meta property=\"og:description\" content=\"Welcome at KFF Industry Guest Zone! All the events within this year&#8217;s edition will be held onsite in Krakow. Our venues are ASP &#8211; Akademia Sztuk Pi\u0119knych (Plac Matejki 13), PP &#8211; Potocki Palace (Rynek Glowny 20) and MOS &#8211; Ma\u0142opolski Ogr\u00f3d Sztuki (Rajska 12). The full schedule of all events you can find here. [&hellip;]\" \/>\n<meta property=\"og:url\" content=\"https:\/\/www.krakowfilmfestival.pl\/en\/industry\/kff-industry-guest-zone\/\" \/>\n<meta property=\"og:site_name\" content=\"Krakow Film Festival\" \/>\n<meta property=\"article:publisher\" content=\"https:\/\/www.facebook.com\/krakowfilmfest\/\" \/>\n<meta property=\"article:modified_time\" content=\"2026-04-19T19:54:15+00:00\" \/>\n<meta property=\"og:image\" content=\"https:\/\/www.krakowfilmfestival.pl\/wp-content\/uploads\/2026\/04\/mailchimp-4-1.jpg\" \/>\n\t<meta property=\"og:image:width\" content=\"1920\" \/>\n\t<meta property=\"og:image:height\" content=\"1080\" \/>\n\t<meta property=\"og:image:type\" content=\"image\/jpeg\" \/>\n<meta name=\"twitter:card\" content=\"summary_large_image\" \/>\n<meta name=\"twitter:site\" content=\"@krakowfilmfest\" \/>\n<meta name=\"twitter:label1\" content=\"Est. reading time\" \/>\n\t<meta name=\"twitter:data1\" content=\"2 minutes\" \/>\n<script type=\"application\/ld+json\" class=\"yoast-schema-graph\">{\"@context\":\"https:\/\/schema.org\",\"@graph\":[{\"@type\":\"Organization\",\"@id\":\"https:\/\/www.krakowfilmfestival.pl\/en\/#organization\",\"name\":\"Krakowski Festiwal Filmowy\",\"url\":\"https:\/\/www.krakowfilmfestival.pl\/en\/\",\"sameAs\":[\"https:\/\/www.instagram.com\/krakowfilmfestival\/\",\"https:\/\/www.youtube.com\/user\/KrakowFilmFoundation\",\"https:\/\/pl.wikipedia.org\/wiki\/Krakowski_Festiwal_Filmowy\",\"https:\/\/www.facebook.com\/krakowfilmfest\/\",\"https:\/\/twitter.com\/krakowfilmfest\"],\"logo\":{\"@type\":\"ImageObject\",\"inLanguage\":\"en-US\",\"@id\":\"https:\/\/www.krakowfilmfestival.pl\/en\/#\/schema\/logo\/image\/\",\"url\":\"https:\/\/www.krakowfilmfestival.pl\/wp-content\/uploads\/2024\/03\/logokff_uniwersalne.jpg\",\"contentUrl\":\"https:\/\/www.krakowfilmfestival.pl\/wp-content\/uploads\/2024\/03\/logokff_uniwersalne.jpg\",\"width\":1241,\"height\":699,\"caption\":\"Krakowski Festiwal Filmowy\"},\"image\":{\"@id\":\"https:\/\/www.krakowfilmfestival.pl\/en\/#\/schema\/logo\/image\/\"}},{\"@type\":\"WebSite\",\"@id\":\"https:\/\/www.krakowfilmfestival.pl\/en\/#website\",\"url\":\"https:\/\/www.krakowfilmfestival.pl\/en\/\",\"name\":\"Krakow Film Festival\",\"description\":\"In Cracow since 1961\",\"publisher\":{\"@id\":\"https:\/\/www.krakowfilmfestival.pl\/en\/#organization\"},\"potentialAction\":[{\"@type\":\"SearchAction\",\"target\":{\"@type\":\"EntryPoint\",\"urlTemplate\":\"https:\/\/www.krakowfilmfestival.pl\/en\/?s={search_term_string}\"},\"query-input\":\"required name=search_term_string\"}],\"inLanguage\":\"en-US\"},{\"@type\":\"ImageObject\",\"inLanguage\":\"en-US\",\"@id\":\"https:\/\/www.krakowfilmfestival.pl\/en\/industry\/kff-industry-guest-zone\/#primaryimage\",\"url\":\"https:\/\/www.krakowfilmfestival.pl\/wp-content\/uploads\/2026\/04\/mailchimp-4-1.jpg\",\"contentUrl\":\"https:\/\/www.krakowfilmfestival.pl\/wp-content\/uploads\/2026\/04\/mailchimp-4-1.jpg\",\"width\":1920,\"height\":1080},{\"@type\":\"WebPage\",\"@id\":\"https:\/\/www.krakowfilmfestival.pl\/en\/industry\/kff-industry-guest-zone\/#webpage\",\"url\":\"https:\/\/www.krakowfilmfestival.pl\/en\/industry\/kff-industry-guest-zone\/\",\"name\":\"KFF Industry Guest Zone 2026 - Krakow Film Festival\",\"isPartOf\":{\"@id\":\"https:\/\/www.krakowfilmfestival.pl\/en\/#website\"},\"primaryImageOfPage\":{\"@id\":\"https:\/\/www.krakowfilmfestival.pl\/en\/industry\/kff-industry-guest-zone\/#primaryimage\"},\"datePublished\":\"2021-05-27T18:53:57+00:00\",\"dateModified\":\"2026-04-19T19:54:15+00:00\",\"breadcrumb\":{\"@id\":\"https:\/\/www.krakowfilmfestival.pl\/en\/industry\/kff-industry-guest-zone\/#breadcrumb\"},\"inLanguage\":\"en-US\",\"potentialAction\":[{\"@type\":\"ReadAction\",\"target\":[\"https:\/\/www.krakowfilmfestival.pl\/en\/industry\/kff-industry-guest-zone\/\"]}]},{\"@type\":\"BreadcrumbList\",\"@id\":\"https:\/\/www.krakowfilmfestival.pl\/en\/industry\/kff-industry-guest-zone\/#breadcrumb\",\"itemListElement\":[{\"@type\":\"ListItem\",\"position\":1,\"name\":\"Strona g\u0142\u00f3wna\",\"item\":\"https:\/\/www.krakowfilmfestival.pl\/en\/\"},{\"@type\":\"ListItem\",\"position\":2,\"name\":\"KFF Industry\",\"item\":\"https:\/\/www.krakowfilmfestival.pl\/en\/industry\/\"},{\"@type\":\"ListItem\",\"position\":3,\"name\":\"KFF Industry Guest Zone 2026\"}]}]}<\/script>\n<!-- \/ Yoast SEO plugin. -->","yoast_head_json":{"title":"KFF Industry Guest Zone 2026 - Krakow Film Festival","robots":{"index":"index","follow":"follow","max-snippet":"max-snippet:-1","max-image-preview":"max-image-preview:large","max-video-preview":"max-video-preview:-1"},"canonical":"https:\/\/www.krakowfilmfestival.pl\/en\/industry\/kff-industry-guest-zone\/","og_locale":"en_US","og_type":"article","og_title":"KFF Industry Guest Zone 2026 - Krakow Film Festival","og_description":"Welcome at KFF Industry Guest Zone! All the events within this year&#8217;s edition will be held onsite in Krakow. Our venues are ASP &#8211; Akademia Sztuk Pi\u0119knych (Plac Matejki 13), PP &#8211; Potocki Palace (Rynek Glowny 20) and MOS &#8211; Ma\u0142opolski Ogr\u00f3d Sztuki (Rajska 12). The full schedule of all events you can find here. [&hellip;]","og_url":"https:\/\/www.krakowfilmfestival.pl\/en\/industry\/kff-industry-guest-zone\/","og_site_name":"Krakow Film Festival","article_publisher":"https:\/\/www.facebook.com\/krakowfilmfest\/","article_modified_time":"2026-04-19T19:54:15+00:00","og_image":[{"width":1920,"height":1080,"url":"https:\/\/www.krakowfilmfestival.pl\/wp-content\/uploads\/2026\/04\/mailchimp-4-1.jpg","type":"image\/jpeg"}],"twitter_card":"summary_large_image","twitter_site":"@krakowfilmfest","twitter_misc":{"Est. reading time":"2 minutes"},"schema":{"@context":"https:\/\/schema.org","@graph":[{"@type":"Organization","@id":"https:\/\/www.krakowfilmfestival.pl\/en\/#organization","name":"Krakowski Festiwal Filmowy","url":"https:\/\/www.krakowfilmfestival.pl\/en\/","sameAs":["https:\/\/www.instagram.com\/krakowfilmfestival\/","https:\/\/www.youtube.com\/user\/KrakowFilmFoundation","https:\/\/pl.wikipedia.org\/wiki\/Krakowski_Festiwal_Filmowy","https:\/\/www.facebook.com\/krakowfilmfest\/","https:\/\/twitter.com\/krakowfilmfest"],"logo":{"@type":"ImageObject","inLanguage":"en-US","@id":"https:\/\/www.krakowfilmfestival.pl\/en\/#\/schema\/logo\/image\/","url":"https:\/\/www.krakowfilmfestival.pl\/wp-content\/uploads\/2024\/03\/logokff_uniwersalne.jpg","contentUrl":"https:\/\/www.krakowfilmfestival.pl\/wp-content\/uploads\/2024\/03\/logokff_uniwersalne.jpg","width":1241,"height":699,"caption":"Krakowski Festiwal Filmowy"},"image":{"@id":"https:\/\/www.krakowfilmfestival.pl\/en\/#\/schema\/logo\/image\/"}},{"@type":"WebSite","@id":"https:\/\/www.krakowfilmfestival.pl\/en\/#website","url":"https:\/\/www.krakowfilmfestival.pl\/en\/","name":"Krakow Film Festival","description":"In Cracow since 1961","publisher":{"@id":"https:\/\/www.krakowfilmfestival.pl\/en\/#organization"},"potentialAction":[{"@type":"SearchAction","target":{"@type":"EntryPoint","urlTemplate":"https:\/\/www.krakowfilmfestival.pl\/en\/?s={search_term_string}"},"query-input":"required name=search_term_string"}],"inLanguage":"en-US"},{"@type":"ImageObject","inLanguage":"en-US","@id":"https:\/\/www.krakowfilmfestival.pl\/en\/industry\/kff-industry-guest-zone\/#primaryimage","url":"https:\/\/www.krakowfilmfestival.pl\/wp-content\/uploads\/2026\/04\/mailchimp-4-1.jpg","contentUrl":"https:\/\/www.krakowfilmfestival.pl\/wp-content\/uploads\/2026\/04\/mailchimp-4-1.jpg","width":1920,"height":1080},{"@type":"WebPage","@id":"https:\/\/www.krakowfilmfestival.pl\/en\/industry\/kff-industry-guest-zone\/#webpage","url":"https:\/\/www.krakowfilmfestival.pl\/en\/industry\/kff-industry-guest-zone\/","name":"KFF Industry Guest Zone 2026 - Krakow Film Festival","isPartOf":{"@id":"https:\/\/www.krakowfilmfestival.pl\/en\/#website"},"primaryImageOfPage":{"@id":"https:\/\/www.krakowfilmfestival.pl\/en\/industry\/kff-industry-guest-zone\/#primaryimage"},"datePublished":"2021-05-27T18:53:57+00:00","dateModified":"2026-04-19T19:54:15+00:00","breadcrumb":{"@id":"https:\/\/www.krakowfilmfestival.pl\/en\/industry\/kff-industry-guest-zone\/#breadcrumb"},"inLanguage":"en-US","potentialAction":[{"@type":"ReadAction","target":["https:\/\/www.krakowfilmfestival.pl\/en\/industry\/kff-industry-guest-zone\/"]}]},{"@type":"BreadcrumbList","@id":"https:\/\/www.krakowfilmfestival.pl\/en\/industry\/kff-industry-guest-zone\/#breadcrumb","itemListElement":[{"@type":"ListItem","position":1,"name":"Strona g\u0142\u00f3wna","item":"https:\/\/www.krakowfilmfestival.pl\/en\/"},{"@type":"ListItem","position":2,"name":"KFF Industry","item":"https:\/\/www.krakowfilmfestival.pl\/en\/industry\/"},{"@type":"ListItem","position":3,"name":"KFF Industry Guest Zone 2026"}]}]}},"_links":{"self":[{"href":"https:\/\/www.krakowfilmfestival.pl\/en\/wp-json\/wp\/v2\/pages\/29872"}],"collection":[{"href":"https:\/\/www.krakowfilmfestival.pl\/en\/wp-json\/wp\/v2\/pages"}],"about":[{"href":"https:\/\/www.krakowfilmfestival.pl\/en\/wp-json\/wp\/v2\/types\/page"}],"author":[{"embeddable":true,"href":"https:\/\/www.krakowfilmfestival.pl\/en\/wp-json\/wp\/v2\/users\/7"}],"replies":[{"embeddable":true,"href":"https:\/\/www.krakowfilmfestival.pl\/en\/wp-json\/wp\/v2\/comments?post=29872"}],"version-history":[{"count":9,"href":"https:\/\/www.krakowfilmfestival.pl\/en\/wp-json\/wp\/v2\/pages\/29872\/revisions"}],"predecessor-version":[{"id":74344,"href":"https:\/\/www.krakowfilmfestival.pl\/en\/wp-json\/wp\/v2\/pages\/29872\/revisions\/74344"}],"up":[{"embeddable":true,"href":"https:\/\/www.krakowfilmfestival.pl\/en\/wp-json\/wp\/v2\/pages\/219"}],"wp:featuredmedia":[{"embeddable":true,"href":"https:\/\/www.krakowfilmfestival.pl\/en\/wp-json\/wp\/v2\/media\/74339"}],"wp:attachment":[{"href":"https:\/\/www.krakowfilmfestival.pl\/en\/wp-json\/wp\/v2\/media?parent=29872"}],"curies":[{"name":"wp","href":"https:\/\/api.w.org\/{rel}","templated":true}]}}