{"id":58683,"date":"2024-05-21T12:37:45","date_gmt":"2024-05-21T10:37:45","guid":{"rendered":"https:\/\/www.krakowfilmfestival.pl\/?page_id=58683"},"modified":"2024-05-21T12:37:46","modified_gmt":"2024-05-21T10:37:46","slug":"for-young-viewers","status":"publish","type":"page","link":"https:\/\/www.krakowfilmfestival.pl\/en\/64th-kff\/accompanying-events\/for-young-viewers\/","title":{"rendered":"FOR YOUNG VIEWERS"},"content":{"rendered":"\n<h3>Retro Cartoons. A family screening<\/h3>\n\n\n\n<h4>26.05 SUN 12:00 | KIJ\u00d3W Studio<br>1.06 SAT 14:00 | AGRAFKA<\/h4>\n\n\n\n<p>FINA The National Film Archive- Audiovisual Institute invites you to the Retro Cartoons family screening. It will include 6 episodes of the animated series \u2018Enchanted Pencil\u2019 produced by the Se-Ma-For Film Studio in \u0141\u00f3d\u017a in 1964-1977 and later digitised by FINA.\u00a0This iconic Polish animation for children will transfer you to the childhood of your parents and grandparents, at the same time stimulating the imagination of the youngest viewers. Older audience members will have an opportunity to take a break and return to carefree moments of their childhood.\u00a0<\/p>\n\n\n\n<p>In Polish only<\/p>\n\n\n\n<p>Free admission<\/p>\n\n\n\n<p>Partner<\/p>\n\n\n\n<figure class=\"wp-block-image size-full\"><img loading=\"lazy\" width=\"334\" height=\"168\" src=\"https:\/\/www.krakowfilmfestival.pl\/wp-content\/uploads\/2024\/05\/fina.jpg\" alt=\"\" class=\"wp-image-58119\" \/><\/figure>\n","protected":false},"excerpt":{"rendered":"<p>Retro Cartoons. A family screening 26.05 SUN 12:00 | KIJ\u00d3W Studio1.06 SAT 14:00 | AGRAFKA FINA The National Film Archive- Audiovisual Institute invites you to the Retro Cartoons family screening. It will include 6 episodes of the animated series \u2018Enchanted Pencil\u2019 produced by the Se-Ma-For Film Studio in \u0141\u00f3d\u017a in 1964-1977 and later digitised by [&hellip;]<\/p>\n","protected":false},"author":28,"featured_media":56737,"parent":39367,"menu_order":250,"comment_status":"closed","ping_status":"closed","template":"","meta":[],"acf":[],"yoast_head":"<!-- This site is optimized with the Yoast SEO plugin v18.9 - https:\/\/yoast.com\/wordpress\/plugins\/seo\/ -->\n<title>FOR YOUNG VIEWERS - Krakow Film Festival<\/title>\n<meta name=\"robots\" content=\"index, follow, max-snippet:-1, max-image-preview:large, max-video-preview:-1\" \/>\n<link rel=\"canonical\" href=\"https:\/\/www.krakowfilmfestival.pl\/en\/64th-kff\/accompanying-events\/for-young-viewers\/\" \/>\n<meta property=\"og:locale\" content=\"en_US\" \/>\n<meta property=\"og:type\" content=\"article\" \/>\n<meta property=\"og:title\" content=\"FOR YOUNG VIEWERS - Krakow Film Festival\" \/>\n<meta property=\"og:description\" content=\"Retro Cartoons. A family screening 26.05 SUN 12:00 | KIJ\u00d3W Studio1.06 SAT 14:00 | AGRAFKA FINA The National Film Archive- Audiovisual Institute invites you to the Retro Cartoons family screening. It will include 6 episodes of the animated series \u2018Enchanted Pencil\u2019 produced by the Se-Ma-For Film Studio in \u0141\u00f3d\u017a in 1964-1977 and later digitised by [&hellip;]\" \/>\n<meta property=\"og:url\" content=\"https:\/\/www.krakowfilmfestival.pl\/en\/64th-kff\/accompanying-events\/for-young-viewers\/\" \/>\n<meta property=\"og:site_name\" content=\"Krakow Film Festival\" \/>\n<meta property=\"article:publisher\" content=\"https:\/\/www.facebook.com\/krakowfilmfest\/\" \/>\n<meta property=\"article:modified_time\" content=\"2024-05-21T10:37:46+00:00\" \/>\n<meta property=\"og:image\" content=\"https:\/\/www.krakowfilmfestival.pl\/wp-content\/uploads\/2024\/05\/zo_malpie-figle.jpg\" \/>\n\t<meta property=\"og:image:width\" content=\"492\" \/>\n\t<meta property=\"og:image:height\" content=\"450\" \/>\n\t<meta property=\"og:image:type\" content=\"image\/jpeg\" \/>\n<meta name=\"twitter:card\" content=\"summary_large_image\" \/>\n<meta name=\"twitter:site\" content=\"@krakowfilmfest\" \/>\n<meta name=\"twitter:label1\" content=\"Est. reading time\" \/>\n\t<meta name=\"twitter:data1\" content=\"1 minute\" \/>\n<script type=\"application\/ld+json\" class=\"yoast-schema-graph\">{\"@context\":\"https:\/\/schema.org\",\"@graph\":[{\"@type\":\"Organization\",\"@id\":\"https:\/\/www.krakowfilmfestival.pl\/en\/#organization\",\"name\":\"Krakowski Festiwal Filmowy\",\"url\":\"https:\/\/www.krakowfilmfestival.pl\/en\/\",\"sameAs\":[\"https:\/\/www.instagram.com\/krakowfilmfestival\/\",\"https:\/\/www.youtube.com\/user\/KrakowFilmFoundation\",\"https:\/\/pl.wikipedia.org\/wiki\/Krakowski_Festiwal_Filmowy\",\"https:\/\/www.facebook.com\/krakowfilmfest\/\",\"https:\/\/twitter.com\/krakowfilmfest\"],\"logo\":{\"@type\":\"ImageObject\",\"inLanguage\":\"en-US\",\"@id\":\"https:\/\/www.krakowfilmfestival.pl\/en\/#\/schema\/logo\/image\/\",\"url\":\"https:\/\/www.krakowfilmfestival.pl\/wp-content\/uploads\/2024\/03\/logokff_uniwersalne.jpg\",\"contentUrl\":\"https:\/\/www.krakowfilmfestival.pl\/wp-content\/uploads\/2024\/03\/logokff_uniwersalne.jpg\",\"width\":1241,\"height\":699,\"caption\":\"Krakowski Festiwal Filmowy\"},\"image\":{\"@id\":\"https:\/\/www.krakowfilmfestival.pl\/en\/#\/schema\/logo\/image\/\"}},{\"@type\":\"WebSite\",\"@id\":\"https:\/\/www.krakowfilmfestival.pl\/en\/#website\",\"url\":\"https:\/\/www.krakowfilmfestival.pl\/en\/\",\"name\":\"Krakow Film Festival\",\"description\":\"In Cracow since 1961\",\"publisher\":{\"@id\":\"https:\/\/www.krakowfilmfestival.pl\/en\/#organization\"},\"potentialAction\":[{\"@type\":\"SearchAction\",\"target\":{\"@type\":\"EntryPoint\",\"urlTemplate\":\"https:\/\/www.krakowfilmfestival.pl\/en\/?s={search_term_string}\"},\"query-input\":\"required name=search_term_string\"}],\"inLanguage\":\"en-US\"},{\"@type\":\"ImageObject\",\"inLanguage\":\"en-US\",\"@id\":\"https:\/\/www.krakowfilmfestival.pl\/en\/64th-kff\/accompanying-events\/for-young-viewers\/#primaryimage\",\"url\":\"https:\/\/www.krakowfilmfestival.pl\/wp-content\/uploads\/2024\/05\/zo_malpie-figle.jpg\",\"contentUrl\":\"https:\/\/www.krakowfilmfestival.pl\/wp-content\/uploads\/2024\/05\/zo_malpie-figle.jpg\",\"width\":492,\"height\":450},{\"@type\":\"WebPage\",\"@id\":\"https:\/\/www.krakowfilmfestival.pl\/en\/64th-kff\/accompanying-events\/for-young-viewers\/#webpage\",\"url\":\"https:\/\/www.krakowfilmfestival.pl\/en\/64th-kff\/accompanying-events\/for-young-viewers\/\",\"name\":\"FOR YOUNG VIEWERS - Krakow Film Festival\",\"isPartOf\":{\"@id\":\"https:\/\/www.krakowfilmfestival.pl\/en\/#website\"},\"primaryImageOfPage\":{\"@id\":\"https:\/\/www.krakowfilmfestival.pl\/en\/64th-kff\/accompanying-events\/for-young-viewers\/#primaryimage\"},\"datePublished\":\"2024-05-21T10:37:45+00:00\",\"dateModified\":\"2024-05-21T10:37:46+00:00\",\"breadcrumb\":{\"@id\":\"https:\/\/www.krakowfilmfestival.pl\/en\/64th-kff\/accompanying-events\/for-young-viewers\/#breadcrumb\"},\"inLanguage\":\"en-US\",\"potentialAction\":[{\"@type\":\"ReadAction\",\"target\":[\"https:\/\/www.krakowfilmfestival.pl\/en\/64th-kff\/accompanying-events\/for-young-viewers\/\"]}]},{\"@type\":\"BreadcrumbList\",\"@id\":\"https:\/\/www.krakowfilmfestival.pl\/en\/64th-kff\/accompanying-events\/for-young-viewers\/#breadcrumb\",\"itemListElement\":[{\"@type\":\"ListItem\",\"position\":1,\"name\":\"Strona g\u0142\u00f3wna\",\"item\":\"https:\/\/www.krakowfilmfestival.pl\/en\/\"},{\"@type\":\"ListItem\",\"position\":2,\"name\":\"Krakow Film Festival 2024\",\"item\":\"https:\/\/www.krakowfilmfestival.pl\/en\/64th-kff\/\"},{\"@type\":\"ListItem\",\"position\":3,\"name\":\"Accompanying Events\",\"item\":\"https:\/\/www.krakowfilmfestival.pl\/en\/64th-kff\/accompanying-events\/\"},{\"@type\":\"ListItem\",\"position\":4,\"name\":\"FOR YOUNG VIEWERS\"}]}]}<\/script>\n<!-- \/ Yoast SEO plugin. -->","yoast_head_json":{"title":"FOR YOUNG VIEWERS - Krakow Film Festival","robots":{"index":"index","follow":"follow","max-snippet":"max-snippet:-1","max-image-preview":"max-image-preview:large","max-video-preview":"max-video-preview:-1"},"canonical":"https:\/\/www.krakowfilmfestival.pl\/en\/64th-kff\/accompanying-events\/for-young-viewers\/","og_locale":"en_US","og_type":"article","og_title":"FOR YOUNG VIEWERS - Krakow Film Festival","og_description":"Retro Cartoons. A family screening 26.05 SUN 12:00 | KIJ\u00d3W Studio1.06 SAT 14:00 | AGRAFKA FINA The National Film Archive- Audiovisual Institute invites you to the Retro Cartoons family screening. It will include 6 episodes of the animated series \u2018Enchanted Pencil\u2019 produced by the Se-Ma-For Film Studio in \u0141\u00f3d\u017a in 1964-1977 and later digitised by [&hellip;]","og_url":"https:\/\/www.krakowfilmfestival.pl\/en\/64th-kff\/accompanying-events\/for-young-viewers\/","og_site_name":"Krakow Film Festival","article_publisher":"https:\/\/www.facebook.com\/krakowfilmfest\/","article_modified_time":"2024-05-21T10:37:46+00:00","og_image":[{"width":492,"height":450,"url":"https:\/\/www.krakowfilmfestival.pl\/wp-content\/uploads\/2024\/05\/zo_malpie-figle.jpg","type":"image\/jpeg"}],"twitter_card":"summary_large_image","twitter_site":"@krakowfilmfest","twitter_misc":{"Est. reading time":"1 minute"},"schema":{"@context":"https:\/\/schema.org","@graph":[{"@type":"Organization","@id":"https:\/\/www.krakowfilmfestival.pl\/en\/#organization","name":"Krakowski Festiwal Filmowy","url":"https:\/\/www.krakowfilmfestival.pl\/en\/","sameAs":["https:\/\/www.instagram.com\/krakowfilmfestival\/","https:\/\/www.youtube.com\/user\/KrakowFilmFoundation","https:\/\/pl.wikipedia.org\/wiki\/Krakowski_Festiwal_Filmowy","https:\/\/www.facebook.com\/krakowfilmfest\/","https:\/\/twitter.com\/krakowfilmfest"],"logo":{"@type":"ImageObject","inLanguage":"en-US","@id":"https:\/\/www.krakowfilmfestival.pl\/en\/#\/schema\/logo\/image\/","url":"https:\/\/www.krakowfilmfestival.pl\/wp-content\/uploads\/2024\/03\/logokff_uniwersalne.jpg","contentUrl":"https:\/\/www.krakowfilmfestival.pl\/wp-content\/uploads\/2024\/03\/logokff_uniwersalne.jpg","width":1241,"height":699,"caption":"Krakowski Festiwal Filmowy"},"image":{"@id":"https:\/\/www.krakowfilmfestival.pl\/en\/#\/schema\/logo\/image\/"}},{"@type":"WebSite","@id":"https:\/\/www.krakowfilmfestival.pl\/en\/#website","url":"https:\/\/www.krakowfilmfestival.pl\/en\/","name":"Krakow Film Festival","description":"In Cracow since 1961","publisher":{"@id":"https:\/\/www.krakowfilmfestival.pl\/en\/#organization"},"potentialAction":[{"@type":"SearchAction","target":{"@type":"EntryPoint","urlTemplate":"https:\/\/www.krakowfilmfestival.pl\/en\/?s={search_term_string}"},"query-input":"required name=search_term_string"}],"inLanguage":"en-US"},{"@type":"ImageObject","inLanguage":"en-US","@id":"https:\/\/www.krakowfilmfestival.pl\/en\/64th-kff\/accompanying-events\/for-young-viewers\/#primaryimage","url":"https:\/\/www.krakowfilmfestival.pl\/wp-content\/uploads\/2024\/05\/zo_malpie-figle.jpg","contentUrl":"https:\/\/www.krakowfilmfestival.pl\/wp-content\/uploads\/2024\/05\/zo_malpie-figle.jpg","width":492,"height":450},{"@type":"WebPage","@id":"https:\/\/www.krakowfilmfestival.pl\/en\/64th-kff\/accompanying-events\/for-young-viewers\/#webpage","url":"https:\/\/www.krakowfilmfestival.pl\/en\/64th-kff\/accompanying-events\/for-young-viewers\/","name":"FOR YOUNG VIEWERS - Krakow Film Festival","isPartOf":{"@id":"https:\/\/www.krakowfilmfestival.pl\/en\/#website"},"primaryImageOfPage":{"@id":"https:\/\/www.krakowfilmfestival.pl\/en\/64th-kff\/accompanying-events\/for-young-viewers\/#primaryimage"},"datePublished":"2024-05-21T10:37:45+00:00","dateModified":"2024-05-21T10:37:46+00:00","breadcrumb":{"@id":"https:\/\/www.krakowfilmfestival.pl\/en\/64th-kff\/accompanying-events\/for-young-viewers\/#breadcrumb"},"inLanguage":"en-US","potentialAction":[{"@type":"ReadAction","target":["https:\/\/www.krakowfilmfestival.pl\/en\/64th-kff\/accompanying-events\/for-young-viewers\/"]}]},{"@type":"BreadcrumbList","@id":"https:\/\/www.krakowfilmfestival.pl\/en\/64th-kff\/accompanying-events\/for-young-viewers\/#breadcrumb","itemListElement":[{"@type":"ListItem","position":1,"name":"Strona g\u0142\u00f3wna","item":"https:\/\/www.krakowfilmfestival.pl\/en\/"},{"@type":"ListItem","position":2,"name":"Krakow Film Festival 2024","item":"https:\/\/www.krakowfilmfestival.pl\/en\/64th-kff\/"},{"@type":"ListItem","position":3,"name":"Accompanying Events","item":"https:\/\/www.krakowfilmfestival.pl\/en\/64th-kff\/accompanying-events\/"},{"@type":"ListItem","position":4,"name":"FOR YOUNG VIEWERS"}]}]}},"_links":{"self":[{"href":"https:\/\/www.krakowfilmfestival.pl\/en\/wp-json\/wp\/v2\/pages\/58683"}],"collection":[{"href":"https:\/\/www.krakowfilmfestival.pl\/en\/wp-json\/wp\/v2\/pages"}],"about":[{"href":"https:\/\/www.krakowfilmfestival.pl\/en\/wp-json\/wp\/v2\/types\/page"}],"author":[{"embeddable":true,"href":"https:\/\/www.krakowfilmfestival.pl\/en\/wp-json\/wp\/v2\/users\/28"}],"replies":[{"embeddable":true,"href":"https:\/\/www.krakowfilmfestival.pl\/en\/wp-json\/wp\/v2\/comments?post=58683"}],"version-history":[{"count":2,"href":"https:\/\/www.krakowfilmfestival.pl\/en\/wp-json\/wp\/v2\/pages\/58683\/revisions"}],"predecessor-version":[{"id":58701,"href":"https:\/\/www.krakowfilmfestival.pl\/en\/wp-json\/wp\/v2\/pages\/58683\/revisions\/58701"}],"up":[{"embeddable":true,"href":"https:\/\/www.krakowfilmfestival.pl\/en\/wp-json\/wp\/v2\/pages\/39367"}],"wp:featuredmedia":[{"embeddable":true,"href":"https:\/\/www.krakowfilmfestival.pl\/en\/wp-json\/wp\/v2\/media\/56737"}],"wp:attachment":[{"href":"https:\/\/www.krakowfilmfestival.pl\/en\/wp-json\/wp\/v2\/media?parent=58683"}],"curies":[{"name":"wp","href":"https:\/\/api.w.org\/{rel}","templated":true}]}}