{"id":58716,"date":"2024-05-21T13:12:58","date_gmt":"2024-05-21T11:12:58","guid":{"rendered":"https:\/\/www.krakowfilmfestival.pl\/?page_id=58716"},"modified":"2024-05-21T13:13:00","modified_gmt":"2024-05-21T11:13:00","slug":"special-screenings","status":"publish","type":"page","link":"https:\/\/www.krakowfilmfestival.pl\/en\/64th-kff\/accompanying-events\/special-screenings\/","title":{"rendered":"SPECIAL SCREENINGS"},"content":{"rendered":"\n<h4><strong>Premiere screening of <em>Wa\u0142\u0119sa by Wa\u0142\u0119sa<\/em> by Andrzej Fidyk<\/strong><\/h4>\n\n\n\n<h5>30.05 THU 18:00 | Muzeum Sztuki i Techniki Japo\u0144skiej MANGGHA<\/h5>\n\n\n\n<p>This special screening features the last film retained on the archive shelves tagged as \u2018threatening for Polish audiences.\u2019 Made in 2015, it will finally be aired by Polish Television on June 4, which marks the 35<sup>th<\/sup> anniversary of the first free parliamentary elections in post-war Poland. The film is a portrayal of Lech Wa\u0142\u0119sa \u2013 the Solidarity movement leader, a Nobel Prize laureate and Poland\u2019s president \u2013 from his own perspective in a conversation with the director \u2013 Andrzej Fidyk, the script co-author \u2013 Anna Wi\u0119ckowska, the protagonist\u2019s wife \u2013 Danuta Wa\u0142\u0119sa and son Bogdan, who presides over the Wa\u0142\u0119sa Institute Foundation.<\/p>\n\n\n\n<p>In Polish only<\/p>\n\n\n\n<p>\u00a0Invitations apply<\/p>\n\n\n\n<figure class=\"wp-block-image size-large is-resized\"><a href=\"https:\/\/manggha.pl\/\"><img loading=\"lazy\" src=\"https:\/\/www.krakowfilmfestival.pl\/wp-content\/uploads\/2024\/05\/manggha30lat-1920x1920.jpg\" alt=\"\" class=\"wp-image-57624\" width=\"199\" height=\"199\" srcset=\"https:\/\/www.krakowfilmfestival.pl\/wp-content\/uploads\/2024\/05\/manggha30lat-1920x1920.jpg 1920w, https:\/\/www.krakowfilmfestival.pl\/wp-content\/uploads\/2024\/05\/manggha30lat-729x729.jpg 729w, https:\/\/www.krakowfilmfestival.pl\/wp-content\/uploads\/2024\/05\/manggha30lat-1536x1536.jpg 1536w, https:\/\/www.krakowfilmfestival.pl\/wp-content\/uploads\/2024\/05\/manggha30lat.jpg 2048w\" sizes=\"(max-width: 199px) 100vw, 199px\" \/><\/a><\/figure>\n\n\n\n<h4><em>The School, A World<\/em>. Special screening of an interactive documentary by Iga \u0141api\u0144ska<\/h4>\n\n\n\n<h5>30.05 THU 11:00 | Kij\u00f3w Studio<\/h5>\n\n\n\n<p>S\u0142awek runs through the fields with a metal detector. Marzena is browsing Facebook in the barn. Adam with a bending barbell breaks the world record in weightlifting. Only cows still go to school. Where? In Chlebiotki, a small village in Poland. Only 60 people live here. In houses rimmed with thujas to ward off neighbours. In the evening everyone is online. Longing for something different. This interactive documentary is based on observations, annoyance and love. The director grew up in the village and returned years later. What did she find there?<\/p>\n\n\n\n<p>Partner:<\/p>\n\n\n\n<figure class=\"wp-block-image size-full is-resized\"><a href=\"https:\/\/theschool.vnlab.org\/\"><img loading=\"lazy\" src=\"https:\/\/www.krakowfilmfestival.pl\/wp-content\/uploads\/2024\/05\/vn_lab.png\" alt=\"\" class=\"wp-image-56102\" width=\"206\" height=\"84\" \/><\/a><\/figure>\n\n\n\n<h4>Screening of A Strong Man, dir. Henryk Szaro (PL, 1929, 78\u2019) with live music by Piotr Orzechowski i Kuba Wi\u0119cek<\/h4>\n\n\n\n<h5>31.05 FRI 18:00 | Muzeum Sztuki i Techniki Japo\u0144skiej MANGGHA<\/h5>\n\n\n\n<p>The Krakow Film Festival in collaboration with the FINA National Film Archive &#8211; Audiovisual Institute invites to the screening of a silent film A Strong Man with live music. The film will be presented on the 35mm film from the FINA archive.<\/p>\n\n\n\n<p>A Strong Man by Henryk Szaro is an adaptation of Stanis\u0142aw Przybyszewski\u2019s novel, a formal reference to German expressionism. This psychological drama presenting successive stages of an artist\u2019s moral decline is one of the last Polish films of the silent cinema era, which was considered to be lost for almost 70 years. Live music will be performed by Piotr Orzechowski and Kuba Wi\u0119cek. A partner of the screening is the Silent Film Festival in Krakow.<\/p>\n\n\n\n<p>Tickets apply<\/p>\n\n\n\n<p>Partner:<\/p>\n\n\n\n<figure class=\"wp-block-image size-full is-resized\"><a href=\"https:\/\/www.facebook.com\/festiwalfilmuniemego\/?locale=pl_PL\"><img loading=\"lazy\" src=\"https:\/\/www.krakowfilmfestival.pl\/wp-content\/uploads\/2024\/05\/festiwal-filmu-niemego_logo.jpg\" alt=\"\" class=\"wp-image-57630\" width=\"147\" height=\"142\" \/><\/a><figcaption><a href=\"https:\/\/www.fina.gov.pl\/\"><\/a><a href=\"https:\/\/www.fina.gov.pl\/\"><\/a><\/figcaption><\/figure>\n\n\n\n<figure class=\"wp-block-image size-full is-resized\"><a href=\"https:\/\/www.fina.gov.pl\/\"><img loading=\"lazy\" src=\"https:\/\/www.krakowfilmfestival.pl\/wp-content\/uploads\/2024\/05\/fina.jpg\" alt=\"\" class=\"wp-image-58119\" width=\"241\" height=\"122\" \/><\/a><\/figure>\n\n\n\n<h4><strong>75th Anniversary of the WFO Educational Film Studio<\/strong><\/h4>\n\n\n\n<h5>6.05 SUN 15:00 | AGRAFKA, 29.05 WED 18:00 | KIJ\u00d3W STUDIO<strong> <\/strong>1<\/h5>\n\n\n\n<p>With 4500 films, over 1200 Polish and international awards, and a prestigious place in the history of cinematography, it\u2019s hard to imagine Polish documentary filmmaking without the involvement of the WFO Film Studio in \u0141\u00f3d\u017a. It was there that masters such as Wojciech Wiszniewski, Bogdan Dziworski, Piotr Szulkin, Jacek B\u0142awut, and Grzegorz Kr\u00f3likiewicz created their works. The celebrations of the WFO Film Studio\u2019s 75th anniversary during the 64th Krakow Film Festival are a unique opportunity to see seven exceptional films created in the \u0141\u00f3d\u017a-based studio on the big screen.<\/p>\n\n\n\n<h4>Screening of films<\/h4>\n\n\n\n<ul><li><em>Glory of the Bull<\/em> dir. Andrzej Papuzi\u0144ski (PL), D, 13\u2019<\/li><li><em>Frost Is Coming<\/em> dir. Piotr Andrejew (PL), D, 20\u2019<\/li><li><em>A Girl With a Faggot<\/em> dir. Piotr Szulkin (PL), F, 16\u2019<\/li><li><em>Elementary<\/em> dir. Wojciech Wiszniewski (PL), D, 8\u2019<\/li><li><em>Hockey<\/em> dir. Bogdan Dziworski (PL), D, 12\u2019<\/li><li><em>Catastrophy<\/em> dir. Marek Dr\u0105\u017cewski (PL), D, 17\u2019<\/li><li><em>Rat Pack<\/em> dir. Andrzej Czarnecki (PL), D, 20\u2019<\/li><li><em>A Lump of Sugar<\/em> dir. Jacek B\u0142awut (PL), D, 9\u2019<\/li><\/ul>\n\n\n\n<p>Tickets apply<\/p>\n\n\n\n<p>Polish\/English<\/p>\n\n\n\n<p>Partner:<\/p>\n\n\n\n<figure class=\"wp-block-image size-full is-resized\"><a href=\"https:\/\/www.wfo.com.pl\/\"><img loading=\"lazy\" src=\"https:\/\/www.krakowfilmfestival.pl\/wp-content\/uploads\/2019\/04\/wfo.png\" alt=\"\" class=\"wp-image-12203\" width=\"194\" height=\"194\" \/><\/a><\/figure>\n\n\n\n<h4><strong>Pokaz filmu <em>Berchidda Live<\/em> w re\u017cyserii Gianfranco Cabiddu, Michelle Mellara, Alessandro Rossi oraz spotkanie z tw\u00f3rcami i zaproszonymi go\u015b\u0107mi.<\/strong><\/h4>\n\n\n\n<h5>31.05 FRI 18:30 | W\u0141OSKI INSTYTUT KULTURY<\/h5>\n\n\n\n<p>Time in Jazz festival is inherently linked to the place where it has been organized since 1988, i.e. the town of Berchidda in Sardinia. In beautiful natural surroundings one may absorb a variety of music traditions and the film is a portrayal of this atmospheric event and the people who create it. The meeting with the filmmakers will be attended by representatives of the Krakow jazz scene.<\/p>\n\n\n\n<p>Italian\/Polish<\/p>\n\n\n\n<p>Free admission<\/p>\n\n\n\n<figure class=\"wp-block-image size-full is-resized\"><a href=\"https:\/\/iiccracovia.esteri.it\/pl\/\"><img loading=\"lazy\" src=\"https:\/\/www.krakowfilmfestival.pl\/wp-content\/uploads\/2024\/04\/wloski_instytut_kultury.png\" alt=\"\" class=\"wp-image-54668\" width=\"188\" height=\"125\" srcset=\"https:\/\/www.krakowfilmfestival.pl\/wp-content\/uploads\/2024\/04\/wloski_instytut_kultury.png 886w, https:\/\/www.krakowfilmfestival.pl\/wp-content\/uploads\/2024\/04\/wloski_instytut_kultury-729x486.png 729w\" sizes=\"(max-width: 188px) 100vw, 188px\" \/><\/a><\/figure>\n\n\n\n<h3><strong>CLOSING FILM<\/strong><\/h3>\n\n\n\n<h4><strong>Premiere screening of <em>All Inclusive<\/em> by Ma\u0142gorzata Szumowska and Micha\u0142 Englert<\/strong><\/h4>\n\n\n\n<h5>01.06 SAT 18:00 | KINO KIJ\u00d3W<\/h5>\n\n\n\n<p>Yet again, Ma\u0142gorzata Szumowska and Micha\u0142 Englert return with a proposal of non-obvious artistic cinema which escapes categorisation, yet contains many cinephilic flavours.\u00a0 <em>All Inclusive <\/em>displays the full spectrum of Polish attitudes, vices and personalities. Talking heads typical of documentaries are placed next to musical scenes and existential dramas, while amateur actors meet such professional performers as Andrzej Chyra or Izabela Kuna. The screening will be attended by the film authors.<\/p>\n\n\n\n<p>Tickets apply<\/p>\n","protected":false},"excerpt":{"rendered":"<p>Premiere screening of Wa\u0142\u0119sa by Wa\u0142\u0119sa by Andrzej Fidyk 30.05 THU 18:00 | Muzeum Sztuki i Techniki Japo\u0144skiej MANGGHA This special screening features the last film retained on the archive shelves tagged as \u2018threatening for Polish audiences.\u2019 Made in 2015, it will finally be aired by Polish Television on June 4, which marks the 35th [&hellip;]<\/p>\n","protected":false},"author":28,"featured_media":54089,"parent":39367,"menu_order":245,"comment_status":"closed","ping_status":"closed","template":"","meta":[],"acf":[],"yoast_head":"<!-- This site is optimized with the Yoast SEO plugin v18.9 - https:\/\/yoast.com\/wordpress\/plugins\/seo\/ -->\n<title>SPECIAL SCREENINGS - Krakow Film Festival<\/title>\n<meta name=\"robots\" content=\"index, follow, max-snippet:-1, max-image-preview:large, max-video-preview:-1\" \/>\n<link rel=\"canonical\" href=\"https:\/\/www.krakowfilmfestival.pl\/en\/64th-kff\/accompanying-events\/special-screenings\/\" \/>\n<meta property=\"og:locale\" content=\"en_US\" \/>\n<meta property=\"og:type\" content=\"article\" \/>\n<meta property=\"og:title\" content=\"SPECIAL SCREENINGS - Krakow Film Festival\" \/>\n<meta property=\"og:description\" content=\"Premiere screening of Wa\u0142\u0119sa by Wa\u0142\u0119sa by Andrzej Fidyk 30.05 THU 18:00 | Muzeum Sztuki i Techniki Japo\u0144skiej MANGGHA This special screening features the last film retained on the archive shelves tagged as \u2018threatening for Polish audiences.\u2019 Made in 2015, it will finally be aired by Polish Television on June 4, which marks the 35th [&hellip;]\" \/>\n<meta property=\"og:url\" content=\"https:\/\/www.krakowfilmfestival.pl\/en\/64th-kff\/accompanying-events\/special-screenings\/\" \/>\n<meta property=\"og:site_name\" content=\"Krakow Film Festival\" \/>\n<meta property=\"article:publisher\" content=\"https:\/\/www.facebook.com\/krakowfilmfest\/\" \/>\n<meta property=\"article:modified_time\" content=\"2024-05-21T11:13:00+00:00\" \/>\n<meta property=\"og:image\" content=\"https:\/\/www.krakowfilmfestival.pl\/wp-content\/uploads\/2024\/04\/szablony-w-tle-1920-x-1080-px-3.jpg\" \/>\n\t<meta property=\"og:image:width\" content=\"1920\" \/>\n\t<meta property=\"og:image:height\" content=\"1080\" \/>\n\t<meta property=\"og:image:type\" content=\"image\/jpeg\" \/>\n<meta name=\"twitter:card\" content=\"summary_large_image\" \/>\n<meta name=\"twitter:site\" content=\"@krakowfilmfest\" \/>\n<meta name=\"twitter:label1\" content=\"Est. reading time\" \/>\n\t<meta name=\"twitter:data1\" content=\"6 minutes\" \/>\n<script type=\"application\/ld+json\" class=\"yoast-schema-graph\">{\"@context\":\"https:\/\/schema.org\",\"@graph\":[{\"@type\":\"Organization\",\"@id\":\"https:\/\/www.krakowfilmfestival.pl\/en\/#organization\",\"name\":\"Krakowski Festiwal Filmowy\",\"url\":\"https:\/\/www.krakowfilmfestival.pl\/en\/\",\"sameAs\":[\"https:\/\/www.instagram.com\/krakowfilmfestival\/\",\"https:\/\/www.youtube.com\/user\/KrakowFilmFoundation\",\"https:\/\/pl.wikipedia.org\/wiki\/Krakowski_Festiwal_Filmowy\",\"https:\/\/www.facebook.com\/krakowfilmfest\/\",\"https:\/\/twitter.com\/krakowfilmfest\"],\"logo\":{\"@type\":\"ImageObject\",\"inLanguage\":\"en-US\",\"@id\":\"https:\/\/www.krakowfilmfestival.pl\/en\/#\/schema\/logo\/image\/\",\"url\":\"https:\/\/www.krakowfilmfestival.pl\/wp-content\/uploads\/2024\/03\/logokff_uniwersalne.jpg\",\"contentUrl\":\"https:\/\/www.krakowfilmfestival.pl\/wp-content\/uploads\/2024\/03\/logokff_uniwersalne.jpg\",\"width\":1241,\"height\":699,\"caption\":\"Krakowski Festiwal Filmowy\"},\"image\":{\"@id\":\"https:\/\/www.krakowfilmfestival.pl\/en\/#\/schema\/logo\/image\/\"}},{\"@type\":\"WebSite\",\"@id\":\"https:\/\/www.krakowfilmfestival.pl\/en\/#website\",\"url\":\"https:\/\/www.krakowfilmfestival.pl\/en\/\",\"name\":\"Krakow Film Festival\",\"description\":\"In Cracow since 1961\",\"publisher\":{\"@id\":\"https:\/\/www.krakowfilmfestival.pl\/en\/#organization\"},\"potentialAction\":[{\"@type\":\"SearchAction\",\"target\":{\"@type\":\"EntryPoint\",\"urlTemplate\":\"https:\/\/www.krakowfilmfestival.pl\/en\/?s={search_term_string}\"},\"query-input\":\"required name=search_term_string\"}],\"inLanguage\":\"en-US\"},{\"@type\":\"ImageObject\",\"inLanguage\":\"en-US\",\"@id\":\"https:\/\/www.krakowfilmfestival.pl\/en\/64th-kff\/accompanying-events\/special-screenings\/#primaryimage\",\"url\":\"https:\/\/www.krakowfilmfestival.pl\/wp-content\/uploads\/2024\/04\/szablony-w-tle-1920-x-1080-px-3.jpg\",\"contentUrl\":\"https:\/\/www.krakowfilmfestival.pl\/wp-content\/uploads\/2024\/04\/szablony-w-tle-1920-x-1080-px-3.jpg\",\"width\":1920,\"height\":1080,\"caption\":\"All_Inclusive_dir_M.Szumowska_M.Englert\"},{\"@type\":\"WebPage\",\"@id\":\"https:\/\/www.krakowfilmfestival.pl\/en\/64th-kff\/accompanying-events\/special-screenings\/#webpage\",\"url\":\"https:\/\/www.krakowfilmfestival.pl\/en\/64th-kff\/accompanying-events\/special-screenings\/\",\"name\":\"SPECIAL SCREENINGS - Krakow Film Festival\",\"isPartOf\":{\"@id\":\"https:\/\/www.krakowfilmfestival.pl\/en\/#website\"},\"primaryImageOfPage\":{\"@id\":\"https:\/\/www.krakowfilmfestival.pl\/en\/64th-kff\/accompanying-events\/special-screenings\/#primaryimage\"},\"datePublished\":\"2024-05-21T11:12:58+00:00\",\"dateModified\":\"2024-05-21T11:13:00+00:00\",\"breadcrumb\":{\"@id\":\"https:\/\/www.krakowfilmfestival.pl\/en\/64th-kff\/accompanying-events\/special-screenings\/#breadcrumb\"},\"inLanguage\":\"en-US\",\"potentialAction\":[{\"@type\":\"ReadAction\",\"target\":[\"https:\/\/www.krakowfilmfestival.pl\/en\/64th-kff\/accompanying-events\/special-screenings\/\"]}]},{\"@type\":\"BreadcrumbList\",\"@id\":\"https:\/\/www.krakowfilmfestival.pl\/en\/64th-kff\/accompanying-events\/special-screenings\/#breadcrumb\",\"itemListElement\":[{\"@type\":\"ListItem\",\"position\":1,\"name\":\"Strona g\u0142\u00f3wna\",\"item\":\"https:\/\/www.krakowfilmfestival.pl\/en\/\"},{\"@type\":\"ListItem\",\"position\":2,\"name\":\"Krakow Film Festival 2024\",\"item\":\"https:\/\/www.krakowfilmfestival.pl\/en\/64th-kff\/\"},{\"@type\":\"ListItem\",\"position\":3,\"name\":\"Accompanying Events\",\"item\":\"https:\/\/www.krakowfilmfestival.pl\/en\/64th-kff\/accompanying-events\/\"},{\"@type\":\"ListItem\",\"position\":4,\"name\":\"SPECIAL SCREENINGS\"}]}]}<\/script>\n<!-- \/ Yoast SEO plugin. -->","yoast_head_json":{"title":"SPECIAL SCREENINGS - Krakow Film Festival","robots":{"index":"index","follow":"follow","max-snippet":"max-snippet:-1","max-image-preview":"max-image-preview:large","max-video-preview":"max-video-preview:-1"},"canonical":"https:\/\/www.krakowfilmfestival.pl\/en\/64th-kff\/accompanying-events\/special-screenings\/","og_locale":"en_US","og_type":"article","og_title":"SPECIAL SCREENINGS - Krakow Film Festival","og_description":"Premiere screening of Wa\u0142\u0119sa by Wa\u0142\u0119sa by Andrzej Fidyk 30.05 THU 18:00 | Muzeum Sztuki i Techniki Japo\u0144skiej MANGGHA This special screening features the last film retained on the archive shelves tagged as \u2018threatening for Polish audiences.\u2019 Made in 2015, it will finally be aired by Polish Television on June 4, which marks the 35th [&hellip;]","og_url":"https:\/\/www.krakowfilmfestival.pl\/en\/64th-kff\/accompanying-events\/special-screenings\/","og_site_name":"Krakow Film Festival","article_publisher":"https:\/\/www.facebook.com\/krakowfilmfest\/","article_modified_time":"2024-05-21T11:13:00+00:00","og_image":[{"width":1920,"height":1080,"url":"https:\/\/www.krakowfilmfestival.pl\/wp-content\/uploads\/2024\/04\/szablony-w-tle-1920-x-1080-px-3.jpg","type":"image\/jpeg"}],"twitter_card":"summary_large_image","twitter_site":"@krakowfilmfest","twitter_misc":{"Est. reading time":"6 minutes"},"schema":{"@context":"https:\/\/schema.org","@graph":[{"@type":"Organization","@id":"https:\/\/www.krakowfilmfestival.pl\/en\/#organization","name":"Krakowski Festiwal Filmowy","url":"https:\/\/www.krakowfilmfestival.pl\/en\/","sameAs":["https:\/\/www.instagram.com\/krakowfilmfestival\/","https:\/\/www.youtube.com\/user\/KrakowFilmFoundation","https:\/\/pl.wikipedia.org\/wiki\/Krakowski_Festiwal_Filmowy","https:\/\/www.facebook.com\/krakowfilmfest\/","https:\/\/twitter.com\/krakowfilmfest"],"logo":{"@type":"ImageObject","inLanguage":"en-US","@id":"https:\/\/www.krakowfilmfestival.pl\/en\/#\/schema\/logo\/image\/","url":"https:\/\/www.krakowfilmfestival.pl\/wp-content\/uploads\/2024\/03\/logokff_uniwersalne.jpg","contentUrl":"https:\/\/www.krakowfilmfestival.pl\/wp-content\/uploads\/2024\/03\/logokff_uniwersalne.jpg","width":1241,"height":699,"caption":"Krakowski Festiwal Filmowy"},"image":{"@id":"https:\/\/www.krakowfilmfestival.pl\/en\/#\/schema\/logo\/image\/"}},{"@type":"WebSite","@id":"https:\/\/www.krakowfilmfestival.pl\/en\/#website","url":"https:\/\/www.krakowfilmfestival.pl\/en\/","name":"Krakow Film Festival","description":"In Cracow since 1961","publisher":{"@id":"https:\/\/www.krakowfilmfestival.pl\/en\/#organization"},"potentialAction":[{"@type":"SearchAction","target":{"@type":"EntryPoint","urlTemplate":"https:\/\/www.krakowfilmfestival.pl\/en\/?s={search_term_string}"},"query-input":"required name=search_term_string"}],"inLanguage":"en-US"},{"@type":"ImageObject","inLanguage":"en-US","@id":"https:\/\/www.krakowfilmfestival.pl\/en\/64th-kff\/accompanying-events\/special-screenings\/#primaryimage","url":"https:\/\/www.krakowfilmfestival.pl\/wp-content\/uploads\/2024\/04\/szablony-w-tle-1920-x-1080-px-3.jpg","contentUrl":"https:\/\/www.krakowfilmfestival.pl\/wp-content\/uploads\/2024\/04\/szablony-w-tle-1920-x-1080-px-3.jpg","width":1920,"height":1080,"caption":"All_Inclusive_dir_M.Szumowska_M.Englert"},{"@type":"WebPage","@id":"https:\/\/www.krakowfilmfestival.pl\/en\/64th-kff\/accompanying-events\/special-screenings\/#webpage","url":"https:\/\/www.krakowfilmfestival.pl\/en\/64th-kff\/accompanying-events\/special-screenings\/","name":"SPECIAL SCREENINGS - Krakow Film Festival","isPartOf":{"@id":"https:\/\/www.krakowfilmfestival.pl\/en\/#website"},"primaryImageOfPage":{"@id":"https:\/\/www.krakowfilmfestival.pl\/en\/64th-kff\/accompanying-events\/special-screenings\/#primaryimage"},"datePublished":"2024-05-21T11:12:58+00:00","dateModified":"2024-05-21T11:13:00+00:00","breadcrumb":{"@id":"https:\/\/www.krakowfilmfestival.pl\/en\/64th-kff\/accompanying-events\/special-screenings\/#breadcrumb"},"inLanguage":"en-US","potentialAction":[{"@type":"ReadAction","target":["https:\/\/www.krakowfilmfestival.pl\/en\/64th-kff\/accompanying-events\/special-screenings\/"]}]},{"@type":"BreadcrumbList","@id":"https:\/\/www.krakowfilmfestival.pl\/en\/64th-kff\/accompanying-events\/special-screenings\/#breadcrumb","itemListElement":[{"@type":"ListItem","position":1,"name":"Strona g\u0142\u00f3wna","item":"https:\/\/www.krakowfilmfestival.pl\/en\/"},{"@type":"ListItem","position":2,"name":"Krakow Film Festival 2024","item":"https:\/\/www.krakowfilmfestival.pl\/en\/64th-kff\/"},{"@type":"ListItem","position":3,"name":"Accompanying Events","item":"https:\/\/www.krakowfilmfestival.pl\/en\/64th-kff\/accompanying-events\/"},{"@type":"ListItem","position":4,"name":"SPECIAL SCREENINGS"}]}]}},"_links":{"self":[{"href":"https:\/\/www.krakowfilmfestival.pl\/en\/wp-json\/wp\/v2\/pages\/58716"}],"collection":[{"href":"https:\/\/www.krakowfilmfestival.pl\/en\/wp-json\/wp\/v2\/pages"}],"about":[{"href":"https:\/\/www.krakowfilmfestival.pl\/en\/wp-json\/wp\/v2\/types\/page"}],"author":[{"embeddable":true,"href":"https:\/\/www.krakowfilmfestival.pl\/en\/wp-json\/wp\/v2\/users\/28"}],"replies":[{"embeddable":true,"href":"https:\/\/www.krakowfilmfestival.pl\/en\/wp-json\/wp\/v2\/comments?post=58716"}],"version-history":[{"count":5,"href":"https:\/\/www.krakowfilmfestival.pl\/en\/wp-json\/wp\/v2\/pages\/58716\/revisions"}],"predecessor-version":[{"id":58735,"href":"https:\/\/www.krakowfilmfestival.pl\/en\/wp-json\/wp\/v2\/pages\/58716\/revisions\/58735"}],"up":[{"embeddable":true,"href":"https:\/\/www.krakowfilmfestival.pl\/en\/wp-json\/wp\/v2\/pages\/39367"}],"wp:featuredmedia":[{"embeddable":true,"href":"https:\/\/www.krakowfilmfestival.pl\/en\/wp-json\/wp\/v2\/media\/54089"}],"wp:attachment":[{"href":"https:\/\/www.krakowfilmfestival.pl\/en\/wp-json\/wp\/v2\/media?parent=58716"}],"curies":[{"name":"wp","href":"https:\/\/api.w.org\/{rel}","templated":true}]}}