{"id":58736,"date":"2024-05-21T13:21:30","date_gmt":"2024-05-21T11:21:30","guid":{"rendered":"https:\/\/www.krakowfilmfestival.pl\/?page_id=58736"},"modified":"2024-05-21T13:21:31","modified_gmt":"2024-05-21T11:21:31","slug":"masterclasses","status":"publish","type":"page","link":"https:\/\/www.krakowfilmfestival.pl\/en\/64th-kff\/accompanying-events\/masterclasses\/","title":{"rendered":"MASTERCLASSES"},"content":{"rendered":"\n<h3>Godfrey Reggio Masterclass<\/h3>\n\n\n\n<h4>30.05 THU 19:30 | KIJ\u00d3W STUDIO | ONLINE (streaming on YouTube, Facebook)<\/h4>\n\n\n\n<figure class=\"wp-block-image size-full is-resized\"><img loading=\"lazy\" src=\"https:\/\/www.krakowfilmfestival.pl\/wp-content\/uploads\/2024\/03\/godfrey-reggio_ph--linda-l--carfagno2.jpg\" alt=\"Czarno-bia\u0142a fotografia artysty Godfrey Reggio przedstawiaj\u0105ca, starszego m\u0119\u017cczyzn\u0119 z d\u0142ug\u0105 siw\u0105 brod\u0105 w ciemnych okularach i czapce, pal\u0105cego papierosa\" class=\"wp-image-53415\" width=\"212\" height=\"318\" srcset=\"https:\/\/www.krakowfilmfestival.pl\/wp-content\/uploads\/2024\/03\/godfrey-reggio_ph--linda-l--carfagno2.jpg 1280w, https:\/\/www.krakowfilmfestival.pl\/wp-content\/uploads\/2024\/03\/godfrey-reggio_ph--linda-l--carfagno2-729x1094.jpg 729w, https:\/\/www.krakowfilmfestival.pl\/wp-content\/uploads\/2024\/03\/godfrey-reggio_ph--linda-l--carfagno2-1024x1536.jpg 1024w\" sizes=\"(max-width: 212px) 100vw, 212px\" \/><figcaption>Godfrey Reggio ph. Linda. L. Carfagno<\/figcaption><\/figure>\n\n\n\n<p>According to Godfrey Reggio, art is the ability to provoke and ask questions. The borderline moment is near and we have an opportunity to find a way out. By means of sensations, emotions and perception, we need to find our own path in the thicket of messages and traces hinted by language, culture and civilization. A wealth of trigger lines and the focus on bullet points will bring back to us the ability to communicate and collaborate to understand all the meanings. The objective of this meeting is to ask questions, talk to each other and discover what we already know.<\/p>\n\n\n\n<p>In English<\/p>\n\n\n\n<p>Free admission<\/p>\n\n\n\n<figure class=\"wp-block-image size-full is-resized\"><a href=\"https:\/\/pl.usembassy.gov\/pl\/\"><img loading=\"lazy\" src=\"https:\/\/www.krakowfilmfestival.pl\/wp-content\/uploads\/2024\/05\/amabsadausa.jpg\" alt=\"\" class=\"wp-image-57602\" width=\"129\" height=\"129\" srcset=\"https:\/\/www.krakowfilmfestival.pl\/wp-content\/uploads\/2024\/05\/amabsadausa.jpg 1280w, https:\/\/www.krakowfilmfestival.pl\/wp-content\/uploads\/2024\/05\/amabsadausa-729x729.jpg 729w\" sizes=\"(max-width: 129px) 100vw, 129px\" \/><\/a><figcaption><a href=\"https:\/\/pl.usembassy.gov\/pl\/\"><\/a><\/figcaption><\/figure>\n\n\n\n<figure class=\"wp-block-image size-full is-resized\"><a href=\"https:\/\/pl.usembassy.gov\/pl\/\"><img loading=\"lazy\" src=\"https:\/\/www.krakowfilmfestival.pl\/wp-content\/uploads\/2024\/05\/us-flag.png\" alt=\"\" class=\"wp-image-57604\" width=\"143\" height=\"75\" srcset=\"https:\/\/www.krakowfilmfestival.pl\/wp-content\/uploads\/2024\/05\/us-flag.png 1188w, https:\/\/www.krakowfilmfestival.pl\/wp-content\/uploads\/2024\/05\/us-flag-729x384.png 729w\" sizes=\"(max-width: 143px) 100vw, 143px\" \/><\/a><\/figure>\n\n\n\n<h3><strong>Jacek Petrycki Masterclass<\/strong><\/h3>\n\n\n\n<h4>31.05 FRI 12:00 | PA\u0141AC POTOCKICH<\/h4>\n\n\n\n<figure class=\"wp-block-image size-large is-resized\"><img loading=\"lazy\" src=\"https:\/\/www.krakowfilmfestival.pl\/wp-content\/uploads\/2024\/02\/jacek-petrycki_fot--daniel-raczynski-1-1920x1280.jpg\" alt=\"Czarno-bia\u0142a fotografia przedstawiaj\u0105ca Jacka Petryckiego\" class=\"wp-image-52128\" width=\"304\" height=\"203\" srcset=\"https:\/\/www.krakowfilmfestival.pl\/wp-content\/uploads\/2024\/02\/jacek-petrycki_fot--daniel-raczynski-1-1920x1280.jpg 1920w, https:\/\/www.krakowfilmfestival.pl\/wp-content\/uploads\/2024\/02\/jacek-petrycki_fot--daniel-raczynski-1-729x486.jpg 729w, https:\/\/www.krakowfilmfestival.pl\/wp-content\/uploads\/2024\/02\/jacek-petrycki_fot--daniel-raczynski-1-1536x1024.jpg 1536w, https:\/\/www.krakowfilmfestival.pl\/wp-content\/uploads\/2024\/02\/jacek-petrycki_fot--daniel-raczynski-1-2048x1365.jpg 2048w\" sizes=\"(max-width: 304px) 100vw, 304px\" \/><figcaption>Jacek Petrycki ph. D. Raczy\u0144ski<\/figcaption><\/figure>\n\n\n\n<p>The masterclass of Jacek Petrycki, a renowned cinematographer and director, will be devoted to the impact of documentaries upon the cinematic landscape. Last year\u2019s laureate of the Dragon of Dragons will speak about the international response to some of the films he co-created, the importance of archiving, the found footage phenomenon and how these techniques may contribute to the development of authentic narratives in documentary cinema. He will also present a case study \u2013 the analysis of the use of documentary photography in feature films on the example of <em>Man of Marble <\/em>by Andrzej Wajda<em> <\/em>and<em> Black Thursday <\/em>by Antoni Krauze<em>.<\/em><\/p>\n\n\n\n<p>In Polish only<\/p>\n\n\n\n<p>Free admission<\/p>\n","protected":false},"excerpt":{"rendered":"<p>Godfrey Reggio Masterclass 30.05 THU 19:30 | KIJ\u00d3W STUDIO | ONLINE (streaming on YouTube, Facebook) According to Godfrey Reggio, art is the ability to provoke and ask questions. The borderline moment is near and we have an opportunity to find a way out. By means of sensations, emotions and perception, we need to find our [&hellip;]<\/p>\n","protected":false},"author":28,"featured_media":14777,"parent":39367,"menu_order":241,"comment_status":"closed","ping_status":"closed","template":"","meta":[],"acf":[],"yoast_head":"<!-- This site is optimized with the Yoast SEO plugin v18.9 - https:\/\/yoast.com\/wordpress\/plugins\/seo\/ -->\n<title>MASTERCLASSES - Krakow Film Festival<\/title>\n<meta name=\"robots\" content=\"index, follow, max-snippet:-1, max-image-preview:large, max-video-preview:-1\" \/>\n<link rel=\"canonical\" href=\"https:\/\/www.krakowfilmfestival.pl\/en\/64th-kff\/accompanying-events\/masterclasses\/\" \/>\n<meta property=\"og:locale\" content=\"en_US\" \/>\n<meta property=\"og:type\" content=\"article\" \/>\n<meta property=\"og:title\" content=\"MASTERCLASSES - Krakow Film Festival\" \/>\n<meta property=\"og:description\" content=\"Godfrey Reggio Masterclass 30.05 THU 19:30 | KIJ\u00d3W STUDIO | ONLINE (streaming on YouTube, Facebook) According to Godfrey Reggio, art is the ability to provoke and ask questions. The borderline moment is near and we have an opportunity to find a way out. By means of sensations, emotions and perception, we need to find our [&hellip;]\" \/>\n<meta property=\"og:url\" content=\"https:\/\/www.krakowfilmfestival.pl\/en\/64th-kff\/accompanying-events\/masterclasses\/\" \/>\n<meta property=\"og:site_name\" content=\"Krakow Film Festival\" \/>\n<meta property=\"article:publisher\" content=\"https:\/\/www.facebook.com\/krakowfilmfest\/\" \/>\n<meta property=\"article:modified_time\" content=\"2024-05-21T11:21:31+00:00\" \/>\n<meta property=\"og:image\" content=\"https:\/\/www.krakowfilmfestival.pl\/wp-content\/uploads\/2019\/05\/fot--agnieszka-fiejka-3.jpg\" \/>\n\t<meta property=\"og:image:width\" content=\"1440\" \/>\n\t<meta property=\"og:image:height\" content=\"960\" \/>\n\t<meta property=\"og:image:type\" content=\"image\/jpeg\" \/>\n<meta name=\"twitter:card\" content=\"summary_large_image\" \/>\n<meta name=\"twitter:site\" content=\"@krakowfilmfest\" \/>\n<meta name=\"twitter:label1\" content=\"Est. reading time\" \/>\n\t<meta name=\"twitter:data1\" content=\"3 minutes\" \/>\n<script type=\"application\/ld+json\" class=\"yoast-schema-graph\">{\"@context\":\"https:\/\/schema.org\",\"@graph\":[{\"@type\":\"Organization\",\"@id\":\"https:\/\/www.krakowfilmfestival.pl\/en\/#organization\",\"name\":\"Krakowski Festiwal Filmowy\",\"url\":\"https:\/\/www.krakowfilmfestival.pl\/en\/\",\"sameAs\":[\"https:\/\/www.instagram.com\/krakowfilmfestival\/\",\"https:\/\/www.youtube.com\/user\/KrakowFilmFoundation\",\"https:\/\/pl.wikipedia.org\/wiki\/Krakowski_Festiwal_Filmowy\",\"https:\/\/www.facebook.com\/krakowfilmfest\/\",\"https:\/\/twitter.com\/krakowfilmfest\"],\"logo\":{\"@type\":\"ImageObject\",\"inLanguage\":\"en-US\",\"@id\":\"https:\/\/www.krakowfilmfestival.pl\/en\/#\/schema\/logo\/image\/\",\"url\":\"https:\/\/www.krakowfilmfestival.pl\/wp-content\/uploads\/2024\/03\/logokff_uniwersalne.jpg\",\"contentUrl\":\"https:\/\/www.krakowfilmfestival.pl\/wp-content\/uploads\/2024\/03\/logokff_uniwersalne.jpg\",\"width\":1241,\"height\":699,\"caption\":\"Krakowski Festiwal Filmowy\"},\"image\":{\"@id\":\"https:\/\/www.krakowfilmfestival.pl\/en\/#\/schema\/logo\/image\/\"}},{\"@type\":\"WebSite\",\"@id\":\"https:\/\/www.krakowfilmfestival.pl\/en\/#website\",\"url\":\"https:\/\/www.krakowfilmfestival.pl\/en\/\",\"name\":\"Krakow Film Festival\",\"description\":\"In Cracow since 1961\",\"publisher\":{\"@id\":\"https:\/\/www.krakowfilmfestival.pl\/en\/#organization\"},\"potentialAction\":[{\"@type\":\"SearchAction\",\"target\":{\"@type\":\"EntryPoint\",\"urlTemplate\":\"https:\/\/www.krakowfilmfestival.pl\/en\/?s={search_term_string}\"},\"query-input\":\"required name=search_term_string\"}],\"inLanguage\":\"en-US\"},{\"@type\":\"ImageObject\",\"inLanguage\":\"en-US\",\"@id\":\"https:\/\/www.krakowfilmfestival.pl\/en\/64th-kff\/accompanying-events\/masterclasses\/#primaryimage\",\"url\":\"https:\/\/www.krakowfilmfestival.pl\/wp-content\/uploads\/2019\/05\/fot--agnieszka-fiejka-3.jpg\",\"contentUrl\":\"https:\/\/www.krakowfilmfestival.pl\/wp-content\/uploads\/2019\/05\/fot--agnieszka-fiejka-3.jpg\",\"width\":1440,\"height\":960},{\"@type\":\"WebPage\",\"@id\":\"https:\/\/www.krakowfilmfestival.pl\/en\/64th-kff\/accompanying-events\/masterclasses\/#webpage\",\"url\":\"https:\/\/www.krakowfilmfestival.pl\/en\/64th-kff\/accompanying-events\/masterclasses\/\",\"name\":\"MASTERCLASSES - Krakow Film Festival\",\"isPartOf\":{\"@id\":\"https:\/\/www.krakowfilmfestival.pl\/en\/#website\"},\"primaryImageOfPage\":{\"@id\":\"https:\/\/www.krakowfilmfestival.pl\/en\/64th-kff\/accompanying-events\/masterclasses\/#primaryimage\"},\"datePublished\":\"2024-05-21T11:21:30+00:00\",\"dateModified\":\"2024-05-21T11:21:31+00:00\",\"breadcrumb\":{\"@id\":\"https:\/\/www.krakowfilmfestival.pl\/en\/64th-kff\/accompanying-events\/masterclasses\/#breadcrumb\"},\"inLanguage\":\"en-US\",\"potentialAction\":[{\"@type\":\"ReadAction\",\"target\":[\"https:\/\/www.krakowfilmfestival.pl\/en\/64th-kff\/accompanying-events\/masterclasses\/\"]}]},{\"@type\":\"BreadcrumbList\",\"@id\":\"https:\/\/www.krakowfilmfestival.pl\/en\/64th-kff\/accompanying-events\/masterclasses\/#breadcrumb\",\"itemListElement\":[{\"@type\":\"ListItem\",\"position\":1,\"name\":\"Strona g\u0142\u00f3wna\",\"item\":\"https:\/\/www.krakowfilmfestival.pl\/en\/\"},{\"@type\":\"ListItem\",\"position\":2,\"name\":\"Krakow Film Festival 2024\",\"item\":\"https:\/\/www.krakowfilmfestival.pl\/en\/64th-kff\/\"},{\"@type\":\"ListItem\",\"position\":3,\"name\":\"Accompanying Events\",\"item\":\"https:\/\/www.krakowfilmfestival.pl\/en\/64th-kff\/accompanying-events\/\"},{\"@type\":\"ListItem\",\"position\":4,\"name\":\"MASTERCLASSES\"}]}]}<\/script>\n<!-- \/ Yoast SEO plugin. -->","yoast_head_json":{"title":"MASTERCLASSES - Krakow Film Festival","robots":{"index":"index","follow":"follow","max-snippet":"max-snippet:-1","max-image-preview":"max-image-preview:large","max-video-preview":"max-video-preview:-1"},"canonical":"https:\/\/www.krakowfilmfestival.pl\/en\/64th-kff\/accompanying-events\/masterclasses\/","og_locale":"en_US","og_type":"article","og_title":"MASTERCLASSES - Krakow Film Festival","og_description":"Godfrey Reggio Masterclass 30.05 THU 19:30 | KIJ\u00d3W STUDIO | ONLINE (streaming on YouTube, Facebook) According to Godfrey Reggio, art is the ability to provoke and ask questions. The borderline moment is near and we have an opportunity to find a way out. By means of sensations, emotions and perception, we need to find our [&hellip;]","og_url":"https:\/\/www.krakowfilmfestival.pl\/en\/64th-kff\/accompanying-events\/masterclasses\/","og_site_name":"Krakow Film Festival","article_publisher":"https:\/\/www.facebook.com\/krakowfilmfest\/","article_modified_time":"2024-05-21T11:21:31+00:00","og_image":[{"width":1440,"height":960,"url":"https:\/\/www.krakowfilmfestival.pl\/wp-content\/uploads\/2019\/05\/fot--agnieszka-fiejka-3.jpg","type":"image\/jpeg"}],"twitter_card":"summary_large_image","twitter_site":"@krakowfilmfest","twitter_misc":{"Est. reading time":"3 minutes"},"schema":{"@context":"https:\/\/schema.org","@graph":[{"@type":"Organization","@id":"https:\/\/www.krakowfilmfestival.pl\/en\/#organization","name":"Krakowski Festiwal Filmowy","url":"https:\/\/www.krakowfilmfestival.pl\/en\/","sameAs":["https:\/\/www.instagram.com\/krakowfilmfestival\/","https:\/\/www.youtube.com\/user\/KrakowFilmFoundation","https:\/\/pl.wikipedia.org\/wiki\/Krakowski_Festiwal_Filmowy","https:\/\/www.facebook.com\/krakowfilmfest\/","https:\/\/twitter.com\/krakowfilmfest"],"logo":{"@type":"ImageObject","inLanguage":"en-US","@id":"https:\/\/www.krakowfilmfestival.pl\/en\/#\/schema\/logo\/image\/","url":"https:\/\/www.krakowfilmfestival.pl\/wp-content\/uploads\/2024\/03\/logokff_uniwersalne.jpg","contentUrl":"https:\/\/www.krakowfilmfestival.pl\/wp-content\/uploads\/2024\/03\/logokff_uniwersalne.jpg","width":1241,"height":699,"caption":"Krakowski Festiwal Filmowy"},"image":{"@id":"https:\/\/www.krakowfilmfestival.pl\/en\/#\/schema\/logo\/image\/"}},{"@type":"WebSite","@id":"https:\/\/www.krakowfilmfestival.pl\/en\/#website","url":"https:\/\/www.krakowfilmfestival.pl\/en\/","name":"Krakow Film Festival","description":"In Cracow since 1961","publisher":{"@id":"https:\/\/www.krakowfilmfestival.pl\/en\/#organization"},"potentialAction":[{"@type":"SearchAction","target":{"@type":"EntryPoint","urlTemplate":"https:\/\/www.krakowfilmfestival.pl\/en\/?s={search_term_string}"},"query-input":"required name=search_term_string"}],"inLanguage":"en-US"},{"@type":"ImageObject","inLanguage":"en-US","@id":"https:\/\/www.krakowfilmfestival.pl\/en\/64th-kff\/accompanying-events\/masterclasses\/#primaryimage","url":"https:\/\/www.krakowfilmfestival.pl\/wp-content\/uploads\/2019\/05\/fot--agnieszka-fiejka-3.jpg","contentUrl":"https:\/\/www.krakowfilmfestival.pl\/wp-content\/uploads\/2019\/05\/fot--agnieszka-fiejka-3.jpg","width":1440,"height":960},{"@type":"WebPage","@id":"https:\/\/www.krakowfilmfestival.pl\/en\/64th-kff\/accompanying-events\/masterclasses\/#webpage","url":"https:\/\/www.krakowfilmfestival.pl\/en\/64th-kff\/accompanying-events\/masterclasses\/","name":"MASTERCLASSES - Krakow Film Festival","isPartOf":{"@id":"https:\/\/www.krakowfilmfestival.pl\/en\/#website"},"primaryImageOfPage":{"@id":"https:\/\/www.krakowfilmfestival.pl\/en\/64th-kff\/accompanying-events\/masterclasses\/#primaryimage"},"datePublished":"2024-05-21T11:21:30+00:00","dateModified":"2024-05-21T11:21:31+00:00","breadcrumb":{"@id":"https:\/\/www.krakowfilmfestival.pl\/en\/64th-kff\/accompanying-events\/masterclasses\/#breadcrumb"},"inLanguage":"en-US","potentialAction":[{"@type":"ReadAction","target":["https:\/\/www.krakowfilmfestival.pl\/en\/64th-kff\/accompanying-events\/masterclasses\/"]}]},{"@type":"BreadcrumbList","@id":"https:\/\/www.krakowfilmfestival.pl\/en\/64th-kff\/accompanying-events\/masterclasses\/#breadcrumb","itemListElement":[{"@type":"ListItem","position":1,"name":"Strona g\u0142\u00f3wna","item":"https:\/\/www.krakowfilmfestival.pl\/en\/"},{"@type":"ListItem","position":2,"name":"Krakow Film Festival 2024","item":"https:\/\/www.krakowfilmfestival.pl\/en\/64th-kff\/"},{"@type":"ListItem","position":3,"name":"Accompanying Events","item":"https:\/\/www.krakowfilmfestival.pl\/en\/64th-kff\/accompanying-events\/"},{"@type":"ListItem","position":4,"name":"MASTERCLASSES"}]}]}},"_links":{"self":[{"href":"https:\/\/www.krakowfilmfestival.pl\/en\/wp-json\/wp\/v2\/pages\/58736"}],"collection":[{"href":"https:\/\/www.krakowfilmfestival.pl\/en\/wp-json\/wp\/v2\/pages"}],"about":[{"href":"https:\/\/www.krakowfilmfestival.pl\/en\/wp-json\/wp\/v2\/types\/page"}],"author":[{"embeddable":true,"href":"https:\/\/www.krakowfilmfestival.pl\/en\/wp-json\/wp\/v2\/users\/28"}],"replies":[{"embeddable":true,"href":"https:\/\/www.krakowfilmfestival.pl\/en\/wp-json\/wp\/v2\/comments?post=58736"}],"version-history":[{"count":1,"href":"https:\/\/www.krakowfilmfestival.pl\/en\/wp-json\/wp\/v2\/pages\/58736\/revisions"}],"predecessor-version":[{"id":58741,"href":"https:\/\/www.krakowfilmfestival.pl\/en\/wp-json\/wp\/v2\/pages\/58736\/revisions\/58741"}],"up":[{"embeddable":true,"href":"https:\/\/www.krakowfilmfestival.pl\/en\/wp-json\/wp\/v2\/pages\/39367"}],"wp:featuredmedia":[{"embeddable":true,"href":"https:\/\/www.krakowfilmfestival.pl\/en\/wp-json\/wp\/v2\/media\/14777"}],"wp:attachment":[{"href":"https:\/\/www.krakowfilmfestival.pl\/en\/wp-json\/wp\/v2\/media?parent=58736"}],"curies":[{"name":"wp","href":"https:\/\/api.w.org\/{rel}","templated":true}]}}