{"id":58742,"date":"2024-05-21T13:37:47","date_gmt":"2024-05-21T11:37:47","guid":{"rendered":"https:\/\/www.krakowfilmfestival.pl\/?page_id=58742"},"modified":"2024-05-21T13:37:48","modified_gmt":"2024-05-21T11:37:48","slug":"meetings-and-talks","status":"publish","type":"page","link":"https:\/\/www.krakowfilmfestival.pl\/en\/64th-kff\/accompanying-events\/meetings-and-talks\/","title":{"rendered":"MEETINGS AND TALKS"},"content":{"rendered":"\n<h3>KFF TALKS<\/h3>\n\n\n\n<p>KFF TALKS is a series of unique meetings and fascinating discussions with eminent not only from the film world. Hovering on the borderline of philosophy, science, natural sciences and humanities, they converse about the condition of the world and the place of a human being in contemporary reality.<\/p>\n\n\n\n<p><\/p>\n\n\n\n<h3><strong>KFF Talks:<\/strong> <strong>AI. Ugly, Dirty and Bad<\/strong><\/h3>\n\n\n\n<p><strong>Panelists:<\/strong> Anna Wasilewska, S\u0142awomir Wojciechowski, Micha\u0142 Bejger\u00a0<\/p>\n\n\n\n<p><strong>Host:<\/strong> Karol Ja\u0142ochowski (projektpulsar.pl)<\/p>\n\n\n\n<h4>26.05 SUN 16:00-17:30 | PA\u0141AC POTOCKICH<\/h4>\n\n\n\n<p>On the one hand, it is marketed as salvation from daily routine, a facilitator of scientific reasoning and a catalyst of artistic efforts. On the other, as a destructive force hiding the machinations of the big capital under an attractive interface. What to think about artificial intelligence? Our special guests representing a variety of creative endeavours \u2013 literature, music and astronomy \u2013 will speak about it. All of them have their own concerns and hopes related to the increasing presence of AI. Are they different or similar? Or, possibly, when exploring this invention\u2019s benefits and costs only, what is overlooked is its most intriguing aspect \u2013 separate, \u2018inhumane\u2019 sensitivity?\u00a0<\/p>\n\n\n\n<p><strong>In Polish only<\/strong><\/p>\n\n\n\n<p><strong>Free admission<\/strong><\/p>\n\n\n\n<p>Partner: <\/p>\n\n\n\n<figure class=\"wp-block-image size-full is-resized\"><a href=\"https:\/\/www.projektpulsar.pl\/\"><img loading=\"lazy\" src=\"https:\/\/www.krakowfilmfestival.pl\/wp-content\/uploads\/2022\/05\/pulsar-logo-kolor-1.png\" alt=\"\" class=\"wp-image-37273\" width=\"188\" height=\"82\" srcset=\"https:\/\/www.krakowfilmfestival.pl\/wp-content\/uploads\/2022\/05\/pulsar-logo-kolor-1.png 1632w, https:\/\/www.krakowfilmfestival.pl\/wp-content\/uploads\/2022\/05\/pulsar-logo-kolor-1-729x317.png 729w, https:\/\/www.krakowfilmfestival.pl\/wp-content\/uploads\/2022\/05\/pulsar-logo-kolor-1-1536x668.png 1536w\" sizes=\"(max-width: 188px) 100vw, 188px\" \/><\/a><\/figure>\n\n\n\n<h3>CASE STUDY: \u2018Peter\u2019s Plan\u2019<\/h3>\n\n\n\n<h4>28.05 TUE 11:00 | Kij\u00f3w Studio<\/h4>\n\n\n\n<p>The protagonist of Grzegorz Pacek\u2019s film \u2018Peter&#8217;s Plan\u2019 suffers from EHS syndrome and is allergic to electricity. During the making of the film, the crew had unique formal and technical challenges; they could not use electricity-powered equipment. The film was shot with a BOLEX 16mm crank camera, and a special device was constructed to record sound without electricity as well. During the case study, Grzegorz Pacek will talk about the idea and the formal difficulties in telling this story. Krystian Matysek, cinematographer \u2013 will present the method of filming. Joanna Napieralska will demonstrate\u00a0 FONDUKTOR and recordings with the visualisation of a magnetic field. Producer Monika Braid will talk about the specifics of working with a traumatised protagonist and the new trend of \u2018slow filming\u2019.<\/p>\n\n\n\n<h3><strong>KFF Talks:<\/strong> <strong>New narratives. Desinformation is not the (greatest) problem.<\/strong><\/h3>\n\n\n\n<p><strong>Talk with: <\/strong>dr Ma\u0142gorzata Majewska\u00a0\u00a0\u00a0<\/p>\n\n\n\n<p><strong>Host: <\/strong>Dariusz Rosiak, Marcin \u017by\u0142a (Raport o stanie \u015bwiata)<\/p>\n\n\n\n<h4>28.05 TUE 17:30-19:00 | PA\u0141AC POTOCKICH<\/h4>\n\n\n\n<p>From Tucker Carlson\u2019s interview with Putin to historical movie scripts, alternative visions of history and contemporary politics feature in the media, films and television series. Never before did we have such an easy and inexpensive access to information. AI is already used by propagandists. Do subjective truths or rather new narratives based on them pose a new threat for the recipients of the media and culture? When creating them, do the authors of such fiction always enjoy unlimited freedom? The challenges faced by the media and the boundaries of art will be discussed by Ma\u0142gorzata Majewska, Dariusz Rosiak and Marcin \u017by\u0142a.<\/p>\n\n\n\n<p>In Polish only<\/p>\n\n\n\n<p><strong>Free admission<\/strong><\/p>\n\n\n\n<p>Partner:<\/p>\n\n\n\n<figure class=\"wp-block-image size-large is-resized\"><a href=\"https:\/\/raportostanieswiata.pl\/\"><img loading=\"lazy\" src=\"https:\/\/www.krakowfilmfestival.pl\/wp-content\/uploads\/2024\/05\/raport-logo-podpis-siec-1920x783.png\" alt=\"\" class=\"wp-image-58074\" width=\"234\" height=\"94\" srcset=\"https:\/\/www.krakowfilmfestival.pl\/wp-content\/uploads\/2024\/05\/raport-logo-podpis-siec-1920x783.png 1920w, https:\/\/www.krakowfilmfestival.pl\/wp-content\/uploads\/2024\/05\/raport-logo-podpis-siec-729x297.png 729w, https:\/\/www.krakowfilmfestival.pl\/wp-content\/uploads\/2024\/05\/raport-logo-podpis-siec-2048x835.png 2048w\" sizes=\"(max-width: 234px) 100vw, 234px\" \/><\/a><\/figure>\n\n\n\n<p><\/p>\n\n\n\n<h3><strong>Meeting with Ana Blandiana, a legendary Romanian poet, the main protagonist of the documentary <em>Between Silence and Sin<\/em> (dir. Diana Nicolae)<\/strong><\/h3>\n\n\n\n<h4>28.05 TUE 18:00 | Mi\u0119dzynarodowe Centrum Kultury<\/h4>\n\n\n\n<p>Not very many people are aware of her real name &#8211; Otilia Valeria Coman. As a daughter of the \u2018enemy of the people\u2019, she had to adopt a new name, Ana Blandiana, to be able to have her poems published. Her poetry outraged Nicolae Ceau\u0219escu and his entourage, but it enchanted and touched her readers and literature aficionados, also from outside of communist Romania. The new system did not change her. She remained a master of words, faithful to herself and critical of the authorities. The protagonist of <em>Between Silence and Sin<\/em> (dir. Diana Nicolae) will meet with her readers and the festival audience to talk about her work.<\/p>\n\n\n\n<p><strong>Romanian\/Polish<\/strong><\/p>\n\n\n\n<p><strong>Free admission<\/strong><\/p>\n\n\n\n<p>Partner:<\/p>\n\n\n\n<figure class=\"wp-block-image size-full is-resized\"><a href=\"https:\/\/www.facebook.com\/InstitutulCulturalRoman\/\"><img loading=\"lazy\" src=\"https:\/\/www.krakowfilmfestival.pl\/wp-content\/uploads\/2024\/04\/rumunski_instytut_kultury.png\" alt=\"\" class=\"wp-image-54664\" width=\"206\" height=\"83\" srcset=\"https:\/\/www.krakowfilmfestival.pl\/wp-content\/uploads\/2024\/04\/rumunski_instytut_kultury.png 1256w, https:\/\/www.krakowfilmfestival.pl\/wp-content\/uploads\/2024\/04\/rumunski_instytut_kultury-729x293.png 729w\" sizes=\"(max-width: 206px) 100vw, 206px\" \/><\/a><\/figure>\n\n\n\n<figure class=\"wp-block-image size-large is-resized\"><a href=\"https:\/\/krakowcityofliterature.com\/\"><img loading=\"lazy\" src=\"https:\/\/www.krakowfilmfestival.pl\/wp-content\/uploads\/2016\/04\/festiwal-conrada-krakow-miasto-literatury-unesco-1920x950.jpg\" alt=\"\" class=\"wp-image-8892\" width=\"215\" height=\"106\" srcset=\"https:\/\/www.krakowfilmfestival.pl\/wp-content\/uploads\/2016\/04\/festiwal-conrada-krakow-miasto-literatury-unesco-1920x950.jpg 1920w, https:\/\/www.krakowfilmfestival.pl\/wp-content\/uploads\/2016\/04\/festiwal-conrada-krakow-miasto-literatury-unesco-729x361.jpg 729w\" sizes=\"(max-width: 215px) 100vw, 215px\" \/><\/a><\/figure>\n\n\n\n<h3><strong><strong>Promotion of Jadwiga Hu\u010dkov\u00e1&#8217;s book <\/strong><em>Od Wiertowa do Skoniecznego. Ch\u0142opski los wed\u0142ug kronikarzy, pami\u0119tnikarzy i dokumentalist\u00f3w<\/em><strong>. Meeting with the author.<\/strong><\/strong><\/h3>\n\n\n\n<h4>28.05 TUE 17:00 | ASP 1<\/h4>\n\n\n\n<p><em>Od Wiertowa do Skoniecznego. Ch\u0142opski los wed\u0142ug kronikarzy, pami\u0119tnikarzy i dokumentalist\u00f3w (From Wiertov to Skonieczny. Peasant Fate According to Chroniclers, Diarists and Documentarians<\/em>) is a book exploring how documentary film shaped peasants&#8217; perceptions and influenced changing attitudes to village life. The time frame, symbolically defined by the work of Dziga Wiertov and Zygmunt Skonieczny, demonstrates the importance of these images in shaping historical and social narratives. The discussion devoted to the image of the peasant in the twentieth century, created by documentary filmmakers, will be attended by the author Jadwiga Hu\u010dkov\u00e1, Ph.D., Professor at the Jagiellonian University, A. Marek Dr\u0105\u017cewski, Professor Anna Citkowska-Kimla and Professor Piotr Kimla.<\/p>\n\n\n\n<p><strong>In Polish only<\/strong><\/p>\n\n\n\n<p><strong>Free admission<\/strong><\/p>\n\n\n\n<p>Partner:<\/p>\n\n\n\n<figure class=\"wp-block-image size-full is-resized\"><a href=\"https:\/\/www.universitas.com.pl\/\"><img loading=\"lazy\" src=\"https:\/\/www.krakowfilmfestival.pl\/wp-content\/uploads\/2024\/05\/universitas.png\" alt=\"\" class=\"wp-image-57584\" width=\"174\" height=\"59\" \/><\/a><\/figure>\n","protected":false},"excerpt":{"rendered":"<p>KFF TALKS KFF TALKS is a series of unique meetings and fascinating discussions with eminent not only from the film world. Hovering on the borderline of philosophy, science, natural sciences and humanities, they converse about the condition of the world and the place of a human being in contemporary reality. KFF Talks: AI. Ugly, Dirty [&hellip;]<\/p>\n","protected":false},"author":28,"featured_media":47410,"parent":39367,"menu_order":240,"comment_status":"closed","ping_status":"closed","template":"","meta":[],"acf":[],"yoast_head":"<!-- This site is optimized with the Yoast SEO plugin v18.9 - https:\/\/yoast.com\/wordpress\/plugins\/seo\/ -->\n<title>MEETINGS AND TALKS - Krakow Film Festival<\/title>\n<meta name=\"robots\" content=\"index, follow, max-snippet:-1, max-image-preview:large, max-video-preview:-1\" \/>\n<link rel=\"canonical\" href=\"https:\/\/www.krakowfilmfestival.pl\/en\/64th-kff\/accompanying-events\/meetings-and-talks\/\" \/>\n<meta property=\"og:locale\" content=\"en_US\" \/>\n<meta property=\"og:type\" content=\"article\" \/>\n<meta property=\"og:title\" content=\"MEETINGS AND TALKS - Krakow Film Festival\" \/>\n<meta property=\"og:description\" content=\"KFF TALKS KFF TALKS is a series of unique meetings and fascinating discussions with eminent not only from the film world. Hovering on the borderline of philosophy, science, natural sciences and humanities, they converse about the condition of the world and the place of a human being in contemporary reality. KFF Talks: AI. Ugly, Dirty [&hellip;]\" \/>\n<meta property=\"og:url\" content=\"https:\/\/www.krakowfilmfestival.pl\/en\/64th-kff\/accompanying-events\/meetings-and-talks\/\" \/>\n<meta property=\"og:site_name\" content=\"Krakow Film Festival\" \/>\n<meta property=\"article:publisher\" content=\"https:\/\/www.facebook.com\/krakowfilmfest\/\" \/>\n<meta property=\"article:modified_time\" content=\"2024-05-21T11:37:48+00:00\" \/>\n<meta property=\"og:image\" content=\"https:\/\/www.krakowfilmfestival.pl\/wp-content\/uploads\/2023\/05\/doc-lab-poland-fot-t-7.jpg\" \/>\n\t<meta property=\"og:image:width\" content=\"1024\" \/>\n\t<meta property=\"og:image:height\" content=\"683\" \/>\n\t<meta property=\"og:image:type\" content=\"image\/jpeg\" \/>\n<meta name=\"twitter:card\" content=\"summary_large_image\" \/>\n<meta name=\"twitter:site\" content=\"@krakowfilmfest\" \/>\n<meta name=\"twitter:label1\" content=\"Est. reading time\" \/>\n\t<meta name=\"twitter:data1\" content=\"6 minutes\" \/>\n<script type=\"application\/ld+json\" class=\"yoast-schema-graph\">{\"@context\":\"https:\/\/schema.org\",\"@graph\":[{\"@type\":\"Organization\",\"@id\":\"https:\/\/www.krakowfilmfestival.pl\/en\/#organization\",\"name\":\"Krakowski Festiwal Filmowy\",\"url\":\"https:\/\/www.krakowfilmfestival.pl\/en\/\",\"sameAs\":[\"https:\/\/www.instagram.com\/krakowfilmfestival\/\",\"https:\/\/www.youtube.com\/user\/KrakowFilmFoundation\",\"https:\/\/pl.wikipedia.org\/wiki\/Krakowski_Festiwal_Filmowy\",\"https:\/\/www.facebook.com\/krakowfilmfest\/\",\"https:\/\/twitter.com\/krakowfilmfest\"],\"logo\":{\"@type\":\"ImageObject\",\"inLanguage\":\"en-US\",\"@id\":\"https:\/\/www.krakowfilmfestival.pl\/en\/#\/schema\/logo\/image\/\",\"url\":\"https:\/\/www.krakowfilmfestival.pl\/wp-content\/uploads\/2024\/03\/logokff_uniwersalne.jpg\",\"contentUrl\":\"https:\/\/www.krakowfilmfestival.pl\/wp-content\/uploads\/2024\/03\/logokff_uniwersalne.jpg\",\"width\":1241,\"height\":699,\"caption\":\"Krakowski Festiwal Filmowy\"},\"image\":{\"@id\":\"https:\/\/www.krakowfilmfestival.pl\/en\/#\/schema\/logo\/image\/\"}},{\"@type\":\"WebSite\",\"@id\":\"https:\/\/www.krakowfilmfestival.pl\/en\/#website\",\"url\":\"https:\/\/www.krakowfilmfestival.pl\/en\/\",\"name\":\"Krakow Film Festival\",\"description\":\"In Cracow since 1961\",\"publisher\":{\"@id\":\"https:\/\/www.krakowfilmfestival.pl\/en\/#organization\"},\"potentialAction\":[{\"@type\":\"SearchAction\",\"target\":{\"@type\":\"EntryPoint\",\"urlTemplate\":\"https:\/\/www.krakowfilmfestival.pl\/en\/?s={search_term_string}\"},\"query-input\":\"required name=search_term_string\"}],\"inLanguage\":\"en-US\"},{\"@type\":\"ImageObject\",\"inLanguage\":\"en-US\",\"@id\":\"https:\/\/www.krakowfilmfestival.pl\/en\/64th-kff\/accompanying-events\/meetings-and-talks\/#primaryimage\",\"url\":\"https:\/\/www.krakowfilmfestival.pl\/wp-content\/uploads\/2023\/05\/doc-lab-poland-fot-t-7.jpg\",\"contentUrl\":\"https:\/\/www.krakowfilmfestival.pl\/wp-content\/uploads\/2023\/05\/doc-lab-poland-fot-t-7.jpg\",\"width\":1024,\"height\":683},{\"@type\":\"WebPage\",\"@id\":\"https:\/\/www.krakowfilmfestival.pl\/en\/64th-kff\/accompanying-events\/meetings-and-talks\/#webpage\",\"url\":\"https:\/\/www.krakowfilmfestival.pl\/en\/64th-kff\/accompanying-events\/meetings-and-talks\/\",\"name\":\"MEETINGS AND TALKS - Krakow Film Festival\",\"isPartOf\":{\"@id\":\"https:\/\/www.krakowfilmfestival.pl\/en\/#website\"},\"primaryImageOfPage\":{\"@id\":\"https:\/\/www.krakowfilmfestival.pl\/en\/64th-kff\/accompanying-events\/meetings-and-talks\/#primaryimage\"},\"datePublished\":\"2024-05-21T11:37:47+00:00\",\"dateModified\":\"2024-05-21T11:37:48+00:00\",\"breadcrumb\":{\"@id\":\"https:\/\/www.krakowfilmfestival.pl\/en\/64th-kff\/accompanying-events\/meetings-and-talks\/#breadcrumb\"},\"inLanguage\":\"en-US\",\"potentialAction\":[{\"@type\":\"ReadAction\",\"target\":[\"https:\/\/www.krakowfilmfestival.pl\/en\/64th-kff\/accompanying-events\/meetings-and-talks\/\"]}]},{\"@type\":\"BreadcrumbList\",\"@id\":\"https:\/\/www.krakowfilmfestival.pl\/en\/64th-kff\/accompanying-events\/meetings-and-talks\/#breadcrumb\",\"itemListElement\":[{\"@type\":\"ListItem\",\"position\":1,\"name\":\"Strona g\u0142\u00f3wna\",\"item\":\"https:\/\/www.krakowfilmfestival.pl\/en\/\"},{\"@type\":\"ListItem\",\"position\":2,\"name\":\"Krakow Film Festival 2024\",\"item\":\"https:\/\/www.krakowfilmfestival.pl\/en\/64th-kff\/\"},{\"@type\":\"ListItem\",\"position\":3,\"name\":\"Accompanying Events\",\"item\":\"https:\/\/www.krakowfilmfestival.pl\/en\/64th-kff\/accompanying-events\/\"},{\"@type\":\"ListItem\",\"position\":4,\"name\":\"MEETINGS AND TALKS\"}]}]}<\/script>\n<!-- \/ Yoast SEO plugin. -->","yoast_head_json":{"title":"MEETINGS AND TALKS - Krakow Film Festival","robots":{"index":"index","follow":"follow","max-snippet":"max-snippet:-1","max-image-preview":"max-image-preview:large","max-video-preview":"max-video-preview:-1"},"canonical":"https:\/\/www.krakowfilmfestival.pl\/en\/64th-kff\/accompanying-events\/meetings-and-talks\/","og_locale":"en_US","og_type":"article","og_title":"MEETINGS AND TALKS - Krakow Film Festival","og_description":"KFF TALKS KFF TALKS is a series of unique meetings and fascinating discussions with eminent not only from the film world. Hovering on the borderline of philosophy, science, natural sciences and humanities, they converse about the condition of the world and the place of a human being in contemporary reality. KFF Talks: AI. Ugly, Dirty [&hellip;]","og_url":"https:\/\/www.krakowfilmfestival.pl\/en\/64th-kff\/accompanying-events\/meetings-and-talks\/","og_site_name":"Krakow Film Festival","article_publisher":"https:\/\/www.facebook.com\/krakowfilmfest\/","article_modified_time":"2024-05-21T11:37:48+00:00","og_image":[{"width":1024,"height":683,"url":"https:\/\/www.krakowfilmfestival.pl\/wp-content\/uploads\/2023\/05\/doc-lab-poland-fot-t-7.jpg","type":"image\/jpeg"}],"twitter_card":"summary_large_image","twitter_site":"@krakowfilmfest","twitter_misc":{"Est. reading time":"6 minutes"},"schema":{"@context":"https:\/\/schema.org","@graph":[{"@type":"Organization","@id":"https:\/\/www.krakowfilmfestival.pl\/en\/#organization","name":"Krakowski Festiwal Filmowy","url":"https:\/\/www.krakowfilmfestival.pl\/en\/","sameAs":["https:\/\/www.instagram.com\/krakowfilmfestival\/","https:\/\/www.youtube.com\/user\/KrakowFilmFoundation","https:\/\/pl.wikipedia.org\/wiki\/Krakowski_Festiwal_Filmowy","https:\/\/www.facebook.com\/krakowfilmfest\/","https:\/\/twitter.com\/krakowfilmfest"],"logo":{"@type":"ImageObject","inLanguage":"en-US","@id":"https:\/\/www.krakowfilmfestival.pl\/en\/#\/schema\/logo\/image\/","url":"https:\/\/www.krakowfilmfestival.pl\/wp-content\/uploads\/2024\/03\/logokff_uniwersalne.jpg","contentUrl":"https:\/\/www.krakowfilmfestival.pl\/wp-content\/uploads\/2024\/03\/logokff_uniwersalne.jpg","width":1241,"height":699,"caption":"Krakowski Festiwal Filmowy"},"image":{"@id":"https:\/\/www.krakowfilmfestival.pl\/en\/#\/schema\/logo\/image\/"}},{"@type":"WebSite","@id":"https:\/\/www.krakowfilmfestival.pl\/en\/#website","url":"https:\/\/www.krakowfilmfestival.pl\/en\/","name":"Krakow Film Festival","description":"In Cracow since 1961","publisher":{"@id":"https:\/\/www.krakowfilmfestival.pl\/en\/#organization"},"potentialAction":[{"@type":"SearchAction","target":{"@type":"EntryPoint","urlTemplate":"https:\/\/www.krakowfilmfestival.pl\/en\/?s={search_term_string}"},"query-input":"required name=search_term_string"}],"inLanguage":"en-US"},{"@type":"ImageObject","inLanguage":"en-US","@id":"https:\/\/www.krakowfilmfestival.pl\/en\/64th-kff\/accompanying-events\/meetings-and-talks\/#primaryimage","url":"https:\/\/www.krakowfilmfestival.pl\/wp-content\/uploads\/2023\/05\/doc-lab-poland-fot-t-7.jpg","contentUrl":"https:\/\/www.krakowfilmfestival.pl\/wp-content\/uploads\/2023\/05\/doc-lab-poland-fot-t-7.jpg","width":1024,"height":683},{"@type":"WebPage","@id":"https:\/\/www.krakowfilmfestival.pl\/en\/64th-kff\/accompanying-events\/meetings-and-talks\/#webpage","url":"https:\/\/www.krakowfilmfestival.pl\/en\/64th-kff\/accompanying-events\/meetings-and-talks\/","name":"MEETINGS AND TALKS - Krakow Film Festival","isPartOf":{"@id":"https:\/\/www.krakowfilmfestival.pl\/en\/#website"},"primaryImageOfPage":{"@id":"https:\/\/www.krakowfilmfestival.pl\/en\/64th-kff\/accompanying-events\/meetings-and-talks\/#primaryimage"},"datePublished":"2024-05-21T11:37:47+00:00","dateModified":"2024-05-21T11:37:48+00:00","breadcrumb":{"@id":"https:\/\/www.krakowfilmfestival.pl\/en\/64th-kff\/accompanying-events\/meetings-and-talks\/#breadcrumb"},"inLanguage":"en-US","potentialAction":[{"@type":"ReadAction","target":["https:\/\/www.krakowfilmfestival.pl\/en\/64th-kff\/accompanying-events\/meetings-and-talks\/"]}]},{"@type":"BreadcrumbList","@id":"https:\/\/www.krakowfilmfestival.pl\/en\/64th-kff\/accompanying-events\/meetings-and-talks\/#breadcrumb","itemListElement":[{"@type":"ListItem","position":1,"name":"Strona g\u0142\u00f3wna","item":"https:\/\/www.krakowfilmfestival.pl\/en\/"},{"@type":"ListItem","position":2,"name":"Krakow Film Festival 2024","item":"https:\/\/www.krakowfilmfestival.pl\/en\/64th-kff\/"},{"@type":"ListItem","position":3,"name":"Accompanying Events","item":"https:\/\/www.krakowfilmfestival.pl\/en\/64th-kff\/accompanying-events\/"},{"@type":"ListItem","position":4,"name":"MEETINGS AND TALKS"}]}]}},"_links":{"self":[{"href":"https:\/\/www.krakowfilmfestival.pl\/en\/wp-json\/wp\/v2\/pages\/58742"}],"collection":[{"href":"https:\/\/www.krakowfilmfestival.pl\/en\/wp-json\/wp\/v2\/pages"}],"about":[{"href":"https:\/\/www.krakowfilmfestival.pl\/en\/wp-json\/wp\/v2\/types\/page"}],"author":[{"embeddable":true,"href":"https:\/\/www.krakowfilmfestival.pl\/en\/wp-json\/wp\/v2\/users\/28"}],"replies":[{"embeddable":true,"href":"https:\/\/www.krakowfilmfestival.pl\/en\/wp-json\/wp\/v2\/comments?post=58742"}],"version-history":[{"count":1,"href":"https:\/\/www.krakowfilmfestival.pl\/en\/wp-json\/wp\/v2\/pages\/58742\/revisions"}],"predecessor-version":[{"id":58748,"href":"https:\/\/www.krakowfilmfestival.pl\/en\/wp-json\/wp\/v2\/pages\/58742\/revisions\/58748"}],"up":[{"embeddable":true,"href":"https:\/\/www.krakowfilmfestival.pl\/en\/wp-json\/wp\/v2\/pages\/39367"}],"wp:featuredmedia":[{"embeddable":true,"href":"https:\/\/www.krakowfilmfestival.pl\/en\/wp-json\/wp\/v2\/media\/47410"}],"wp:attachment":[{"href":"https:\/\/www.krakowfilmfestival.pl\/en\/wp-json\/wp\/v2\/media?parent=58742"}],"curies":[{"name":"wp","href":"https:\/\/api.w.org\/{rel}","templated":true}]}}