{"id":67039,"date":"2025-05-14T23:04:29","date_gmt":"2025-05-14T21:04:29","guid":{"rendered":"https:\/\/www.krakowfilmfestival.pl\/?page_id=67039"},"modified":"2025-05-29T16:47:21","modified_gmt":"2025-05-29T14:47:21","slug":"v4-co-pro-meetings-panel-making-docs-together","status":"publish","type":"page","link":"https:\/\/www.krakowfilmfestival.pl\/en\/industry\/kff-industry\/panels-presentattions-2\/v4-co-pro-meetings-panel-making-docs-together\/","title":{"rendered":"V4 Co Pro Meetings Panel: Making Docs Together"},"content":{"rendered":"\n<p><strong><strong>29.05, 16.15 \u2013 17.15 |&nbsp;<strong>PANEL: Making Docs Together: Co-Producing in the Visegrad Region&nbsp;<\/strong>\u2013 ASP 1&nbsp;<\/strong>\u2013&nbsp;<em>access with passes: Industry, Industry Pro, Industry Light, Media, Student<\/em><\/strong><\/p>\n\n\n\n<p>What does it take to get a documentary made\u2014and made well\u2014across the Visegrad region today? This panel brings together experienced producers from Slovakia, Poland, and Hungary to talk about how the conditions for documentary filmmaking are changing, what options filmmakers have, and where the biggest hurdles lie. From funding and partnerships to navigating political realities and finding the right stories to tell together, the discussion will offer real-life examples and insights into what works\u2014and what doesn\u2019t\u2014when co-producing in Central Europe. <\/p>\n\n\n\n<p>Speakers: <strong>Ondrej Starinsk\u00fd<\/strong> \/ RTVS (Slovakia), <strong>Maria Krauss<\/strong> \/ Plesnar &amp; Krauss FILMS \/ KIPA (Poland), and <strong>Julianna Ugrin<\/strong> \/ Eclipse Films \/ MADOKE (Hungary). <\/p>\n\n\n\n<p>Moderated by <strong>Zden\u011bk Blaha<\/strong>, former Programme Director of the Institute of Documentary Film (Czechia).<\/p>\n\n\n\n<figure class=\"wp-block-gallery has-nested-images columns-5 is-cropped\">\n<figure class=\"wp-block-image size-large\"><img loading=\"lazy\" width=\"853\" height=\"1280\" data-id=\"66881\"  src=\"https:\/\/www.krakowfilmfestival.pl\/wp-content\/uploads\/2025\/05\/zdenek-blaha-moderator-panelu-duzy-1.jpeg\" alt=\"\" class=\"wp-image-66881\" srcset=\"https:\/\/www.krakowfilmfestival.pl\/wp-content\/uploads\/2025\/05\/zdenek-blaha-moderator-panelu-duzy-1.jpeg 853w, https:\/\/www.krakowfilmfestival.pl\/wp-content\/uploads\/2025\/05\/zdenek-blaha-moderator-panelu-duzy-1-729x1094.jpeg 729w\" sizes=\"(max-width: 853px) 100vw, 853px\" \/><figcaption>Zden\u011bk Blaha<\/figcaption><\/figure>\n\n\n\n<figure class=\"wp-block-image size-large\"><img loading=\"lazy\" width=\"500\" height=\"500\" data-id=\"66876\"  src=\"https:\/\/www.krakowfilmfestival.pl\/wp-content\/uploads\/2025\/05\/ondriej-starinsky-panelista.jpg\" alt=\"\" class=\"wp-image-66876\" \/><figcaption>Ondrej Starinsk\u00fd<\/figcaption><\/figure>\n\n\n\n<figure class=\"wp-block-image size-large\"><img loading=\"lazy\" width=\"1116\" height=\"961\" data-id=\"66394\"  src=\"https:\/\/www.krakowfilmfestival.pl\/wp-content\/uploads\/2025\/05\/krauss-maria-panelistka-duzy.jpeg\" alt=\"\" class=\"wp-image-66394\" srcset=\"https:\/\/www.krakowfilmfestival.pl\/wp-content\/uploads\/2025\/05\/krauss-maria-panelistka-duzy.jpeg 1116w, https:\/\/www.krakowfilmfestival.pl\/wp-content\/uploads\/2025\/05\/krauss-maria-panelistka-duzy-729x628.jpeg 729w\" sizes=\"(max-width: 1116px) 100vw, 1116px\" \/><figcaption>Maria Krauss<\/figcaption><\/figure>\n\n\n\n<figure class=\"wp-block-image size-large\"><img loading=\"lazy\" width=\"300\" height=\"400\" data-id=\"66415\"  src=\"https:\/\/www.krakowfilmfestival.pl\/wp-content\/uploads\/2025\/05\/julianna_ugrin_2024-1.png\" alt=\"\" class=\"wp-image-66415\" \/><figcaption>Julianna Ugrin<\/figcaption><\/figure>\n\n\n\n<figure class=\"wp-block-image size-large\"><img loading=\"lazy\" width=\"467\" height=\"467\" data-id=\"69482\"  src=\"https:\/\/www.krakowfilmfestival.pl\/wp-content\/uploads\/2025\/05\/lengalova.jpg\" alt=\"\" class=\"wp-image-69482\" \/><figcaption>Veronika Leng\u00e1lov\u00e1<\/figcaption><\/figure>\n<\/figure>\n\n\n\n<p><\/p>\n\n\n\n<h3><strong>PANELISTS:<\/strong><\/h3>\n\n\n\n<ul><li>Ondrej Starinsk\u00fd&nbsp;<strong>RTVS<\/strong>&nbsp;| Slovakia<\/li><\/ul>\n\n\n\n<p>Radio and Television of Slovakia (RTVS) is Slovakia\u2019s state owned public television and radio broadcaster. It is a merger of Slovensk\u00e1 telev\u00edzia and Slovensk\u00fd rozhlas. Slovak Television (STV) is a public television service that broadcasts on two channels, Channel One (Jednotka) and Channel Two (Dvojka) across the entire territory of the Slovak Republic. Viewers have selected STV as the most reliable Slovak television network. It has won hundreds of awards at domestic and international film and television festivals.<\/p>\n\n\n\n<p><\/p>\n\n\n\n<ul><li>Veronika Leng\u00e1lov\u00e1 <strong>Czech Audiovisual Fund<\/strong> I Czech Republic <\/li><\/ul>\n\n\n\n<p>Researcher at the Czech Audiovisual Fund, head of the Conceptual and Analytical Department, Secretary for the TV Council and the Animation and Video games Council. <\/p>\n\n\n\n<p><\/p>\n\n\n\n<ul><li>Maria Krauss&nbsp;<strong>Plesnar &amp; Krauss FILMS \/ KIPA<\/strong>&nbsp;| Poland<\/li><\/ul>\n\n\n\n<p>Plesnar &amp; Krauss FILMS is an independent production company co-founded by Maria Krauss in 2012. Films have been presented and awarded at national and international festivals, including&nbsp;<em>Faces of Agata&nbsp;<\/em>(Golden Hobby-Horse at the 63rd KFF) or T<em>he Guest&nbsp;<\/em>by Zuzanna Solakiewicz and Zvika Gregory Portnoy, co-directed by Micha\u0142 Bielawski \u2013 award for best cinematography at the IDFA festival. Producer\u2019s representatives participate in the most important Polish and international festivals and industry events. Member of KIPA \u2013 Polish Producers Association.<\/p>\n\n\n\n<p><\/p>\n\n\n\n<ul><li>Juliana Ugrin&nbsp;<strong>Eclipse Films \/ MADOKE<\/strong>&nbsp;<strong>\/ DAE<\/strong>&nbsp;| Hungary<\/li><\/ul>\n\n\n\n<p>\u00c9clipse Film is an independent film production company founded by Julianna Ugrin producer in 2011. Their titles were premiered, screened and awarded at festivals like Sundance, Locarno, Idfa, Hot Docs or Sheffiled, just to mention a few.<br>MADOKE is the Association of Hungarian Documentary Filmmakers. Julianna Ugrin is its President.<br>DAE is the Documentary Association of Europe, of which Julianna Ugrin is Chair of the Board.<\/p>\n\n\n\n<p><\/p>\n\n\n\n<ul><li>Moderator:&nbsp;<strong>Zden\u011bk Blaha<\/strong>, former Program Director of the<strong>&nbsp;Institute of Documentary Film<\/strong>&nbsp;| Czechia<\/li><\/ul>\n\n\n\n<p>Zden\u011bk Blaha is a freelance consultant focused on documentary project and script development and UX design for XR. Formerly Programme Director at the Institute of Documentary Film (until April 2025), he has 15+ years of experience and works with major festivals like Karlovy Vary. His recent work includes the Venice-premiered XR projects Darkening (2022) and Fragile Home (2024), supporting innovative storytelling across platforms.<\/p>\n\n\n\n<p><\/p>\n\n\n\n<p>Panel is part of<strong><a href=\"https:\/\/www.krakowfilmfestival.pl\/en\/industry\/kff-industry\/v4-co-pro-meetings-2\/\"> V4 Co Production Meetings<\/a><\/strong> supported by:<\/p>\n\n\n\n<figure class=\"wp-block-image size-full is-resized\"><img loading=\"lazy\" src=\"https:\/\/www.krakowfilmfestival.pl\/wp-content\/uploads\/2025\/05\/visegrad_fund1.jpg\" alt=\"\" class=\"wp-image-66116\" width=\"246\" height=\"246\" \/><\/figure>\n","protected":false},"excerpt":{"rendered":"<p>29.05, 16.15 \u2013 17.15 |&nbsp;PANEL: Making Docs Together: Co-Producing in the Visegrad Region&nbsp;\u2013 ASP 1&nbsp;\u2013&nbsp;access with passes: Industry, Industry Pro, Industry Light, Media, Student What does it take to get a documentary made\u2014and made well\u2014across the Visegrad region today? This panel brings together experienced producers from Slovakia, Poland, and Hungary to talk about how the [&hellip;]<\/p>\n","protected":false},"author":7,"featured_media":67190,"parent":29887,"menu_order":39,"comment_status":"closed","ping_status":"closed","template":"","meta":[],"acf":[],"yoast_head":"<!-- This site is optimized with the Yoast SEO plugin v18.9 - https:\/\/yoast.com\/wordpress\/plugins\/seo\/ -->\n<title>V4 Co Pro Meetings Panel: Making Docs Together - Krakow Film Festival<\/title>\n<meta name=\"robots\" content=\"index, follow, max-snippet:-1, max-image-preview:large, max-video-preview:-1\" \/>\n<link rel=\"canonical\" href=\"https:\/\/www.krakowfilmfestival.pl\/en\/industry\/kff-industry\/panels-presentattions-2\/v4-co-pro-meetings-panel-making-docs-together\/\" \/>\n<meta property=\"og:locale\" content=\"en_US\" \/>\n<meta property=\"og:type\" content=\"article\" \/>\n<meta property=\"og:title\" content=\"V4 Co Pro Meetings Panel: Making Docs Together - Krakow Film Festival\" \/>\n<meta property=\"og:description\" content=\"29.05, 16.15 \u2013 17.15 |&nbsp;PANEL: Making Docs Together: Co-Producing in the Visegrad Region&nbsp;\u2013 ASP 1&nbsp;\u2013&nbsp;access with passes: Industry, Industry Pro, Industry Light, Media, Student What does it take to get a documentary made\u2014and made well\u2014across the Visegrad region today? This panel brings together experienced producers from Slovakia, Poland, and Hungary to talk about how the [&hellip;]\" \/>\n<meta property=\"og:url\" content=\"https:\/\/www.krakowfilmfestival.pl\/en\/industry\/kff-industry\/panels-presentattions-2\/v4-co-pro-meetings-panel-making-docs-together\/\" \/>\n<meta property=\"og:site_name\" content=\"Krakow Film Festival\" \/>\n<meta property=\"article:publisher\" content=\"https:\/\/www.facebook.com\/krakowfilmfest\/\" \/>\n<meta property=\"article:modified_time\" content=\"2025-05-29T14:47:21+00:00\" \/>\n<meta property=\"og:image\" content=\"https:\/\/www.krakowfilmfestival.pl\/wp-content\/uploads\/2025\/05\/panel-2.jpg\" \/>\n\t<meta property=\"og:image:width\" content=\"1920\" \/>\n\t<meta property=\"og:image:height\" content=\"1080\" \/>\n\t<meta property=\"og:image:type\" content=\"image\/jpeg\" \/>\n<meta name=\"twitter:card\" content=\"summary_large_image\" \/>\n<meta name=\"twitter:site\" content=\"@krakowfilmfest\" \/>\n<meta name=\"twitter:label1\" content=\"Est. reading time\" \/>\n\t<meta name=\"twitter:data1\" content=\"5 minutes\" \/>\n<script type=\"application\/ld+json\" class=\"yoast-schema-graph\">{\"@context\":\"https:\/\/schema.org\",\"@graph\":[{\"@type\":\"Organization\",\"@id\":\"https:\/\/www.krakowfilmfestival.pl\/en\/#organization\",\"name\":\"Krakowski Festiwal Filmowy\",\"url\":\"https:\/\/www.krakowfilmfestival.pl\/en\/\",\"sameAs\":[\"https:\/\/www.instagram.com\/krakowfilmfestival\/\",\"https:\/\/www.youtube.com\/user\/KrakowFilmFoundation\",\"https:\/\/pl.wikipedia.org\/wiki\/Krakowski_Festiwal_Filmowy\",\"https:\/\/www.facebook.com\/krakowfilmfest\/\",\"https:\/\/twitter.com\/krakowfilmfest\"],\"logo\":{\"@type\":\"ImageObject\",\"inLanguage\":\"en-US\",\"@id\":\"https:\/\/www.krakowfilmfestival.pl\/en\/#\/schema\/logo\/image\/\",\"url\":\"https:\/\/www.krakowfilmfestival.pl\/wp-content\/uploads\/2024\/03\/logokff_uniwersalne.jpg\",\"contentUrl\":\"https:\/\/www.krakowfilmfestival.pl\/wp-content\/uploads\/2024\/03\/logokff_uniwersalne.jpg\",\"width\":1241,\"height\":699,\"caption\":\"Krakowski Festiwal Filmowy\"},\"image\":{\"@id\":\"https:\/\/www.krakowfilmfestival.pl\/en\/#\/schema\/logo\/image\/\"}},{\"@type\":\"WebSite\",\"@id\":\"https:\/\/www.krakowfilmfestival.pl\/en\/#website\",\"url\":\"https:\/\/www.krakowfilmfestival.pl\/en\/\",\"name\":\"Krakow Film Festival\",\"description\":\"In Cracow since 1961\",\"publisher\":{\"@id\":\"https:\/\/www.krakowfilmfestival.pl\/en\/#organization\"},\"potentialAction\":[{\"@type\":\"SearchAction\",\"target\":{\"@type\":\"EntryPoint\",\"urlTemplate\":\"https:\/\/www.krakowfilmfestival.pl\/en\/?s={search_term_string}\"},\"query-input\":\"required name=search_term_string\"}],\"inLanguage\":\"en-US\"},{\"@type\":\"ImageObject\",\"inLanguage\":\"en-US\",\"@id\":\"https:\/\/www.krakowfilmfestival.pl\/en\/industry\/kff-industry\/panels-presentattions-2\/v4-co-pro-meetings-panel-making-docs-together\/#primaryimage\",\"url\":\"https:\/\/www.krakowfilmfestival.pl\/wp-content\/uploads\/2025\/05\/panel-2.jpg\",\"contentUrl\":\"https:\/\/www.krakowfilmfestival.pl\/wp-content\/uploads\/2025\/05\/panel-2.jpg\",\"width\":1920,\"height\":1080},{\"@type\":\"WebPage\",\"@id\":\"https:\/\/www.krakowfilmfestival.pl\/en\/industry\/kff-industry\/panels-presentattions-2\/v4-co-pro-meetings-panel-making-docs-together\/#webpage\",\"url\":\"https:\/\/www.krakowfilmfestival.pl\/en\/industry\/kff-industry\/panels-presentattions-2\/v4-co-pro-meetings-panel-making-docs-together\/\",\"name\":\"V4 Co Pro Meetings Panel: Making Docs Together - Krakow Film Festival\",\"isPartOf\":{\"@id\":\"https:\/\/www.krakowfilmfestival.pl\/en\/#website\"},\"primaryImageOfPage\":{\"@id\":\"https:\/\/www.krakowfilmfestival.pl\/en\/industry\/kff-industry\/panels-presentattions-2\/v4-co-pro-meetings-panel-making-docs-together\/#primaryimage\"},\"datePublished\":\"2025-05-14T21:04:29+00:00\",\"dateModified\":\"2025-05-29T14:47:21+00:00\",\"breadcrumb\":{\"@id\":\"https:\/\/www.krakowfilmfestival.pl\/en\/industry\/kff-industry\/panels-presentattions-2\/v4-co-pro-meetings-panel-making-docs-together\/#breadcrumb\"},\"inLanguage\":\"en-US\",\"potentialAction\":[{\"@type\":\"ReadAction\",\"target\":[\"https:\/\/www.krakowfilmfestival.pl\/en\/industry\/kff-industry\/panels-presentattions-2\/v4-co-pro-meetings-panel-making-docs-together\/\"]}]},{\"@type\":\"BreadcrumbList\",\"@id\":\"https:\/\/www.krakowfilmfestival.pl\/en\/industry\/kff-industry\/panels-presentattions-2\/v4-co-pro-meetings-panel-making-docs-together\/#breadcrumb\",\"itemListElement\":[{\"@type\":\"ListItem\",\"position\":1,\"name\":\"Strona g\u0142\u00f3wna\",\"item\":\"https:\/\/www.krakowfilmfestival.pl\/en\/\"},{\"@type\":\"ListItem\",\"position\":2,\"name\":\"KFF Industry\",\"item\":\"https:\/\/www.krakowfilmfestival.pl\/en\/industry\/\"},{\"@type\":\"ListItem\",\"position\":3,\"name\":\"KFF Industry Program 2025\",\"item\":\"https:\/\/www.krakowfilmfestival.pl\/en\/industry\/kff-industry\/\"},{\"@type\":\"ListItem\",\"position\":4,\"name\":\"Panels | Presentations\",\"item\":\"https:\/\/www.krakowfilmfestival.pl\/en\/industry\/kff-industry\/panels-presentattions-2\/\"},{\"@type\":\"ListItem\",\"position\":5,\"name\":\"V4 Co Pro Meetings Panel: Making Docs Together\"}]}]}<\/script>\n<!-- \/ Yoast SEO plugin. -->","yoast_head_json":{"title":"V4 Co Pro Meetings Panel: Making Docs Together - Krakow Film Festival","robots":{"index":"index","follow":"follow","max-snippet":"max-snippet:-1","max-image-preview":"max-image-preview:large","max-video-preview":"max-video-preview:-1"},"canonical":"https:\/\/www.krakowfilmfestival.pl\/en\/industry\/kff-industry\/panels-presentattions-2\/v4-co-pro-meetings-panel-making-docs-together\/","og_locale":"en_US","og_type":"article","og_title":"V4 Co Pro Meetings Panel: Making Docs Together - Krakow Film Festival","og_description":"29.05, 16.15 \u2013 17.15 |&nbsp;PANEL: Making Docs Together: Co-Producing in the Visegrad Region&nbsp;\u2013 ASP 1&nbsp;\u2013&nbsp;access with passes: Industry, Industry Pro, Industry Light, Media, Student What does it take to get a documentary made\u2014and made well\u2014across the Visegrad region today? This panel brings together experienced producers from Slovakia, Poland, and Hungary to talk about how the [&hellip;]","og_url":"https:\/\/www.krakowfilmfestival.pl\/en\/industry\/kff-industry\/panels-presentattions-2\/v4-co-pro-meetings-panel-making-docs-together\/","og_site_name":"Krakow Film Festival","article_publisher":"https:\/\/www.facebook.com\/krakowfilmfest\/","article_modified_time":"2025-05-29T14:47:21+00:00","og_image":[{"width":1920,"height":1080,"url":"https:\/\/www.krakowfilmfestival.pl\/wp-content\/uploads\/2025\/05\/panel-2.jpg","type":"image\/jpeg"}],"twitter_card":"summary_large_image","twitter_site":"@krakowfilmfest","twitter_misc":{"Est. reading time":"5 minutes"},"schema":{"@context":"https:\/\/schema.org","@graph":[{"@type":"Organization","@id":"https:\/\/www.krakowfilmfestival.pl\/en\/#organization","name":"Krakowski Festiwal Filmowy","url":"https:\/\/www.krakowfilmfestival.pl\/en\/","sameAs":["https:\/\/www.instagram.com\/krakowfilmfestival\/","https:\/\/www.youtube.com\/user\/KrakowFilmFoundation","https:\/\/pl.wikipedia.org\/wiki\/Krakowski_Festiwal_Filmowy","https:\/\/www.facebook.com\/krakowfilmfest\/","https:\/\/twitter.com\/krakowfilmfest"],"logo":{"@type":"ImageObject","inLanguage":"en-US","@id":"https:\/\/www.krakowfilmfestival.pl\/en\/#\/schema\/logo\/image\/","url":"https:\/\/www.krakowfilmfestival.pl\/wp-content\/uploads\/2024\/03\/logokff_uniwersalne.jpg","contentUrl":"https:\/\/www.krakowfilmfestival.pl\/wp-content\/uploads\/2024\/03\/logokff_uniwersalne.jpg","width":1241,"height":699,"caption":"Krakowski Festiwal Filmowy"},"image":{"@id":"https:\/\/www.krakowfilmfestival.pl\/en\/#\/schema\/logo\/image\/"}},{"@type":"WebSite","@id":"https:\/\/www.krakowfilmfestival.pl\/en\/#website","url":"https:\/\/www.krakowfilmfestival.pl\/en\/","name":"Krakow Film Festival","description":"In Cracow since 1961","publisher":{"@id":"https:\/\/www.krakowfilmfestival.pl\/en\/#organization"},"potentialAction":[{"@type":"SearchAction","target":{"@type":"EntryPoint","urlTemplate":"https:\/\/www.krakowfilmfestival.pl\/en\/?s={search_term_string}"},"query-input":"required name=search_term_string"}],"inLanguage":"en-US"},{"@type":"ImageObject","inLanguage":"en-US","@id":"https:\/\/www.krakowfilmfestival.pl\/en\/industry\/kff-industry\/panels-presentattions-2\/v4-co-pro-meetings-panel-making-docs-together\/#primaryimage","url":"https:\/\/www.krakowfilmfestival.pl\/wp-content\/uploads\/2025\/05\/panel-2.jpg","contentUrl":"https:\/\/www.krakowfilmfestival.pl\/wp-content\/uploads\/2025\/05\/panel-2.jpg","width":1920,"height":1080},{"@type":"WebPage","@id":"https:\/\/www.krakowfilmfestival.pl\/en\/industry\/kff-industry\/panels-presentattions-2\/v4-co-pro-meetings-panel-making-docs-together\/#webpage","url":"https:\/\/www.krakowfilmfestival.pl\/en\/industry\/kff-industry\/panels-presentattions-2\/v4-co-pro-meetings-panel-making-docs-together\/","name":"V4 Co Pro Meetings Panel: Making Docs Together - Krakow Film Festival","isPartOf":{"@id":"https:\/\/www.krakowfilmfestival.pl\/en\/#website"},"primaryImageOfPage":{"@id":"https:\/\/www.krakowfilmfestival.pl\/en\/industry\/kff-industry\/panels-presentattions-2\/v4-co-pro-meetings-panel-making-docs-together\/#primaryimage"},"datePublished":"2025-05-14T21:04:29+00:00","dateModified":"2025-05-29T14:47:21+00:00","breadcrumb":{"@id":"https:\/\/www.krakowfilmfestival.pl\/en\/industry\/kff-industry\/panels-presentattions-2\/v4-co-pro-meetings-panel-making-docs-together\/#breadcrumb"},"inLanguage":"en-US","potentialAction":[{"@type":"ReadAction","target":["https:\/\/www.krakowfilmfestival.pl\/en\/industry\/kff-industry\/panels-presentattions-2\/v4-co-pro-meetings-panel-making-docs-together\/"]}]},{"@type":"BreadcrumbList","@id":"https:\/\/www.krakowfilmfestival.pl\/en\/industry\/kff-industry\/panels-presentattions-2\/v4-co-pro-meetings-panel-making-docs-together\/#breadcrumb","itemListElement":[{"@type":"ListItem","position":1,"name":"Strona g\u0142\u00f3wna","item":"https:\/\/www.krakowfilmfestival.pl\/en\/"},{"@type":"ListItem","position":2,"name":"KFF Industry","item":"https:\/\/www.krakowfilmfestival.pl\/en\/industry\/"},{"@type":"ListItem","position":3,"name":"KFF Industry Program 2025","item":"https:\/\/www.krakowfilmfestival.pl\/en\/industry\/kff-industry\/"},{"@type":"ListItem","position":4,"name":"Panels | Presentations","item":"https:\/\/www.krakowfilmfestival.pl\/en\/industry\/kff-industry\/panels-presentattions-2\/"},{"@type":"ListItem","position":5,"name":"V4 Co Pro Meetings Panel: Making Docs Together"}]}]}},"_links":{"self":[{"href":"https:\/\/www.krakowfilmfestival.pl\/en\/wp-json\/wp\/v2\/pages\/67039"}],"collection":[{"href":"https:\/\/www.krakowfilmfestival.pl\/en\/wp-json\/wp\/v2\/pages"}],"about":[{"href":"https:\/\/www.krakowfilmfestival.pl\/en\/wp-json\/wp\/v2\/types\/page"}],"author":[{"embeddable":true,"href":"https:\/\/www.krakowfilmfestival.pl\/en\/wp-json\/wp\/v2\/users\/7"}],"replies":[{"embeddable":true,"href":"https:\/\/www.krakowfilmfestival.pl\/en\/wp-json\/wp\/v2\/comments?post=67039"}],"version-history":[{"count":9,"href":"https:\/\/www.krakowfilmfestival.pl\/en\/wp-json\/wp\/v2\/pages\/67039\/revisions"}],"predecessor-version":[{"id":69628,"href":"https:\/\/www.krakowfilmfestival.pl\/en\/wp-json\/wp\/v2\/pages\/67039\/revisions\/69628"}],"up":[{"embeddable":true,"href":"https:\/\/www.krakowfilmfestival.pl\/en\/wp-json\/wp\/v2\/pages\/29887"}],"wp:featuredmedia":[{"embeddable":true,"href":"https:\/\/www.krakowfilmfestival.pl\/en\/wp-json\/wp\/v2\/media\/67190"}],"wp:attachment":[{"href":"https:\/\/www.krakowfilmfestival.pl\/en\/wp-json\/wp\/v2\/media?parent=67039"}],"curies":[{"name":"wp","href":"https:\/\/api.w.org\/{rel}","templated":true}]}}