{"id":67882,"date":"2025-05-19T14:33:14","date_gmt":"2025-05-19T12:33:14","guid":{"rendered":"https:\/\/www.krakowfilmfestival.pl\/?page_id=67882"},"modified":"2025-05-23T13:50:01","modified_gmt":"2025-05-23T11:50:01","slug":"case-studies-animations","status":"publish","type":"page","link":"https:\/\/www.krakowfilmfestival.pl\/en\/industry\/kff-industry\/case-studies\/case-studies-animations\/","title":{"rendered":"Case studies: animations"},"content":{"rendered":"\n<p>27.05, 16.30-18.30 <strong>ASP 1<\/strong><\/p>\n\n\n\n<p>\u00a0<em>access with passes: Industry, Industry Pro, Industry Light, Media, Student<\/em><\/p>\n\n\n\n<p>Moderated presentations of four Polish animations invited to the competition of the <strong>65th Krakow Film Festival<\/strong>. The creators and producers of the selected films will talk about the process of their creation, both from the artistic and production side.&nbsp;<\/p>\n\n\n\n<p><\/p>\n\n\n\n<p><strong>THE FILMS PRESENTED AND THEIR REPRESENTATIVES<\/strong>: <\/p>\n\n\n\n<p><\/p>\n\n\n\n<ul><li><em><a href=\"https:\/\/www.krakowfilmfestival.pl\/film\/4537-drogi-leo-sokolosky\/?65\">Dear Leo Sokolosky<\/a><\/em>, the film will be presented by director <strong>Weronika Szyma<\/strong>;<\/li><li><em><a href=\"https:\/\/www.krakowfilmfestival.pl\/film\/4559-rozdarcia\/?65\">Tears<\/a><\/em>, the film will be presented by director <strong>Paulina Ziolkowska<\/strong>;<\/li><li><em><a href=\"https:\/\/www.krakowfilmfestival.pl\/en\/film\/4561-the-crooked-heads\/?65\">Crooked Heads<\/a><\/em>, the film will be presented by director <strong>Jakub Kryszpin<\/strong> and <strong>Marcin Podolec<\/strong> as artistic supervisor;<\/li><li><em><a href=\"https:\/\/www.krakowfilmfestival.pl\/en\/film\/4540-horde\/?65\">Horde<\/a><\/em>, the film will be presented by director <strong>Janina Ksi\u0119ska<\/strong> and producer <strong>Robert Sowa<\/strong>.<\/li><\/ul>\n\n\n\n<p><\/p>\n\n\n\n<p>Moderation: <strong>Zofia Jaroszuk<\/strong><\/p>\n\n\n\n<p><\/p>\n\n\n\n<figure class=\"wp-block-gallery has-nested-images columns-2 is-cropped\">\n<figure class=\"wp-block-image size-large\"><img loading=\"lazy\" width=\"1280\" height=\"720\" data-id=\"64639\"  src=\"https:\/\/www.krakowfilmfestival.pl\/wp-content\/uploads\/2025\/04\/konkurs-polski-25.jpg\" alt=\"\" class=\"wp-image-64639\" srcset=\"https:\/\/www.krakowfilmfestival.pl\/wp-content\/uploads\/2025\/04\/konkurs-polski-25.jpg 1280w, https:\/\/www.krakowfilmfestival.pl\/wp-content\/uploads\/2025\/04\/konkurs-polski-25-729x410.jpg 729w, https:\/\/www.krakowfilmfestival.pl\/wp-content\/uploads\/2025\/04\/konkurs-polski-25-492x277.jpg 492w\" sizes=\"(max-width: 1280px) 100vw, 1280px\" \/><figcaption>Horde<\/figcaption><\/figure>\n\n\n\n<figure class=\"wp-block-image size-large\"><img loading=\"lazy\" width=\"1280\" height=\"720\" data-id=\"64667\"  src=\"https:\/\/www.krakowfilmfestival.pl\/wp-content\/uploads\/2025\/04\/konkurs-polski-7.jpg\" alt=\"Kadr z filmu &quot;Na krzywe \u0142by&quot; przypominaj\u0105cy czarno nakre\u015blony szkic na szarym tle. Przedstawia czw\u00f3rk\u0119 postaci, kt\u00f3rych rysy nie s\u0105 wyra\u017ane, skupiaj\u0105c si\u0119 g\u0142\u00f3wnie na oczach. Trzecia od lewej posta\u0107 (bez twarzy) zak\u0142ada r\u0119ce na g\u0142ow\u0119.\" class=\"wp-image-64667\" srcset=\"https:\/\/www.krakowfilmfestival.pl\/wp-content\/uploads\/2025\/04\/konkurs-polski-7.jpg 1280w, https:\/\/www.krakowfilmfestival.pl\/wp-content\/uploads\/2025\/04\/konkurs-polski-7-729x410.jpg 729w, https:\/\/www.krakowfilmfestival.pl\/wp-content\/uploads\/2025\/04\/konkurs-polski-7-492x277.jpg 492w\" sizes=\"(max-width: 1280px) 100vw, 1280px\" \/><figcaption>Crooked Heads<\/figcaption><\/figure>\n\n\n\n<figure class=\"wp-block-image size-large\"><img loading=\"lazy\" width=\"1280\" height=\"720\" data-id=\"64647\"  src=\"https:\/\/www.krakowfilmfestival.pl\/wp-content\/uploads\/2025\/04\/konkurs-polski-29.jpg\" alt=\"\" class=\"wp-image-64647\" srcset=\"https:\/\/www.krakowfilmfestival.pl\/wp-content\/uploads\/2025\/04\/konkurs-polski-29.jpg 1280w, https:\/\/www.krakowfilmfestival.pl\/wp-content\/uploads\/2025\/04\/konkurs-polski-29-729x410.jpg 729w, https:\/\/www.krakowfilmfestival.pl\/wp-content\/uploads\/2025\/04\/konkurs-polski-29-492x277.jpg 492w\" sizes=\"(max-width: 1280px) 100vw, 1280px\" \/><figcaption>Dear Leo Sokolosky<\/figcaption><\/figure>\n\n\n\n<figure class=\"wp-block-image size-large\"><img loading=\"lazy\" width=\"1280\" height=\"720\" data-id=\"64669\"  src=\"https:\/\/www.krakowfilmfestival.pl\/wp-content\/uploads\/2025\/04\/konkurs-polski-8.jpg\" alt=\"Kadr z filmu &quot;Rozdarcia&quot; przypominaj\u0105cy swego rodzaju abstrakcyjny kola\u017c g\u0142\u00f3wnie w kolorach czerwieni, niebieskiego oraz bieli. Po lewej stronie widzimy posta\u0107 opieraj\u0105c\u0105 si\u0119 wysoko uniesionymi r\u0119koma o \u015bcian\u0119. Odrobin\u0119 dalej przedstawiona jest dw\u00f3jka postaci - jedna z nich trzyma drug\u0105 na r\u0119kach.\" class=\"wp-image-64669\" srcset=\"https:\/\/www.krakowfilmfestival.pl\/wp-content\/uploads\/2025\/04\/konkurs-polski-8.jpg 1280w, https:\/\/www.krakowfilmfestival.pl\/wp-content\/uploads\/2025\/04\/konkurs-polski-8-729x410.jpg 729w, https:\/\/www.krakowfilmfestival.pl\/wp-content\/uploads\/2025\/04\/konkurs-polski-8-492x277.jpg 492w\" sizes=\"(max-width: 1280px) 100vw, 1280px\" \/><figcaption>Tears<\/figcaption><\/figure>\n<\/figure>\n\n\n\n<p><\/p>\n","protected":false},"excerpt":{"rendered":"<p>27.05, 16.30-18.30 ASP 1 \u00a0access with passes: Industry, Industry Pro, Industry Light, Media, Student Moderated presentations of four Polish animations invited to the competition of the 65th Krakow Film Festival. The creators and producers of the selected films will talk about the process of their creation, both from the artistic and production side.&nbsp; THE FILMS [&hellip;]<\/p>\n","protected":false},"author":7,"featured_media":68055,"parent":67872,"menu_order":14,"comment_status":"closed","ping_status":"closed","template":"page_grid.php","meta":[],"acf":[],"yoast_head":"<!-- This site is optimized with the Yoast SEO plugin v18.9 - https:\/\/yoast.com\/wordpress\/plugins\/seo\/ -->\n<title>Case studies: animations - Krakow Film Festival<\/title>\n<meta name=\"robots\" content=\"index, follow, max-snippet:-1, max-image-preview:large, max-video-preview:-1\" \/>\n<link rel=\"canonical\" href=\"https:\/\/www.krakowfilmfestival.pl\/en\/industry\/kff-industry\/case-studies\/case-studies-animations\/\" \/>\n<meta property=\"og:locale\" content=\"en_US\" \/>\n<meta property=\"og:type\" content=\"article\" \/>\n<meta property=\"og:title\" content=\"Case studies: animations - Krakow Film Festival\" \/>\n<meta property=\"og:description\" content=\"27.05, 16.30-18.30 ASP 1 \u00a0access with passes: Industry, Industry Pro, Industry Light, Media, Student Moderated presentations of four Polish animations invited to the competition of the 65th Krakow Film Festival. The creators and producers of the selected films will talk about the process of their creation, both from the artistic and production side.&nbsp; THE FILMS [&hellip;]\" \/>\n<meta property=\"og:url\" content=\"https:\/\/www.krakowfilmfestival.pl\/en\/industry\/kff-industry\/case-studies\/case-studies-animations\/\" \/>\n<meta property=\"og:site_name\" content=\"Krakow Film Festival\" \/>\n<meta property=\"article:publisher\" content=\"https:\/\/www.facebook.com\/krakowfilmfest\/\" \/>\n<meta property=\"article:modified_time\" content=\"2025-05-23T11:50:01+00:00\" \/>\n<meta property=\"og:image\" content=\"https:\/\/www.krakowfilmfestival.pl\/wp-content\/uploads\/2025\/05\/5-2.jpg\" \/>\n\t<meta property=\"og:image:width\" content=\"1920\" \/>\n\t<meta property=\"og:image:height\" content=\"1080\" \/>\n\t<meta property=\"og:image:type\" content=\"image\/jpeg\" \/>\n<meta name=\"twitter:card\" content=\"summary_large_image\" \/>\n<meta name=\"twitter:site\" content=\"@krakowfilmfest\" \/>\n<meta name=\"twitter:label1\" content=\"Est. reading time\" \/>\n\t<meta name=\"twitter:data1\" content=\"2 minutes\" \/>\n<script type=\"application\/ld+json\" class=\"yoast-schema-graph\">{\"@context\":\"https:\/\/schema.org\",\"@graph\":[{\"@type\":\"Organization\",\"@id\":\"https:\/\/www.krakowfilmfestival.pl\/en\/#organization\",\"name\":\"Krakowski Festiwal Filmowy\",\"url\":\"https:\/\/www.krakowfilmfestival.pl\/en\/\",\"sameAs\":[\"https:\/\/www.instagram.com\/krakowfilmfestival\/\",\"https:\/\/www.youtube.com\/user\/KrakowFilmFoundation\",\"https:\/\/pl.wikipedia.org\/wiki\/Krakowski_Festiwal_Filmowy\",\"https:\/\/www.facebook.com\/krakowfilmfest\/\",\"https:\/\/twitter.com\/krakowfilmfest\"],\"logo\":{\"@type\":\"ImageObject\",\"inLanguage\":\"en-US\",\"@id\":\"https:\/\/www.krakowfilmfestival.pl\/en\/#\/schema\/logo\/image\/\",\"url\":\"https:\/\/www.krakowfilmfestival.pl\/wp-content\/uploads\/2024\/03\/logokff_uniwersalne.jpg\",\"contentUrl\":\"https:\/\/www.krakowfilmfestival.pl\/wp-content\/uploads\/2024\/03\/logokff_uniwersalne.jpg\",\"width\":1241,\"height\":699,\"caption\":\"Krakowski Festiwal Filmowy\"},\"image\":{\"@id\":\"https:\/\/www.krakowfilmfestival.pl\/en\/#\/schema\/logo\/image\/\"}},{\"@type\":\"WebSite\",\"@id\":\"https:\/\/www.krakowfilmfestival.pl\/en\/#website\",\"url\":\"https:\/\/www.krakowfilmfestival.pl\/en\/\",\"name\":\"Krakow Film Festival\",\"description\":\"In Cracow since 1961\",\"publisher\":{\"@id\":\"https:\/\/www.krakowfilmfestival.pl\/en\/#organization\"},\"potentialAction\":[{\"@type\":\"SearchAction\",\"target\":{\"@type\":\"EntryPoint\",\"urlTemplate\":\"https:\/\/www.krakowfilmfestival.pl\/en\/?s={search_term_string}\"},\"query-input\":\"required name=search_term_string\"}],\"inLanguage\":\"en-US\"},{\"@type\":\"ImageObject\",\"inLanguage\":\"en-US\",\"@id\":\"https:\/\/www.krakowfilmfestival.pl\/en\/industry\/kff-industry\/case-studies\/case-studies-animations\/#primaryimage\",\"url\":\"https:\/\/www.krakowfilmfestival.pl\/wp-content\/uploads\/2025\/05\/5-2.jpg\",\"contentUrl\":\"https:\/\/www.krakowfilmfestival.pl\/wp-content\/uploads\/2025\/05\/5-2.jpg\",\"width\":1920,\"height\":1080},{\"@type\":\"WebPage\",\"@id\":\"https:\/\/www.krakowfilmfestival.pl\/en\/industry\/kff-industry\/case-studies\/case-studies-animations\/#webpage\",\"url\":\"https:\/\/www.krakowfilmfestival.pl\/en\/industry\/kff-industry\/case-studies\/case-studies-animations\/\",\"name\":\"Case studies: animations - Krakow Film Festival\",\"isPartOf\":{\"@id\":\"https:\/\/www.krakowfilmfestival.pl\/en\/#website\"},\"primaryImageOfPage\":{\"@id\":\"https:\/\/www.krakowfilmfestival.pl\/en\/industry\/kff-industry\/case-studies\/case-studies-animations\/#primaryimage\"},\"datePublished\":\"2025-05-19T12:33:14+00:00\",\"dateModified\":\"2025-05-23T11:50:01+00:00\",\"breadcrumb\":{\"@id\":\"https:\/\/www.krakowfilmfestival.pl\/en\/industry\/kff-industry\/case-studies\/case-studies-animations\/#breadcrumb\"},\"inLanguage\":\"en-US\",\"potentialAction\":[{\"@type\":\"ReadAction\",\"target\":[\"https:\/\/www.krakowfilmfestival.pl\/en\/industry\/kff-industry\/case-studies\/case-studies-animations\/\"]}]},{\"@type\":\"BreadcrumbList\",\"@id\":\"https:\/\/www.krakowfilmfestival.pl\/en\/industry\/kff-industry\/case-studies\/case-studies-animations\/#breadcrumb\",\"itemListElement\":[{\"@type\":\"ListItem\",\"position\":1,\"name\":\"Strona g\u0142\u00f3wna\",\"item\":\"https:\/\/www.krakowfilmfestival.pl\/en\/\"},{\"@type\":\"ListItem\",\"position\":2,\"name\":\"KFF Industry\",\"item\":\"https:\/\/www.krakowfilmfestival.pl\/en\/industry\/\"},{\"@type\":\"ListItem\",\"position\":3,\"name\":\"KFF Industry Program 2025\",\"item\":\"https:\/\/www.krakowfilmfestival.pl\/en\/industry\/kff-industry\/\"},{\"@type\":\"ListItem\",\"position\":4,\"name\":\"Case Studies\",\"item\":\"https:\/\/www.krakowfilmfestival.pl\/en\/industry\/kff-industry\/case-studies\/\"},{\"@type\":\"ListItem\",\"position\":5,\"name\":\"Case studies: animations\"}]}]}<\/script>\n<!-- \/ Yoast SEO plugin. -->","yoast_head_json":{"title":"Case studies: animations - Krakow Film Festival","robots":{"index":"index","follow":"follow","max-snippet":"max-snippet:-1","max-image-preview":"max-image-preview:large","max-video-preview":"max-video-preview:-1"},"canonical":"https:\/\/www.krakowfilmfestival.pl\/en\/industry\/kff-industry\/case-studies\/case-studies-animations\/","og_locale":"en_US","og_type":"article","og_title":"Case studies: animations - Krakow Film Festival","og_description":"27.05, 16.30-18.30 ASP 1 \u00a0access with passes: Industry, Industry Pro, Industry Light, Media, Student Moderated presentations of four Polish animations invited to the competition of the 65th Krakow Film Festival. The creators and producers of the selected films will talk about the process of their creation, both from the artistic and production side.&nbsp; THE FILMS [&hellip;]","og_url":"https:\/\/www.krakowfilmfestival.pl\/en\/industry\/kff-industry\/case-studies\/case-studies-animations\/","og_site_name":"Krakow Film Festival","article_publisher":"https:\/\/www.facebook.com\/krakowfilmfest\/","article_modified_time":"2025-05-23T11:50:01+00:00","og_image":[{"width":1920,"height":1080,"url":"https:\/\/www.krakowfilmfestival.pl\/wp-content\/uploads\/2025\/05\/5-2.jpg","type":"image\/jpeg"}],"twitter_card":"summary_large_image","twitter_site":"@krakowfilmfest","twitter_misc":{"Est. reading time":"2 minutes"},"schema":{"@context":"https:\/\/schema.org","@graph":[{"@type":"Organization","@id":"https:\/\/www.krakowfilmfestival.pl\/en\/#organization","name":"Krakowski Festiwal Filmowy","url":"https:\/\/www.krakowfilmfestival.pl\/en\/","sameAs":["https:\/\/www.instagram.com\/krakowfilmfestival\/","https:\/\/www.youtube.com\/user\/KrakowFilmFoundation","https:\/\/pl.wikipedia.org\/wiki\/Krakowski_Festiwal_Filmowy","https:\/\/www.facebook.com\/krakowfilmfest\/","https:\/\/twitter.com\/krakowfilmfest"],"logo":{"@type":"ImageObject","inLanguage":"en-US","@id":"https:\/\/www.krakowfilmfestival.pl\/en\/#\/schema\/logo\/image\/","url":"https:\/\/www.krakowfilmfestival.pl\/wp-content\/uploads\/2024\/03\/logokff_uniwersalne.jpg","contentUrl":"https:\/\/www.krakowfilmfestival.pl\/wp-content\/uploads\/2024\/03\/logokff_uniwersalne.jpg","width":1241,"height":699,"caption":"Krakowski Festiwal Filmowy"},"image":{"@id":"https:\/\/www.krakowfilmfestival.pl\/en\/#\/schema\/logo\/image\/"}},{"@type":"WebSite","@id":"https:\/\/www.krakowfilmfestival.pl\/en\/#website","url":"https:\/\/www.krakowfilmfestival.pl\/en\/","name":"Krakow Film Festival","description":"In Cracow since 1961","publisher":{"@id":"https:\/\/www.krakowfilmfestival.pl\/en\/#organization"},"potentialAction":[{"@type":"SearchAction","target":{"@type":"EntryPoint","urlTemplate":"https:\/\/www.krakowfilmfestival.pl\/en\/?s={search_term_string}"},"query-input":"required name=search_term_string"}],"inLanguage":"en-US"},{"@type":"ImageObject","inLanguage":"en-US","@id":"https:\/\/www.krakowfilmfestival.pl\/en\/industry\/kff-industry\/case-studies\/case-studies-animations\/#primaryimage","url":"https:\/\/www.krakowfilmfestival.pl\/wp-content\/uploads\/2025\/05\/5-2.jpg","contentUrl":"https:\/\/www.krakowfilmfestival.pl\/wp-content\/uploads\/2025\/05\/5-2.jpg","width":1920,"height":1080},{"@type":"WebPage","@id":"https:\/\/www.krakowfilmfestival.pl\/en\/industry\/kff-industry\/case-studies\/case-studies-animations\/#webpage","url":"https:\/\/www.krakowfilmfestival.pl\/en\/industry\/kff-industry\/case-studies\/case-studies-animations\/","name":"Case studies: animations - Krakow Film Festival","isPartOf":{"@id":"https:\/\/www.krakowfilmfestival.pl\/en\/#website"},"primaryImageOfPage":{"@id":"https:\/\/www.krakowfilmfestival.pl\/en\/industry\/kff-industry\/case-studies\/case-studies-animations\/#primaryimage"},"datePublished":"2025-05-19T12:33:14+00:00","dateModified":"2025-05-23T11:50:01+00:00","breadcrumb":{"@id":"https:\/\/www.krakowfilmfestival.pl\/en\/industry\/kff-industry\/case-studies\/case-studies-animations\/#breadcrumb"},"inLanguage":"en-US","potentialAction":[{"@type":"ReadAction","target":["https:\/\/www.krakowfilmfestival.pl\/en\/industry\/kff-industry\/case-studies\/case-studies-animations\/"]}]},{"@type":"BreadcrumbList","@id":"https:\/\/www.krakowfilmfestival.pl\/en\/industry\/kff-industry\/case-studies\/case-studies-animations\/#breadcrumb","itemListElement":[{"@type":"ListItem","position":1,"name":"Strona g\u0142\u00f3wna","item":"https:\/\/www.krakowfilmfestival.pl\/en\/"},{"@type":"ListItem","position":2,"name":"KFF Industry","item":"https:\/\/www.krakowfilmfestival.pl\/en\/industry\/"},{"@type":"ListItem","position":3,"name":"KFF Industry Program 2025","item":"https:\/\/www.krakowfilmfestival.pl\/en\/industry\/kff-industry\/"},{"@type":"ListItem","position":4,"name":"Case Studies","item":"https:\/\/www.krakowfilmfestival.pl\/en\/industry\/kff-industry\/case-studies\/"},{"@type":"ListItem","position":5,"name":"Case studies: animations"}]}]}},"_links":{"self":[{"href":"https:\/\/www.krakowfilmfestival.pl\/en\/wp-json\/wp\/v2\/pages\/67882"}],"collection":[{"href":"https:\/\/www.krakowfilmfestival.pl\/en\/wp-json\/wp\/v2\/pages"}],"about":[{"href":"https:\/\/www.krakowfilmfestival.pl\/en\/wp-json\/wp\/v2\/types\/page"}],"author":[{"embeddable":true,"href":"https:\/\/www.krakowfilmfestival.pl\/en\/wp-json\/wp\/v2\/users\/7"}],"replies":[{"embeddable":true,"href":"https:\/\/www.krakowfilmfestival.pl\/en\/wp-json\/wp\/v2\/comments?post=67882"}],"version-history":[{"count":8,"href":"https:\/\/www.krakowfilmfestival.pl\/en\/wp-json\/wp\/v2\/pages\/67882\/revisions"}],"predecessor-version":[{"id":68797,"href":"https:\/\/www.krakowfilmfestival.pl\/en\/wp-json\/wp\/v2\/pages\/67882\/revisions\/68797"}],"up":[{"embeddable":true,"href":"https:\/\/www.krakowfilmfestival.pl\/en\/wp-json\/wp\/v2\/pages\/67872"}],"wp:featuredmedia":[{"embeddable":true,"href":"https:\/\/www.krakowfilmfestival.pl\/en\/wp-json\/wp\/v2\/media\/68055"}],"wp:attachment":[{"href":"https:\/\/www.krakowfilmfestival.pl\/en\/wp-json\/wp\/v2\/media?parent=67882"}],"curies":[{"name":"wp","href":"https:\/\/api.w.org\/{rel}","templated":true}]}}