{"id":67898,"date":"2025-05-19T14:54:31","date_gmt":"2025-05-19T12:54:31","guid":{"rendered":"https:\/\/www.krakowfilmfestival.pl\/?page_id=67898"},"modified":"2025-05-23T13:52:01","modified_gmt":"2025-05-23T11:52:01","slug":"case-studies-vr","status":"publish","type":"page","link":"https:\/\/www.krakowfilmfestival.pl\/en\/industry\/kff-industry\/case-studies\/case-studies-vr\/","title":{"rendered":"Case studies: VR"},"content":{"rendered":"\n<p>30.05, 14.00-15.00 <strong>ASP 1 <\/strong><\/p>\n\n\n\n<p>\u00a0<em>access with passes: Industry, Industry Pro, Industry Light, Media, Student<\/em><\/p>\n\n\n\n<p>For the third time, the Krakow Film Festival will feature VR. Joanna Popinska is again in charge of this year&#8217;s selection of five exceptional titles. You will be able to take part in the immersive experience from Monday to Friday at the Bunkier Sztuki. Admission is free<\/p>\n\n\n\n<p>Although this is the third time <a href=\"https:\/\/www.krakowfilmfestival.pl\/vr-na-65-krakowskim-festiwalu-filmowym\/\">VR@KFF<\/a> will be held, it will make its debut in the space of partner Bunkier Sztuki. As many as five amazing productions await the audience. Each of the invited projects represents a different approach to narration in virtual reality, showing the richness of forms and emotions offered by the immersive medium. The event is inclusive, open to all interested parties.<\/p>\n\n\n\n<p><\/p>\n\n\n\n<p><\/p>\n\n\n\n<h3>Ethics, Immersion, and Agency in VR Documentaries<\/h3>\n\n\n\n<p><\/p>\n\n\n\n<p>How do creators balance user-driven exploration with truth? Join the filmmakers behind Ancestral Secret (2024) and Shelter (2025) for a discussion on the ethical dilemmas, technological challenges, and creative possibilities of storytelling in immersive VR.<\/p>\n\n\n\n<p>Panel hosted by <strong>Tom C. Hall<\/strong>. <\/p>\n\n\n\n<p><\/p>\n\n\n\n<h3>PROJECTS: <\/h3>\n\n\n\n<p><\/p>\n\n\n\n<p><strong><em>Shelter<\/em><\/strong> \/ is a virtual reality documentary directed by Sjors Swierstra (The Netherlands) and co-directed by Ivanna Khitsinska (Ukraine) that offers an intimate look at the war in Ukraine. The film immerses viewers in everyday scenes: a tender conversation between pregnant women in a Kyiv maternity ward, a soldier\u2019s funeral in Lviv, tense preparations in frontline barracks, and an opera orchestra\u2019s performance in a Kharkiv basement. Shelter invites audiences to share virtual space with Ukrainians, witnessing moments of shared humanity and reflecting on the profound cost of war.<\/p>\n\n\n\n<p><br><strong><em>Ancestral Secret VR<\/em><\/strong> \/ There is an ancient prophecy, which says that in the planet&#8217;s difficult times, harmony will return when the condor and the eagle fly together again. The condor represents the indigenous peoples and the eagle represents what we know today as the globalized world. This is a journey into the ways of life and the worldview of the Q&#8217;ero community of Peru, considered the last living Incas. A journey that redefines the relationship between humanity and Mother Earth, in an immersive experience that breaks the physical limits of reality.<\/p>\n\n\n\n<p><\/p>\n\n\n\n<figure class=\"wp-block-gallery has-nested-images columns-default is-cropped\">\n<figure class=\"wp-block-image size-large\"><img loading=\"lazy\" width=\"800\" height=\"450\" data-id=\"68075\"  src=\"https:\/\/www.krakowfilmfestival.pl\/wp-content\/uploads\/2025\/05\/shelter.jpg\" alt=\"\" class=\"wp-image-68075\" srcset=\"https:\/\/www.krakowfilmfestival.pl\/wp-content\/uploads\/2025\/05\/shelter.jpg 800w, https:\/\/www.krakowfilmfestival.pl\/wp-content\/uploads\/2025\/05\/shelter-729x410.jpg 729w, https:\/\/www.krakowfilmfestival.pl\/wp-content\/uploads\/2025\/05\/shelter-492x277.jpg 492w\" sizes=\"(max-width: 800px) 100vw, 800px\" \/><figcaption>Shelter<\/figcaption><\/figure>\n\n\n\n<figure class=\"wp-block-image size-large\"><img loading=\"lazy\" width=\"1024\" height=\"640\" data-id=\"68076\"  src=\"https:\/\/www.krakowfilmfestival.pl\/wp-content\/uploads\/2025\/05\/ancestral-secret-vr.jpg\" alt=\"\" class=\"wp-image-68076\" srcset=\"https:\/\/www.krakowfilmfestival.pl\/wp-content\/uploads\/2025\/05\/ancestral-secret-vr.jpg 1024w, https:\/\/www.krakowfilmfestival.pl\/wp-content\/uploads\/2025\/05\/ancestral-secret-vr-729x456.jpg 729w\" sizes=\"(max-width: 1024px) 100vw, 1024px\" \/><figcaption>Ancestral Secret VR<\/figcaption><\/figure>\n<\/figure>\n\n\n\n<p><\/p>\n\n\n\n<h3><strong>REPRESENTATIVES<\/strong>: <\/h3>\n\n\n\n<p><\/p>\n\n\n\n<p><strong>Justin Karten <\/strong>\/ is a Dutch creative producer and co-founder of ScopicLabs, a VR film studio focused on immersive, socially impactful storytelling. His work explores empathy, agency, and ethics through experiential VR. At KFF, he represents &#8220;Shelter as its producer&#8221; \u2014 a 360\u00b0 documentary offering a civilian perspective on the war in Ukraine.<\/p>\n\n\n\n<p><\/p>\n\n\n\n<p><strong>Ivanna Khitsinska<\/strong> \/ is a Ukrainian producer and festival manager known for her work as a producer on the Fortress Mariupol documentary series. She is a member of the Ukrainian Film Academy Board and the documentary filmmakers\u2019 association #BABYLON13. Shelter is Ivanna\u2019s directorial debut.<\/p>\n\n\n\n<p><\/p>\n\n\n\n<p><strong>Mar\u00eda Jos\u00e9 D\u00edaz<\/strong> \/&nbsp;is a Chilean producer specializing in non-fiction films across both cinematic and extended reality (XR) formats. As the founder of Galgo Storytelling, a creative laboratory dedicated to leveraging technology for storytelling, she has played a key role in pioneering immersive narratives. She co-directed the virtual reality project \u201cAncestral Secret VR\u201d (premiered at IDFA DocLab 2024) and produced the feature documentary \u201cIn The Shadow of Light\u201d (premiered at Sheffield Doc Fest 2023). Currently, she is producing the mixed reality experience \u201cKnowing Your Nature\u201d (in development) and the immersive installation \u201cMembrane.\u201d Mar\u00eda Jos\u00e9 collaborates with production companies in both Chile and Barcelona, where she is currently based.<\/p>\n\n\n\n<p><\/p>\n\n\n\n<p><strong>Tom C. Hall<\/strong> \/ <em>is an award-winning producer, cameraman and virtual reality filmmaker. Tom habitually explores how emerging technology can enable storytellers to better connect with their audiences and drive the art form of cinema forward.&nbsp; A pioneer in virtual reality filmmaking, Tom is consistently pushing the envelope of what the future of narrative storytelling could be in the 21st century.<\/em><\/p>\n\n\n\n<p><\/p>\n\n\n\n<figure class=\"wp-block-gallery has-nested-images columns-4 is-cropped excluded\">\n<figure class=\"wp-block-image size-large\"><img loading=\"lazy\" width=\"857\" height=\"1280\" data-id=\"68095\"  src=\"https:\/\/www.krakowfilmfestival.pl\/wp-content\/uploads\/2025\/05\/ivanna-khitsinska.jpeg\" alt=\"\" class=\"wp-image-68095\" srcset=\"https:\/\/www.krakowfilmfestival.pl\/wp-content\/uploads\/2025\/05\/ivanna-khitsinska.jpeg 857w, https:\/\/www.krakowfilmfestival.pl\/wp-content\/uploads\/2025\/05\/ivanna-khitsinska-729x1089.jpeg 729w\" sizes=\"(max-width: 857px) 100vw, 857px\" \/><figcaption>Ivanna Khitsinska<\/figcaption><\/figure>\n\n\n\n<figure class=\"wp-block-image size-large\"><img loading=\"lazy\" width=\"1000\" height=\"1376\" data-id=\"68098\"  src=\"https:\/\/www.krakowfilmfestival.pl\/wp-content\/uploads\/2025\/05\/mariajosediaz_producer.jpeg\" alt=\"\" class=\"wp-image-68098\" srcset=\"https:\/\/www.krakowfilmfestival.pl\/wp-content\/uploads\/2025\/05\/mariajosediaz_producer.jpeg 1000w, https:\/\/www.krakowfilmfestival.pl\/wp-content\/uploads\/2025\/05\/mariajosediaz_producer-729x1003.jpeg 729w\" sizes=\"(max-width: 1000px) 100vw, 1000px\" \/><figcaption>Mar\u00eda Jos\u00e9 D\u00edaz<\/figcaption><\/figure>\n\n\n\n<figure class=\"wp-block-image size-large\"><img loading=\"lazy\" width=\"640\" height=\"640\" data-id=\"68096\"  src=\"https:\/\/www.krakowfilmfestival.pl\/wp-content\/uploads\/2025\/05\/tom-c-hall.jpg\" alt=\"\" class=\"wp-image-68096\" \/><figcaption>Tom C. Hall<\/figcaption><\/figure>\n\n\n\n<figure class=\"wp-block-image size-large\"><img data-id=\"68491\"  src=\"https:\/\/www.krakowfilmfestival.pl\/wp-content\/uploads\/2025\/05\/justin-karten-1.png\" alt=\"\" class=\"wp-image-68491\" \/><figcaption>Justin Karten<\/figcaption><\/figure>\n<\/figure>\n\n\n\n<p><\/p>\n","protected":false},"excerpt":{"rendered":"<p>30.05, 14.00-15.00 ASP 1 \u00a0access with passes: Industry, Industry Pro, Industry Light, Media, Student For the third time, the Krakow Film Festival will feature VR. Joanna Popinska is again in charge of this year&#8217;s selection of five exceptional titles. You will be able to take part in the immersive experience from Monday to Friday at [&hellip;]<\/p>\n","protected":false},"author":7,"featured_media":68077,"parent":67872,"menu_order":37,"comment_status":"closed","ping_status":"closed","template":"page_grid.php","meta":[],"acf":[],"yoast_head":"<!-- This site is optimized with the Yoast SEO plugin v18.9 - https:\/\/yoast.com\/wordpress\/plugins\/seo\/ -->\n<title>Case studies: VR - Krakow Film Festival<\/title>\n<meta name=\"robots\" content=\"index, follow, max-snippet:-1, max-image-preview:large, max-video-preview:-1\" \/>\n<link rel=\"canonical\" href=\"https:\/\/www.krakowfilmfestival.pl\/en\/industry\/kff-industry\/case-studies\/case-studies-vr\/\" \/>\n<meta property=\"og:locale\" content=\"en_US\" \/>\n<meta property=\"og:type\" content=\"article\" \/>\n<meta property=\"og:title\" content=\"Case studies: VR - Krakow Film Festival\" \/>\n<meta property=\"og:description\" content=\"30.05, 14.00-15.00 ASP 1 \u00a0access with passes: Industry, Industry Pro, Industry Light, Media, Student For the third time, the Krakow Film Festival will feature VR. Joanna Popinska is again in charge of this year&#8217;s selection of five exceptional titles. You will be able to take part in the immersive experience from Monday to Friday at [&hellip;]\" \/>\n<meta property=\"og:url\" content=\"https:\/\/www.krakowfilmfestival.pl\/en\/industry\/kff-industry\/case-studies\/case-studies-vr\/\" \/>\n<meta property=\"og:site_name\" content=\"Krakow Film Festival\" \/>\n<meta property=\"article:publisher\" content=\"https:\/\/www.facebook.com\/krakowfilmfest\/\" \/>\n<meta property=\"article:modified_time\" content=\"2025-05-23T11:52:01+00:00\" \/>\n<meta property=\"og:image\" content=\"https:\/\/www.krakowfilmfestival.pl\/wp-content\/uploads\/2025\/05\/shelter.jpg\" \/>\n\t<meta property=\"og:image:width\" content=\"800\" \/>\n\t<meta property=\"og:image:height\" content=\"450\" \/>\n\t<meta property=\"og:image:type\" content=\"image\/jpeg\" \/>\n<meta name=\"twitter:card\" content=\"summary_large_image\" \/>\n<meta name=\"twitter:site\" content=\"@krakowfilmfest\" \/>\n<meta name=\"twitter:label1\" content=\"Est. reading time\" \/>\n\t<meta name=\"twitter:data1\" content=\"6 minutes\" \/>\n<script type=\"application\/ld+json\" class=\"yoast-schema-graph\">{\"@context\":\"https:\/\/schema.org\",\"@graph\":[{\"@type\":\"Organization\",\"@id\":\"https:\/\/www.krakowfilmfestival.pl\/en\/#organization\",\"name\":\"Krakowski Festiwal Filmowy\",\"url\":\"https:\/\/www.krakowfilmfestival.pl\/en\/\",\"sameAs\":[\"https:\/\/www.instagram.com\/krakowfilmfestival\/\",\"https:\/\/www.youtube.com\/user\/KrakowFilmFoundation\",\"https:\/\/pl.wikipedia.org\/wiki\/Krakowski_Festiwal_Filmowy\",\"https:\/\/www.facebook.com\/krakowfilmfest\/\",\"https:\/\/twitter.com\/krakowfilmfest\"],\"logo\":{\"@type\":\"ImageObject\",\"inLanguage\":\"en-US\",\"@id\":\"https:\/\/www.krakowfilmfestival.pl\/en\/#\/schema\/logo\/image\/\",\"url\":\"https:\/\/www.krakowfilmfestival.pl\/wp-content\/uploads\/2024\/03\/logokff_uniwersalne.jpg\",\"contentUrl\":\"https:\/\/www.krakowfilmfestival.pl\/wp-content\/uploads\/2024\/03\/logokff_uniwersalne.jpg\",\"width\":1241,\"height\":699,\"caption\":\"Krakowski Festiwal Filmowy\"},\"image\":{\"@id\":\"https:\/\/www.krakowfilmfestival.pl\/en\/#\/schema\/logo\/image\/\"}},{\"@type\":\"WebSite\",\"@id\":\"https:\/\/www.krakowfilmfestival.pl\/en\/#website\",\"url\":\"https:\/\/www.krakowfilmfestival.pl\/en\/\",\"name\":\"Krakow Film Festival\",\"description\":\"In Cracow since 1961\",\"publisher\":{\"@id\":\"https:\/\/www.krakowfilmfestival.pl\/en\/#organization\"},\"potentialAction\":[{\"@type\":\"SearchAction\",\"target\":{\"@type\":\"EntryPoint\",\"urlTemplate\":\"https:\/\/www.krakowfilmfestival.pl\/en\/?s={search_term_string}\"},\"query-input\":\"required name=search_term_string\"}],\"inLanguage\":\"en-US\"},{\"@type\":\"ImageObject\",\"inLanguage\":\"en-US\",\"@id\":\"https:\/\/www.krakowfilmfestival.pl\/en\/industry\/kff-industry\/case-studies\/case-studies-vr\/#primaryimage\",\"url\":\"https:\/\/www.krakowfilmfestival.pl\/wp-content\/uploads\/2025\/05\/shelter.jpg\",\"contentUrl\":\"https:\/\/www.krakowfilmfestival.pl\/wp-content\/uploads\/2025\/05\/shelter.jpg\",\"width\":800,\"height\":450},{\"@type\":\"WebPage\",\"@id\":\"https:\/\/www.krakowfilmfestival.pl\/en\/industry\/kff-industry\/case-studies\/case-studies-vr\/#webpage\",\"url\":\"https:\/\/www.krakowfilmfestival.pl\/en\/industry\/kff-industry\/case-studies\/case-studies-vr\/\",\"name\":\"Case studies: VR - Krakow Film Festival\",\"isPartOf\":{\"@id\":\"https:\/\/www.krakowfilmfestival.pl\/en\/#website\"},\"primaryImageOfPage\":{\"@id\":\"https:\/\/www.krakowfilmfestival.pl\/en\/industry\/kff-industry\/case-studies\/case-studies-vr\/#primaryimage\"},\"datePublished\":\"2025-05-19T12:54:31+00:00\",\"dateModified\":\"2025-05-23T11:52:01+00:00\",\"breadcrumb\":{\"@id\":\"https:\/\/www.krakowfilmfestival.pl\/en\/industry\/kff-industry\/case-studies\/case-studies-vr\/#breadcrumb\"},\"inLanguage\":\"en-US\",\"potentialAction\":[{\"@type\":\"ReadAction\",\"target\":[\"https:\/\/www.krakowfilmfestival.pl\/en\/industry\/kff-industry\/case-studies\/case-studies-vr\/\"]}]},{\"@type\":\"BreadcrumbList\",\"@id\":\"https:\/\/www.krakowfilmfestival.pl\/en\/industry\/kff-industry\/case-studies\/case-studies-vr\/#breadcrumb\",\"itemListElement\":[{\"@type\":\"ListItem\",\"position\":1,\"name\":\"Strona g\u0142\u00f3wna\",\"item\":\"https:\/\/www.krakowfilmfestival.pl\/en\/\"},{\"@type\":\"ListItem\",\"position\":2,\"name\":\"KFF Industry\",\"item\":\"https:\/\/www.krakowfilmfestival.pl\/en\/industry\/\"},{\"@type\":\"ListItem\",\"position\":3,\"name\":\"KFF Industry Program 2025\",\"item\":\"https:\/\/www.krakowfilmfestival.pl\/en\/industry\/kff-industry\/\"},{\"@type\":\"ListItem\",\"position\":4,\"name\":\"Case Studies\",\"item\":\"https:\/\/www.krakowfilmfestival.pl\/en\/industry\/kff-industry\/case-studies\/\"},{\"@type\":\"ListItem\",\"position\":5,\"name\":\"Case studies: VR\"}]}]}<\/script>\n<!-- \/ Yoast SEO plugin. -->","yoast_head_json":{"title":"Case studies: VR - Krakow Film Festival","robots":{"index":"index","follow":"follow","max-snippet":"max-snippet:-1","max-image-preview":"max-image-preview:large","max-video-preview":"max-video-preview:-1"},"canonical":"https:\/\/www.krakowfilmfestival.pl\/en\/industry\/kff-industry\/case-studies\/case-studies-vr\/","og_locale":"en_US","og_type":"article","og_title":"Case studies: VR - Krakow Film Festival","og_description":"30.05, 14.00-15.00 ASP 1 \u00a0access with passes: Industry, Industry Pro, Industry Light, Media, Student For the third time, the Krakow Film Festival will feature VR. Joanna Popinska is again in charge of this year&#8217;s selection of five exceptional titles. You will be able to take part in the immersive experience from Monday to Friday at [&hellip;]","og_url":"https:\/\/www.krakowfilmfestival.pl\/en\/industry\/kff-industry\/case-studies\/case-studies-vr\/","og_site_name":"Krakow Film Festival","article_publisher":"https:\/\/www.facebook.com\/krakowfilmfest\/","article_modified_time":"2025-05-23T11:52:01+00:00","og_image":[{"width":800,"height":450,"url":"https:\/\/www.krakowfilmfestival.pl\/wp-content\/uploads\/2025\/05\/shelter.jpg","type":"image\/jpeg"}],"twitter_card":"summary_large_image","twitter_site":"@krakowfilmfest","twitter_misc":{"Est. reading time":"6 minutes"},"schema":{"@context":"https:\/\/schema.org","@graph":[{"@type":"Organization","@id":"https:\/\/www.krakowfilmfestival.pl\/en\/#organization","name":"Krakowski Festiwal Filmowy","url":"https:\/\/www.krakowfilmfestival.pl\/en\/","sameAs":["https:\/\/www.instagram.com\/krakowfilmfestival\/","https:\/\/www.youtube.com\/user\/KrakowFilmFoundation","https:\/\/pl.wikipedia.org\/wiki\/Krakowski_Festiwal_Filmowy","https:\/\/www.facebook.com\/krakowfilmfest\/","https:\/\/twitter.com\/krakowfilmfest"],"logo":{"@type":"ImageObject","inLanguage":"en-US","@id":"https:\/\/www.krakowfilmfestival.pl\/en\/#\/schema\/logo\/image\/","url":"https:\/\/www.krakowfilmfestival.pl\/wp-content\/uploads\/2024\/03\/logokff_uniwersalne.jpg","contentUrl":"https:\/\/www.krakowfilmfestival.pl\/wp-content\/uploads\/2024\/03\/logokff_uniwersalne.jpg","width":1241,"height":699,"caption":"Krakowski Festiwal Filmowy"},"image":{"@id":"https:\/\/www.krakowfilmfestival.pl\/en\/#\/schema\/logo\/image\/"}},{"@type":"WebSite","@id":"https:\/\/www.krakowfilmfestival.pl\/en\/#website","url":"https:\/\/www.krakowfilmfestival.pl\/en\/","name":"Krakow Film Festival","description":"In Cracow since 1961","publisher":{"@id":"https:\/\/www.krakowfilmfestival.pl\/en\/#organization"},"potentialAction":[{"@type":"SearchAction","target":{"@type":"EntryPoint","urlTemplate":"https:\/\/www.krakowfilmfestival.pl\/en\/?s={search_term_string}"},"query-input":"required name=search_term_string"}],"inLanguage":"en-US"},{"@type":"ImageObject","inLanguage":"en-US","@id":"https:\/\/www.krakowfilmfestival.pl\/en\/industry\/kff-industry\/case-studies\/case-studies-vr\/#primaryimage","url":"https:\/\/www.krakowfilmfestival.pl\/wp-content\/uploads\/2025\/05\/shelter.jpg","contentUrl":"https:\/\/www.krakowfilmfestival.pl\/wp-content\/uploads\/2025\/05\/shelter.jpg","width":800,"height":450},{"@type":"WebPage","@id":"https:\/\/www.krakowfilmfestival.pl\/en\/industry\/kff-industry\/case-studies\/case-studies-vr\/#webpage","url":"https:\/\/www.krakowfilmfestival.pl\/en\/industry\/kff-industry\/case-studies\/case-studies-vr\/","name":"Case studies: VR - Krakow Film Festival","isPartOf":{"@id":"https:\/\/www.krakowfilmfestival.pl\/en\/#website"},"primaryImageOfPage":{"@id":"https:\/\/www.krakowfilmfestival.pl\/en\/industry\/kff-industry\/case-studies\/case-studies-vr\/#primaryimage"},"datePublished":"2025-05-19T12:54:31+00:00","dateModified":"2025-05-23T11:52:01+00:00","breadcrumb":{"@id":"https:\/\/www.krakowfilmfestival.pl\/en\/industry\/kff-industry\/case-studies\/case-studies-vr\/#breadcrumb"},"inLanguage":"en-US","potentialAction":[{"@type":"ReadAction","target":["https:\/\/www.krakowfilmfestival.pl\/en\/industry\/kff-industry\/case-studies\/case-studies-vr\/"]}]},{"@type":"BreadcrumbList","@id":"https:\/\/www.krakowfilmfestival.pl\/en\/industry\/kff-industry\/case-studies\/case-studies-vr\/#breadcrumb","itemListElement":[{"@type":"ListItem","position":1,"name":"Strona g\u0142\u00f3wna","item":"https:\/\/www.krakowfilmfestival.pl\/en\/"},{"@type":"ListItem","position":2,"name":"KFF Industry","item":"https:\/\/www.krakowfilmfestival.pl\/en\/industry\/"},{"@type":"ListItem","position":3,"name":"KFF Industry Program 2025","item":"https:\/\/www.krakowfilmfestival.pl\/en\/industry\/kff-industry\/"},{"@type":"ListItem","position":4,"name":"Case Studies","item":"https:\/\/www.krakowfilmfestival.pl\/en\/industry\/kff-industry\/case-studies\/"},{"@type":"ListItem","position":5,"name":"Case studies: VR"}]}]}},"_links":{"self":[{"href":"https:\/\/www.krakowfilmfestival.pl\/en\/wp-json\/wp\/v2\/pages\/67898"}],"collection":[{"href":"https:\/\/www.krakowfilmfestival.pl\/en\/wp-json\/wp\/v2\/pages"}],"about":[{"href":"https:\/\/www.krakowfilmfestival.pl\/en\/wp-json\/wp\/v2\/types\/page"}],"author":[{"embeddable":true,"href":"https:\/\/www.krakowfilmfestival.pl\/en\/wp-json\/wp\/v2\/users\/7"}],"replies":[{"embeddable":true,"href":"https:\/\/www.krakowfilmfestival.pl\/en\/wp-json\/wp\/v2\/comments?post=67898"}],"version-history":[{"count":10,"href":"https:\/\/www.krakowfilmfestival.pl\/en\/wp-json\/wp\/v2\/pages\/67898\/revisions"}],"predecessor-version":[{"id":68799,"href":"https:\/\/www.krakowfilmfestival.pl\/en\/wp-json\/wp\/v2\/pages\/67898\/revisions\/68799"}],"up":[{"embeddable":true,"href":"https:\/\/www.krakowfilmfestival.pl\/en\/wp-json\/wp\/v2\/pages\/67872"}],"wp:featuredmedia":[{"embeddable":true,"href":"https:\/\/www.krakowfilmfestival.pl\/en\/wp-json\/wp\/v2\/media\/68077"}],"wp:attachment":[{"href":"https:\/\/www.krakowfilmfestival.pl\/en\/wp-json\/wp\/v2\/media?parent=67898"}],"curies":[{"name":"wp","href":"https:\/\/api.w.org\/{rel}","templated":true}]}}