{"id":72746,"date":"2026-01-23T14:49:18","date_gmt":"2026-01-23T13:49:18","guid":{"rendered":"https:\/\/www.krakowfilmfestival.pl\/?page_id=72746"},"modified":"2026-04-15T13:06:54","modified_gmt":"2026-04-15T11:06:54","slug":"dragon-of-dragons-2026","status":"publish","type":"page","link":"https:\/\/www.krakowfilmfestival.pl\/en\/66th-kff\/dragon-of-dragons-2026\/","title":{"rendered":"Dragon of Dragons 2026"},"content":{"rendered":"\n<h2>Kim Longinotto to Receive the Dragon of Dragons Award 2026<\/h2>\n\n\n\n<p>She has made over 20 films exploring women\u2019s lives across different continents. Her documentaries have opened major film events and received widespread acclaim at international festivals. This year, she will join the Krak\u00f3w Film Festival to receive the Dragon of Dragons statuette, and to conduct a special masterclass. The event will be accompanied by a retrospective showcasing her most moving and inspiring film portraits of everyday heroines.<\/p>\n\n\n\n<p><em>\u201cI am proud that our most important award will go to an outstanding artist who has consistently placed women at the centre of her work, often well ahead of contemporary trends. She is the second documentary filmmaker after Helena T\u0159e\u0161t\u00edkov\u00e1 to receive the Dragon of Dragons. Their working methods differ, but they are united by a deep respect for their subjects. It is a great pleasure to welcome her to Krak\u00f3w,\u201d \u2013<\/em> <strong>Krzysztof Gierat, Chair of the Programme Council of the Krak\u00f3w Film Festival<\/strong>, justifies the decision.<\/p>\n\n\n\n<figure class=\"wp-block-gallery has-nested-images columns-default is-cropped\">\n<figure class=\"wp-block-image size-large\"><img loading=\"lazy\" width=\"1280\" height=\"720\" data-id=\"72686\"  src=\"https:\/\/www.krakowfilmfestival.pl\/wp-content\/uploads\/2026\/01\/kim-longitto.jpg\" alt=\"\" class=\"wp-image-72686\" srcset=\"https:\/\/www.krakowfilmfestival.pl\/wp-content\/uploads\/2026\/01\/kim-longitto.jpg 1280w, https:\/\/www.krakowfilmfestival.pl\/wp-content\/uploads\/2026\/01\/kim-longitto-729x410.jpg 729w, https:\/\/www.krakowfilmfestival.pl\/wp-content\/uploads\/2026\/01\/kim-longitto-492x277.jpg 492w\" sizes=\"(max-width: 1280px) 100vw, 1280px\" \/><figcaption>Kim Longinotto<\/figcaption><\/figure>\n<\/figure>\n\n\n\n<p><br>You can read Aneta Piotrowska\u2019s text <a href=\"https:\/\/www.krakowfilmfestival.pl\/wp-content\/uploads\/2026\/04\/kim-longinotto--a-strongwoman-of-documentary.pdf\" target=\"_blank\" rel=\"noreferrer noopener\">&#8220;Kim Longinotto \u2013 a strongwoman of documentary&#8221;<\/a><\/p>\n\n\n\n<p><strong>Kim Longinotto<\/strong> is a graduate of the National Film and Television School in London and a recipient of numerous awards, including honours from Cannes, Sundance, the Berlinale, and the Krak\u00f3w Film Festival. She began her career with <em>Pride of Place<\/em>, a critical portrait of her former boarding school, followed by <em>Theatre Girls<\/em>, documenting life in a hostel for homeless women. Since then, she has consistently explored women\u2019s experiences across cultures and social systems.\u00a0<\/p>\n","protected":false},"excerpt":{"rendered":"<p>Kim Longinotto to Receive the Dragon of Dragons Award 2026 She has made over 20 films exploring women\u2019s lives across different continents. Her documentaries have opened major film events and received widespread acclaim at international festivals. This year, she will join the Krak\u00f3w Film Festival to receive the Dragon of Dragons statuette, and to conduct [&hellip;]<\/p>\n","protected":false},"author":15,"featured_media":72686,"parent":71321,"menu_order":9,"comment_status":"closed","ping_status":"closed","template":"","meta":[],"acf":[],"yoast_head":"<!-- This site is optimized with the Yoast SEO plugin v18.9 - https:\/\/yoast.com\/wordpress\/plugins\/seo\/ -->\n<title>Dragon of Dragons 2026 - Krakow Film Festival<\/title>\n<meta name=\"robots\" content=\"index, follow, max-snippet:-1, max-image-preview:large, max-video-preview:-1\" \/>\n<link rel=\"canonical\" href=\"https:\/\/www.krakowfilmfestival.pl\/en\/66th-kff\/dragon-of-dragons-2026\/\" \/>\n<meta property=\"og:locale\" content=\"en_US\" \/>\n<meta property=\"og:type\" content=\"article\" \/>\n<meta property=\"og:title\" content=\"Dragon of Dragons 2026 - Krakow Film Festival\" \/>\n<meta property=\"og:description\" content=\"Kim Longinotto to Receive the Dragon of Dragons Award 2026 She has made over 20 films exploring women\u2019s lives across different continents. Her documentaries have opened major film events and received widespread acclaim at international festivals. This year, she will join the Krak\u00f3w Film Festival to receive the Dragon of Dragons statuette, and to conduct [&hellip;]\" \/>\n<meta property=\"og:url\" content=\"https:\/\/www.krakowfilmfestival.pl\/en\/66th-kff\/dragon-of-dragons-2026\/\" \/>\n<meta property=\"og:site_name\" content=\"Krakow Film Festival\" \/>\n<meta property=\"article:publisher\" content=\"https:\/\/www.facebook.com\/krakowfilmfest\/\" \/>\n<meta property=\"article:modified_time\" content=\"2026-04-15T11:06:54+00:00\" \/>\n<meta property=\"og:image\" content=\"https:\/\/www.krakowfilmfestival.pl\/wp-content\/uploads\/2026\/01\/kim-longitto.jpg\" \/>\n\t<meta property=\"og:image:width\" content=\"1280\" \/>\n\t<meta property=\"og:image:height\" content=\"720\" \/>\n\t<meta property=\"og:image:type\" content=\"image\/jpeg\" \/>\n<meta name=\"twitter:card\" content=\"summary_large_image\" \/>\n<meta name=\"twitter:site\" content=\"@krakowfilmfest\" \/>\n<meta name=\"twitter:label1\" content=\"Est. reading time\" \/>\n\t<meta name=\"twitter:data1\" content=\"2 minutes\" \/>\n<script type=\"application\/ld+json\" class=\"yoast-schema-graph\">{\"@context\":\"https:\/\/schema.org\",\"@graph\":[{\"@type\":\"Organization\",\"@id\":\"https:\/\/www.krakowfilmfestival.pl\/en\/#organization\",\"name\":\"Krakowski Festiwal Filmowy\",\"url\":\"https:\/\/www.krakowfilmfestival.pl\/en\/\",\"sameAs\":[\"https:\/\/www.instagram.com\/krakowfilmfestival\/\",\"https:\/\/www.youtube.com\/user\/KrakowFilmFoundation\",\"https:\/\/pl.wikipedia.org\/wiki\/Krakowski_Festiwal_Filmowy\",\"https:\/\/www.facebook.com\/krakowfilmfest\/\",\"https:\/\/twitter.com\/krakowfilmfest\"],\"logo\":{\"@type\":\"ImageObject\",\"inLanguage\":\"en-US\",\"@id\":\"https:\/\/www.krakowfilmfestival.pl\/en\/#\/schema\/logo\/image\/\",\"url\":\"https:\/\/www.krakowfilmfestival.pl\/wp-content\/uploads\/2024\/03\/logokff_uniwersalne.jpg\",\"contentUrl\":\"https:\/\/www.krakowfilmfestival.pl\/wp-content\/uploads\/2024\/03\/logokff_uniwersalne.jpg\",\"width\":1241,\"height\":699,\"caption\":\"Krakowski Festiwal Filmowy\"},\"image\":{\"@id\":\"https:\/\/www.krakowfilmfestival.pl\/en\/#\/schema\/logo\/image\/\"}},{\"@type\":\"WebSite\",\"@id\":\"https:\/\/www.krakowfilmfestival.pl\/en\/#website\",\"url\":\"https:\/\/www.krakowfilmfestival.pl\/en\/\",\"name\":\"Krakow Film Festival\",\"description\":\"In Cracow since 1961\",\"publisher\":{\"@id\":\"https:\/\/www.krakowfilmfestival.pl\/en\/#organization\"},\"potentialAction\":[{\"@type\":\"SearchAction\",\"target\":{\"@type\":\"EntryPoint\",\"urlTemplate\":\"https:\/\/www.krakowfilmfestival.pl\/en\/?s={search_term_string}\"},\"query-input\":\"required name=search_term_string\"}],\"inLanguage\":\"en-US\"},{\"@type\":\"ImageObject\",\"inLanguage\":\"en-US\",\"@id\":\"https:\/\/www.krakowfilmfestival.pl\/en\/66th-kff\/dragon-of-dragons-2026\/#primaryimage\",\"url\":\"https:\/\/www.krakowfilmfestival.pl\/wp-content\/uploads\/2026\/01\/kim-longitto.jpg\",\"contentUrl\":\"https:\/\/www.krakowfilmfestival.pl\/wp-content\/uploads\/2026\/01\/kim-longitto.jpg\",\"width\":1280,\"height\":720,\"caption\":\"Kim Longinotto\"},{\"@type\":\"WebPage\",\"@id\":\"https:\/\/www.krakowfilmfestival.pl\/en\/66th-kff\/dragon-of-dragons-2026\/#webpage\",\"url\":\"https:\/\/www.krakowfilmfestival.pl\/en\/66th-kff\/dragon-of-dragons-2026\/\",\"name\":\"Dragon of Dragons 2026 - Krakow Film Festival\",\"isPartOf\":{\"@id\":\"https:\/\/www.krakowfilmfestival.pl\/en\/#website\"},\"primaryImageOfPage\":{\"@id\":\"https:\/\/www.krakowfilmfestival.pl\/en\/66th-kff\/dragon-of-dragons-2026\/#primaryimage\"},\"datePublished\":\"2026-01-23T13:49:18+00:00\",\"dateModified\":\"2026-04-15T11:06:54+00:00\",\"breadcrumb\":{\"@id\":\"https:\/\/www.krakowfilmfestival.pl\/en\/66th-kff\/dragon-of-dragons-2026\/#breadcrumb\"},\"inLanguage\":\"en-US\",\"potentialAction\":[{\"@type\":\"ReadAction\",\"target\":[\"https:\/\/www.krakowfilmfestival.pl\/en\/66th-kff\/dragon-of-dragons-2026\/\"]}]},{\"@type\":\"BreadcrumbList\",\"@id\":\"https:\/\/www.krakowfilmfestival.pl\/en\/66th-kff\/dragon-of-dragons-2026\/#breadcrumb\",\"itemListElement\":[{\"@type\":\"ListItem\",\"position\":1,\"name\":\"Strona g\u0142\u00f3wna\",\"item\":\"https:\/\/www.krakowfilmfestival.pl\/en\/\"},{\"@type\":\"ListItem\",\"position\":2,\"name\":\"Krakow Film Festival 2026\",\"item\":\"https:\/\/www.krakowfilmfestival.pl\/en\/66th-kff\/\"},{\"@type\":\"ListItem\",\"position\":3,\"name\":\"Dragon of Dragons 2026\"}]}]}<\/script>\n<!-- \/ Yoast SEO plugin. -->","yoast_head_json":{"title":"Dragon of Dragons 2026 - Krakow Film Festival","robots":{"index":"index","follow":"follow","max-snippet":"max-snippet:-1","max-image-preview":"max-image-preview:large","max-video-preview":"max-video-preview:-1"},"canonical":"https:\/\/www.krakowfilmfestival.pl\/en\/66th-kff\/dragon-of-dragons-2026\/","og_locale":"en_US","og_type":"article","og_title":"Dragon of Dragons 2026 - Krakow Film Festival","og_description":"Kim Longinotto to Receive the Dragon of Dragons Award 2026 She has made over 20 films exploring women\u2019s lives across different continents. Her documentaries have opened major film events and received widespread acclaim at international festivals. This year, she will join the Krak\u00f3w Film Festival to receive the Dragon of Dragons statuette, and to conduct [&hellip;]","og_url":"https:\/\/www.krakowfilmfestival.pl\/en\/66th-kff\/dragon-of-dragons-2026\/","og_site_name":"Krakow Film Festival","article_publisher":"https:\/\/www.facebook.com\/krakowfilmfest\/","article_modified_time":"2026-04-15T11:06:54+00:00","og_image":[{"width":1280,"height":720,"url":"https:\/\/www.krakowfilmfestival.pl\/wp-content\/uploads\/2026\/01\/kim-longitto.jpg","type":"image\/jpeg"}],"twitter_card":"summary_large_image","twitter_site":"@krakowfilmfest","twitter_misc":{"Est. reading time":"2 minutes"},"schema":{"@context":"https:\/\/schema.org","@graph":[{"@type":"Organization","@id":"https:\/\/www.krakowfilmfestival.pl\/en\/#organization","name":"Krakowski Festiwal Filmowy","url":"https:\/\/www.krakowfilmfestival.pl\/en\/","sameAs":["https:\/\/www.instagram.com\/krakowfilmfestival\/","https:\/\/www.youtube.com\/user\/KrakowFilmFoundation","https:\/\/pl.wikipedia.org\/wiki\/Krakowski_Festiwal_Filmowy","https:\/\/www.facebook.com\/krakowfilmfest\/","https:\/\/twitter.com\/krakowfilmfest"],"logo":{"@type":"ImageObject","inLanguage":"en-US","@id":"https:\/\/www.krakowfilmfestival.pl\/en\/#\/schema\/logo\/image\/","url":"https:\/\/www.krakowfilmfestival.pl\/wp-content\/uploads\/2024\/03\/logokff_uniwersalne.jpg","contentUrl":"https:\/\/www.krakowfilmfestival.pl\/wp-content\/uploads\/2024\/03\/logokff_uniwersalne.jpg","width":1241,"height":699,"caption":"Krakowski Festiwal Filmowy"},"image":{"@id":"https:\/\/www.krakowfilmfestival.pl\/en\/#\/schema\/logo\/image\/"}},{"@type":"WebSite","@id":"https:\/\/www.krakowfilmfestival.pl\/en\/#website","url":"https:\/\/www.krakowfilmfestival.pl\/en\/","name":"Krakow Film Festival","description":"In Cracow since 1961","publisher":{"@id":"https:\/\/www.krakowfilmfestival.pl\/en\/#organization"},"potentialAction":[{"@type":"SearchAction","target":{"@type":"EntryPoint","urlTemplate":"https:\/\/www.krakowfilmfestival.pl\/en\/?s={search_term_string}"},"query-input":"required name=search_term_string"}],"inLanguage":"en-US"},{"@type":"ImageObject","inLanguage":"en-US","@id":"https:\/\/www.krakowfilmfestival.pl\/en\/66th-kff\/dragon-of-dragons-2026\/#primaryimage","url":"https:\/\/www.krakowfilmfestival.pl\/wp-content\/uploads\/2026\/01\/kim-longitto.jpg","contentUrl":"https:\/\/www.krakowfilmfestival.pl\/wp-content\/uploads\/2026\/01\/kim-longitto.jpg","width":1280,"height":720,"caption":"Kim Longinotto"},{"@type":"WebPage","@id":"https:\/\/www.krakowfilmfestival.pl\/en\/66th-kff\/dragon-of-dragons-2026\/#webpage","url":"https:\/\/www.krakowfilmfestival.pl\/en\/66th-kff\/dragon-of-dragons-2026\/","name":"Dragon of Dragons 2026 - Krakow Film Festival","isPartOf":{"@id":"https:\/\/www.krakowfilmfestival.pl\/en\/#website"},"primaryImageOfPage":{"@id":"https:\/\/www.krakowfilmfestival.pl\/en\/66th-kff\/dragon-of-dragons-2026\/#primaryimage"},"datePublished":"2026-01-23T13:49:18+00:00","dateModified":"2026-04-15T11:06:54+00:00","breadcrumb":{"@id":"https:\/\/www.krakowfilmfestival.pl\/en\/66th-kff\/dragon-of-dragons-2026\/#breadcrumb"},"inLanguage":"en-US","potentialAction":[{"@type":"ReadAction","target":["https:\/\/www.krakowfilmfestival.pl\/en\/66th-kff\/dragon-of-dragons-2026\/"]}]},{"@type":"BreadcrumbList","@id":"https:\/\/www.krakowfilmfestival.pl\/en\/66th-kff\/dragon-of-dragons-2026\/#breadcrumb","itemListElement":[{"@type":"ListItem","position":1,"name":"Strona g\u0142\u00f3wna","item":"https:\/\/www.krakowfilmfestival.pl\/en\/"},{"@type":"ListItem","position":2,"name":"Krakow Film Festival 2026","item":"https:\/\/www.krakowfilmfestival.pl\/en\/66th-kff\/"},{"@type":"ListItem","position":3,"name":"Dragon of Dragons 2026"}]}]}},"_links":{"self":[{"href":"https:\/\/www.krakowfilmfestival.pl\/en\/wp-json\/wp\/v2\/pages\/72746"}],"collection":[{"href":"https:\/\/www.krakowfilmfestival.pl\/en\/wp-json\/wp\/v2\/pages"}],"about":[{"href":"https:\/\/www.krakowfilmfestival.pl\/en\/wp-json\/wp\/v2\/types\/page"}],"author":[{"embeddable":true,"href":"https:\/\/www.krakowfilmfestival.pl\/en\/wp-json\/wp\/v2\/users\/15"}],"replies":[{"embeddable":true,"href":"https:\/\/www.krakowfilmfestival.pl\/en\/wp-json\/wp\/v2\/comments?post=72746"}],"version-history":[{"count":7,"href":"https:\/\/www.krakowfilmfestival.pl\/en\/wp-json\/wp\/v2\/pages\/72746\/revisions"}],"predecessor-version":[{"id":74189,"href":"https:\/\/www.krakowfilmfestival.pl\/en\/wp-json\/wp\/v2\/pages\/72746\/revisions\/74189"}],"up":[{"embeddable":true,"href":"https:\/\/www.krakowfilmfestival.pl\/en\/wp-json\/wp\/v2\/pages\/71321"}],"wp:featuredmedia":[{"embeddable":true,"href":"https:\/\/www.krakowfilmfestival.pl\/en\/wp-json\/wp\/v2\/media\/72686"}],"wp:attachment":[{"href":"https:\/\/www.krakowfilmfestival.pl\/en\/wp-json\/wp\/v2\/media?parent=72746"}],"curies":[{"name":"wp","href":"https:\/\/api.w.org\/{rel}","templated":true}]}}