{"id":72903,"date":"2026-02-05T11:56:37","date_gmt":"2026-02-05T10:56:37","guid":{"rendered":"https:\/\/www.krakowfilmfestival.pl\/66th-kff\/tickets-and-passes-66th-kff\/love_insider\/"},"modified":"2026-02-16T10:00:14","modified_gmt":"2026-02-16T09:00:14","slug":"love_insider","status":"publish","type":"page","link":"https:\/\/www.krakowfilmfestival.pl\/en\/66th-kff\/tickets-and-passes-66th-kff\/love_insider\/","title":{"rendered":"LOVE_INSIDER"},"content":{"rendered":"\n<h3 class=\"dividerstyled\">The Valentine\u2019s excitement has settled, and our offer has come to a close.<\/h3>\n\n\n\n<p>The limited pool of LOVE_INSIDER packages has officially sold out. Thank you for such an incredible interest in the 66th Krakow Film Festival!<\/p>\n\n\n\n<p>Although this promotion is now part of our history, the doors to our festival cinemas remain wide open for you. Explore our <a href=\"https:\/\/www.krakowfilmfestival.pl\/en\/66th-kff\/tickets-and-passes-66th-kff\/\">regular selection of passes<\/a> and start planning your cinematic May.<\/p>\n\n\n\n<p>Want to be the first to hear about future surprises and special offers? Sign up for our newsletter. We promise to share only the best film news.<\/p>\n\n\n\n<p><strong>See you in Krak\u00f3w!<\/strong><\/p>\n\n\n\n<div class=\"wp-container-1 wp-block-buttons\">\n<div class=\"wp-block-button aligncenter is-style-fill\"><a class=\"wp-block-button__link has-blush-bordeaux-gradient-background has-background\" href=\"https:\/\/www.krakowfilmfestival.pl\/en\/66th-kff\/tickets-and-passes-66th-kff\/\" style=\"border-radius:50px\">Buy a pass for the 66th KFF<\/a><\/div>\n<\/div>\n\n\n\n<div style=\"height:20px\" aria-hidden=\"true\" class=\"wp-block-spacer\"><\/div>\n\n\n\n<p class=\"has-text-align-center\">Krak\u00f3w \u2013 Spring \u2013 You. Beyond Cinema and the Red Carpet<\/p>\n\n\n\n<figure class=\"wp-block-gallery has-nested-images columns-default is-cropped\">\n<figure class=\"wp-block-image size-large\"><img loading=\"lazy\" width=\"1920\" height=\"1280\" data-id=\"72796\"  src=\"https:\/\/www.krakowfilmfestival.pl\/wp-content\/uploads\/2026\/01\/lo-res-kff-20250525-kijowqaot-mlepecki16-1920x1280.jpg\" alt=\"\" class=\"wp-image-72796\" srcset=\"https:\/\/www.krakowfilmfestival.pl\/wp-content\/uploads\/2026\/01\/lo-res-kff-20250525-kijowqaot-mlepecki16-1920x1280.jpg 1920w, https:\/\/www.krakowfilmfestival.pl\/wp-content\/uploads\/2026\/01\/lo-res-kff-20250525-kijowqaot-mlepecki16-729x486.jpg 729w, https:\/\/www.krakowfilmfestival.pl\/wp-content\/uploads\/2026\/01\/lo-res-kff-20250525-kijowqaot-mlepecki16-1536x1024.jpg 1536w, https:\/\/www.krakowfilmfestival.pl\/wp-content\/uploads\/2026\/01\/lo-res-kff-20250525-kijowqaot-mlepecki16.jpg 2048w\" sizes=\"(max-width: 1920px) 100vw, 1920px\" \/><figcaption>Emotions in the cinema hall. Photo: Micha\u0142 \u0141epecki<\/figcaption><\/figure>\n\n\n\n<figure class=\"wp-block-image size-large\"><img loading=\"lazy\" width=\"1920\" height=\"1280\" data-id=\"72795\"  src=\"https:\/\/www.krakowfilmfestival.pl\/wp-content\/uploads\/2026\/01\/lo-res-kff-20250525-mosjogafot-mlepecki16-1920x1280.jpg\" alt=\"\" class=\"wp-image-72795\" srcset=\"https:\/\/www.krakowfilmfestival.pl\/wp-content\/uploads\/2026\/01\/lo-res-kff-20250525-mosjogafot-mlepecki16-1920x1280.jpg 1920w, https:\/\/www.krakowfilmfestival.pl\/wp-content\/uploads\/2026\/01\/lo-res-kff-20250525-mosjogafot-mlepecki16-729x486.jpg 729w, https:\/\/www.krakowfilmfestival.pl\/wp-content\/uploads\/2026\/01\/lo-res-kff-20250525-mosjogafot-mlepecki16-1536x1024.jpg 1536w, https:\/\/www.krakowfilmfestival.pl\/wp-content\/uploads\/2026\/01\/lo-res-kff-20250525-mosjogafot-mlepecki16.jpg 2048w\" sizes=\"(max-width: 1920px) 100vw, 1920px\" \/><figcaption>Yoga at KFF, one of the accompanying events. Photo: Micha\u0142 \u0141epecki<\/figcaption><\/figure>\n\n\n\n<figure class=\"wp-block-image size-large\"><img loading=\"lazy\" width=\"1920\" height=\"1280\" data-id=\"72797\"  src=\"https:\/\/www.krakowfilmfestival.pl\/wp-content\/uploads\/2026\/01\/low-res-kff2025-bankiet-fotmaciekzygmunt-0012-mz108039-1920x1280.jpg\" alt=\"\" class=\"wp-image-72797\" srcset=\"https:\/\/www.krakowfilmfestival.pl\/wp-content\/uploads\/2026\/01\/low-res-kff2025-bankiet-fotmaciekzygmunt-0012-mz108039-1920x1280.jpg 1920w, https:\/\/www.krakowfilmfestival.pl\/wp-content\/uploads\/2026\/01\/low-res-kff2025-bankiet-fotmaciekzygmunt-0012-mz108039-729x486.jpg 729w, https:\/\/www.krakowfilmfestival.pl\/wp-content\/uploads\/2026\/01\/low-res-kff2025-bankiet-fotmaciekzygmunt-0012-mz108039-1536x1024.jpg 1536w, https:\/\/www.krakowfilmfestival.pl\/wp-content\/uploads\/2026\/01\/low-res-kff2025-bankiet-fotmaciekzygmunt-0012-mz108039.jpg 2048w\" sizes=\"(max-width: 1920px) 100vw, 1920px\" \/><figcaption>Banquet at the Wielopolski Palace. Photo: Maciej \u0141epecki<\/figcaption><\/figure>\n\n\n\n<figure class=\"wp-block-image size-large\"><img loading=\"lazy\" width=\"1920\" height=\"1280\" data-id=\"72794\"  src=\"https:\/\/www.krakowfilmfestival.pl\/wp-content\/uploads\/2026\/01\/low-res-kff2025-20250527-ogolne3-fotmaciekzygmunt-0018-mz100762-1920x1280.jpg\" alt=\"\" class=\"wp-image-72794\" srcset=\"https:\/\/www.krakowfilmfestival.pl\/wp-content\/uploads\/2026\/01\/low-res-kff2025-20250527-ogolne3-fotmaciekzygmunt-0018-mz100762-1920x1280.jpg 1920w, https:\/\/www.krakowfilmfestival.pl\/wp-content\/uploads\/2026\/01\/low-res-kff2025-20250527-ogolne3-fotmaciekzygmunt-0018-mz100762-729x486.jpg 729w, https:\/\/www.krakowfilmfestival.pl\/wp-content\/uploads\/2026\/01\/low-res-kff2025-20250527-ogolne3-fotmaciekzygmunt-0018-mz100762-1536x1024.jpg 1536w, https:\/\/www.krakowfilmfestival.pl\/wp-content\/uploads\/2026\/01\/low-res-kff2025-20250527-ogolne3-fotmaciekzygmunt-0018-mz100762.jpg 2048w\" sizes=\"(max-width: 1920px) 100vw, 1920px\" \/><figcaption>Coffee between screenings at the festival caf\u00e9 in the Ma\u0142opolska Garden of Arts. Photo: Micha\u0142 \u0141epecki<\/figcaption><\/figure>\n\n\n\n<figure class=\"wp-block-image size-large\"><img loading=\"lazy\" width=\"1920\" height=\"1281\" data-id=\"72799\"  src=\"https:\/\/www.krakowfilmfestival.pl\/wp-content\/uploads\/2026\/01\/low-res-kff2025-gala-rozne-fotmlepecki-0042-lap38721-1920x1281.jpg\" alt=\"\" class=\"wp-image-72799\" srcset=\"https:\/\/www.krakowfilmfestival.pl\/wp-content\/uploads\/2026\/01\/low-res-kff2025-gala-rozne-fotmlepecki-0042-lap38721-1920x1281.jpg 1920w, https:\/\/www.krakowfilmfestival.pl\/wp-content\/uploads\/2026\/01\/low-res-kff2025-gala-rozne-fotmlepecki-0042-lap38721-729x486.jpg 729w, https:\/\/www.krakowfilmfestival.pl\/wp-content\/uploads\/2026\/01\/low-res-kff2025-gala-rozne-fotmlepecki-0042-lap38721-1536x1025.jpg 1536w, https:\/\/www.krakowfilmfestival.pl\/wp-content\/uploads\/2026\/01\/low-res-kff2025-gala-rozne-fotmlepecki-0042-lap38721.jpg 2048w\" sizes=\"(max-width: 1920px) 100vw, 1920px\" \/><figcaption>Insiders at the Kij\u00f3w Cinema. Photo: Micha\u0142 \u0141epecki<\/figcaption><\/figure>\n<\/figure>\n\n\n\n<link href=\"\/\/cdn-images.mailchimp.com\/embedcode\/classic-071822.css\" rel=\"stylesheet\" type=\"text\/css\">\n<style type=\"text\/css\">\n    \/* 1. Responsiveness and Mailchimp reset *\/\n    #mc_embed_signup {\n        background: transparent; \n        clear: left; \n        font-family: inherit; \n        width: 100%; \n        max-width: 600px; \n        margin: 0 auto; \n    }\n    \n    \/* 2. Button styling (matching the red KFF button) *\/\n    #mc_embed_signup .button {\n        background-color: #c92f4d !important; \n        color: #ffffff !important;\n        border-radius: 30px !important; \n        padding: 0 30px !important;\n        font-weight: 600 !important;\n        height: 45px !important;\n        line-height: 45px !important;\n        transition: all 0.3s ease !important;\n        border: none !important;\n        cursor: pointer;\n        display: inline-block;\n    }\n    \n    #mc_embed_signup .button:hover {\n        background-color: #a3223b !important; \n    }\n    \n    \/* 3. Typography and input fields *\/\n    #mc_embed_signup h2 {\n        text-align: center;\n        margin-bottom: 20px;\n        font-size: 1.5em;\n    }\n    \n    #mc_embed_signup input.email {\n        border-radius: 8px !important; \n        border: 1px solid #ccc !important;\n        padding: 10px !important;\n    }\n    \n    #mc_embed_signup .mc-field-group {\n        padding-bottom: 15px;\n    }\n<\/style>\n\n<div id=\"mc_embed_signup\">\n    <form action=\"https:\/\/kff.us2.list-manage.com\/subscribe\/post?u=a43ae89db11960bacd076df26&amp;id=647c330e14&amp;f_id=000c39e0f0\" method=\"post\" id=\"mc-embedded-subscribe-form\" name=\"mc-embedded-subscribe-form\" class=\"validate\" target=\"_blank\" novalidate=\"\">\n        <div id=\"mc_embed_signup_scroll\">\n            \n            <h2>Leave your email so you don&#8217;t miss out on future limited offers!<\/h2>\n            \n            <div class=\"indicates-required\"><span class=\"asterisk\">*<\/span> You will receive an email confirmation of your subscription<\/div>\n            \n            <div class=\"mc-field-group\">\n                <label for=\"mce-EMAIL\">Email Address <span class=\"asterisk\">*<\/span><\/label>\n                <input type=\"email\" value=\"\" name=\"EMAIL\" class=\"required email\" id=\"mce-EMAIL\" required placeholder=\"e.g. name@example.com\">\n                <span id=\"mce-EMAIL-HELPERTEXT\" class=\"helper_text\"><\/span>\n            <\/div>\n            \n            <div id=\"mce-responses\" class=\"clear\">\n                <div class=\"response\" id=\"mce-error-response\" style=\"display:none\"><\/div>\n                <div class=\"response\" id=\"mce-success-response\" style=\"display:none\"><\/div>\n            <\/div>\n            \n            <div style=\"position: absolute; left: -5000px;\" aria-hidden=\"true\">\n                <input type=\"text\" name=\"b_a43ae89db11960bacd076df26_647c330e14\" tabindex=\"-1\" value=\"\">\n            <\/div>\n            \n            <div class=\"clear\" style=\"text-align: center; margin-top: 15px;\">\n                <input type=\"submit\" value=\"Subscribe\" name=\"subscribe\" id=\"mc-embedded-subscribe\" class=\"button\">\n            <\/div>\n        <\/div>\n    <\/form>\n<\/div>\n\n<script type=\"text\/javascript\" src=\"\/\/s3.amazonaws.com\/downloads.mailchimp.com\/js\/mc-validate.js\"><\/script>\n<script type=\"text\/javascript\">\n    (function($) {\n        window.fnames = new Array(); \n        window.ftypes = new Array();\n        fnames[0]='EMAIL';ftypes[0]='email';\n        fnames[1]='FNAME';ftypes[1]='text';\n        fnames[2]='LNAME';ftypes[2]='text';\n        fnames[3]='ADDRESS';ftypes[3]='address';\n        fnames[4]='PHONE';ftypes[4]='phone';\n    }(jQuery));\n    var $mcj = jQuery.noConflict(true);\n<\/script>\n\n\n\n<p><strong>The 66th Krakow Film Festival will be held in cinemas from May 31 to June 7 and online across Poland on the KFF VOD platform from 5 to 19 June 2026.<\/strong><\/p>\n","protected":false},"excerpt":{"rendered":"<p>The Valentine\u2019s excitement has settled, and our offer has come to a close. The limited pool of LOVE_INSIDER packages has officially sold out. Thank you for such an incredible interest in the 66th Krakow Film Festival! Although this promotion is now part of our history, the doors to our festival cinemas remain wide open for [&hellip;]<\/p>\n","protected":false},"author":32,"featured_media":72783,"parent":42313,"menu_order":0,"comment_status":"closed","ping_status":"closed","template":"","meta":[],"acf":[],"yoast_head":"<!-- This site is optimized with the Yoast SEO plugin v18.9 - https:\/\/yoast.com\/wordpress\/plugins\/seo\/ -->\n<title>LOVE_INSIDER - Krakow Film Festival<\/title>\n<meta name=\"robots\" content=\"index, follow, max-snippet:-1, max-image-preview:large, max-video-preview:-1\" \/>\n<link rel=\"canonical\" href=\"https:\/\/www.krakowfilmfestival.pl\/en\/66th-kff\/tickets-and-passes-66th-kff\/love_insider\/\" \/>\n<meta property=\"og:locale\" content=\"en_US\" \/>\n<meta property=\"og:type\" content=\"article\" \/>\n<meta property=\"og:title\" content=\"LOVE_INSIDER - Krakow Film Festival\" \/>\n<meta property=\"og:description\" content=\"The Valentine\u2019s excitement has settled, and our offer has come to a close. The limited pool of LOVE_INSIDER packages has officially sold out. Thank you for such an incredible interest in the 66th Krakow Film Festival! Although this promotion is now part of our history, the doors to our festival cinemas remain wide open for [&hellip;]\" \/>\n<meta property=\"og:url\" content=\"https:\/\/www.krakowfilmfestival.pl\/en\/66th-kff\/tickets-and-passes-66th-kff\/love_insider\/\" \/>\n<meta property=\"og:site_name\" content=\"Krakow Film Festival\" \/>\n<meta property=\"article:publisher\" content=\"https:\/\/www.facebook.com\/krakowfilmfest\/\" \/>\n<meta property=\"article:modified_time\" content=\"2026-02-16T09:00:14+00:00\" \/>\n<meta property=\"og:image\" content=\"https:\/\/www.krakowfilmfestival.pl\/wp-content\/uploads\/2026\/01\/low-res-kff2025-gala-scianka-fotmlepecki-0050-lap30547-1-2.jpg\" \/>\n\t<meta property=\"og:image:width\" content=\"2048\" \/>\n\t<meta property=\"og:image:height\" content=\"971\" \/>\n\t<meta property=\"og:image:type\" content=\"image\/jpeg\" \/>\n<meta name=\"twitter:card\" content=\"summary_large_image\" \/>\n<meta name=\"twitter:site\" content=\"@krakowfilmfest\" \/>\n<meta name=\"twitter:label1\" content=\"Est. reading time\" \/>\n\t<meta name=\"twitter:data1\" content=\"4 minutes\" \/>\n<script type=\"application\/ld+json\" class=\"yoast-schema-graph\">{\"@context\":\"https:\/\/schema.org\",\"@graph\":[{\"@type\":\"Organization\",\"@id\":\"https:\/\/www.krakowfilmfestival.pl\/en\/#organization\",\"name\":\"Krakowski Festiwal Filmowy\",\"url\":\"https:\/\/www.krakowfilmfestival.pl\/en\/\",\"sameAs\":[\"https:\/\/www.instagram.com\/krakowfilmfestival\/\",\"https:\/\/www.youtube.com\/user\/KrakowFilmFoundation\",\"https:\/\/pl.wikipedia.org\/wiki\/Krakowski_Festiwal_Filmowy\",\"https:\/\/www.facebook.com\/krakowfilmfest\/\",\"https:\/\/twitter.com\/krakowfilmfest\"],\"logo\":{\"@type\":\"ImageObject\",\"inLanguage\":\"en-US\",\"@id\":\"https:\/\/www.krakowfilmfestival.pl\/en\/#\/schema\/logo\/image\/\",\"url\":\"https:\/\/www.krakowfilmfestival.pl\/wp-content\/uploads\/2024\/03\/logokff_uniwersalne.jpg\",\"contentUrl\":\"https:\/\/www.krakowfilmfestival.pl\/wp-content\/uploads\/2024\/03\/logokff_uniwersalne.jpg\",\"width\":1241,\"height\":699,\"caption\":\"Krakowski Festiwal Filmowy\"},\"image\":{\"@id\":\"https:\/\/www.krakowfilmfestival.pl\/en\/#\/schema\/logo\/image\/\"}},{\"@type\":\"WebSite\",\"@id\":\"https:\/\/www.krakowfilmfestival.pl\/en\/#website\",\"url\":\"https:\/\/www.krakowfilmfestival.pl\/en\/\",\"name\":\"Krakow Film Festival\",\"description\":\"In Cracow since 1961\",\"publisher\":{\"@id\":\"https:\/\/www.krakowfilmfestival.pl\/en\/#organization\"},\"potentialAction\":[{\"@type\":\"SearchAction\",\"target\":{\"@type\":\"EntryPoint\",\"urlTemplate\":\"https:\/\/www.krakowfilmfestival.pl\/en\/?s={search_term_string}\"},\"query-input\":\"required name=search_term_string\"}],\"inLanguage\":\"en-US\"},{\"@type\":\"ImageObject\",\"inLanguage\":\"en-US\",\"@id\":\"https:\/\/www.krakowfilmfestival.pl\/en\/66th-kff\/tickets-and-passes-66th-kff\/love_insider\/#primaryimage\",\"url\":\"https:\/\/www.krakowfilmfestival.pl\/wp-content\/uploads\/2026\/01\/low-res-kff2025-gala-scianka-fotmlepecki-0050-lap30547-1-2.jpg\",\"contentUrl\":\"https:\/\/www.krakowfilmfestival.pl\/wp-content\/uploads\/2026\/01\/low-res-kff2025-gala-scianka-fotmlepecki-0050-lap30547-1-2.jpg\",\"width\":2048,\"height\":971,\"caption\":\"Re\u017cyser Artem Rachkelyuk, laureat Z\u0142otego Lajkonika za film \u201eSp\u00f3jrz na dom sw\u00f3j\u201d, z \u017con\u0105, po gali fina\u0142owej 65. KFF. Fot. Micha\u0142 \u0141epecki\"},{\"@type\":\"WebPage\",\"@id\":\"https:\/\/www.krakowfilmfestival.pl\/en\/66th-kff\/tickets-and-passes-66th-kff\/love_insider\/#webpage\",\"url\":\"https:\/\/www.krakowfilmfestival.pl\/en\/66th-kff\/tickets-and-passes-66th-kff\/love_insider\/\",\"name\":\"LOVE_INSIDER - Krakow Film Festival\",\"isPartOf\":{\"@id\":\"https:\/\/www.krakowfilmfestival.pl\/en\/#website\"},\"primaryImageOfPage\":{\"@id\":\"https:\/\/www.krakowfilmfestival.pl\/en\/66th-kff\/tickets-and-passes-66th-kff\/love_insider\/#primaryimage\"},\"datePublished\":\"2026-02-05T10:56:37+00:00\",\"dateModified\":\"2026-02-16T09:00:14+00:00\",\"breadcrumb\":{\"@id\":\"https:\/\/www.krakowfilmfestival.pl\/en\/66th-kff\/tickets-and-passes-66th-kff\/love_insider\/#breadcrumb\"},\"inLanguage\":\"en-US\",\"potentialAction\":[{\"@type\":\"ReadAction\",\"target\":[\"https:\/\/www.krakowfilmfestival.pl\/en\/66th-kff\/tickets-and-passes-66th-kff\/love_insider\/\"]}]},{\"@type\":\"BreadcrumbList\",\"@id\":\"https:\/\/www.krakowfilmfestival.pl\/en\/66th-kff\/tickets-and-passes-66th-kff\/love_insider\/#breadcrumb\",\"itemListElement\":[{\"@type\":\"ListItem\",\"position\":1,\"name\":\"Strona g\u0142\u00f3wna\",\"item\":\"https:\/\/www.krakowfilmfestival.pl\/en\/\"},{\"@type\":\"ListItem\",\"position\":2,\"name\":\"Krakow Film Festival 2026\",\"item\":\"https:\/\/www.krakowfilmfestival.pl\/en\/66th-kff\/\"},{\"@type\":\"ListItem\",\"position\":3,\"name\":\"Buy a pass\",\"item\":\"https:\/\/www.krakowfilmfestival.pl\/en\/66th-kff\/tickets-and-passes-66th-kff\/\"},{\"@type\":\"ListItem\",\"position\":4,\"name\":\"LOVE_INSIDER\"}]}]}<\/script>\n<!-- \/ Yoast SEO plugin. -->","yoast_head_json":{"title":"LOVE_INSIDER - Krakow Film Festival","robots":{"index":"index","follow":"follow","max-snippet":"max-snippet:-1","max-image-preview":"max-image-preview:large","max-video-preview":"max-video-preview:-1"},"canonical":"https:\/\/www.krakowfilmfestival.pl\/en\/66th-kff\/tickets-and-passes-66th-kff\/love_insider\/","og_locale":"en_US","og_type":"article","og_title":"LOVE_INSIDER - Krakow Film Festival","og_description":"The Valentine\u2019s excitement has settled, and our offer has come to a close. The limited pool of LOVE_INSIDER packages has officially sold out. Thank you for such an incredible interest in the 66th Krakow Film Festival! Although this promotion is now part of our history, the doors to our festival cinemas remain wide open for [&hellip;]","og_url":"https:\/\/www.krakowfilmfestival.pl\/en\/66th-kff\/tickets-and-passes-66th-kff\/love_insider\/","og_site_name":"Krakow Film Festival","article_publisher":"https:\/\/www.facebook.com\/krakowfilmfest\/","article_modified_time":"2026-02-16T09:00:14+00:00","og_image":[{"width":2048,"height":971,"url":"https:\/\/www.krakowfilmfestival.pl\/wp-content\/uploads\/2026\/01\/low-res-kff2025-gala-scianka-fotmlepecki-0050-lap30547-1-2.jpg","type":"image\/jpeg"}],"twitter_card":"summary_large_image","twitter_site":"@krakowfilmfest","twitter_misc":{"Est. reading time":"4 minutes"},"schema":{"@context":"https:\/\/schema.org","@graph":[{"@type":"Organization","@id":"https:\/\/www.krakowfilmfestival.pl\/en\/#organization","name":"Krakowski Festiwal Filmowy","url":"https:\/\/www.krakowfilmfestival.pl\/en\/","sameAs":["https:\/\/www.instagram.com\/krakowfilmfestival\/","https:\/\/www.youtube.com\/user\/KrakowFilmFoundation","https:\/\/pl.wikipedia.org\/wiki\/Krakowski_Festiwal_Filmowy","https:\/\/www.facebook.com\/krakowfilmfest\/","https:\/\/twitter.com\/krakowfilmfest"],"logo":{"@type":"ImageObject","inLanguage":"en-US","@id":"https:\/\/www.krakowfilmfestival.pl\/en\/#\/schema\/logo\/image\/","url":"https:\/\/www.krakowfilmfestival.pl\/wp-content\/uploads\/2024\/03\/logokff_uniwersalne.jpg","contentUrl":"https:\/\/www.krakowfilmfestival.pl\/wp-content\/uploads\/2024\/03\/logokff_uniwersalne.jpg","width":1241,"height":699,"caption":"Krakowski Festiwal Filmowy"},"image":{"@id":"https:\/\/www.krakowfilmfestival.pl\/en\/#\/schema\/logo\/image\/"}},{"@type":"WebSite","@id":"https:\/\/www.krakowfilmfestival.pl\/en\/#website","url":"https:\/\/www.krakowfilmfestival.pl\/en\/","name":"Krakow Film Festival","description":"In Cracow since 1961","publisher":{"@id":"https:\/\/www.krakowfilmfestival.pl\/en\/#organization"},"potentialAction":[{"@type":"SearchAction","target":{"@type":"EntryPoint","urlTemplate":"https:\/\/www.krakowfilmfestival.pl\/en\/?s={search_term_string}"},"query-input":"required name=search_term_string"}],"inLanguage":"en-US"},{"@type":"ImageObject","inLanguage":"en-US","@id":"https:\/\/www.krakowfilmfestival.pl\/en\/66th-kff\/tickets-and-passes-66th-kff\/love_insider\/#primaryimage","url":"https:\/\/www.krakowfilmfestival.pl\/wp-content\/uploads\/2026\/01\/low-res-kff2025-gala-scianka-fotmlepecki-0050-lap30547-1-2.jpg","contentUrl":"https:\/\/www.krakowfilmfestival.pl\/wp-content\/uploads\/2026\/01\/low-res-kff2025-gala-scianka-fotmlepecki-0050-lap30547-1-2.jpg","width":2048,"height":971,"caption":"Re\u017cyser Artem Rachkelyuk, laureat Z\u0142otego Lajkonika za film \u201eSp\u00f3jrz na dom sw\u00f3j\u201d, z \u017con\u0105, po gali fina\u0142owej 65. KFF. Fot. Micha\u0142 \u0141epecki"},{"@type":"WebPage","@id":"https:\/\/www.krakowfilmfestival.pl\/en\/66th-kff\/tickets-and-passes-66th-kff\/love_insider\/#webpage","url":"https:\/\/www.krakowfilmfestival.pl\/en\/66th-kff\/tickets-and-passes-66th-kff\/love_insider\/","name":"LOVE_INSIDER - Krakow Film Festival","isPartOf":{"@id":"https:\/\/www.krakowfilmfestival.pl\/en\/#website"},"primaryImageOfPage":{"@id":"https:\/\/www.krakowfilmfestival.pl\/en\/66th-kff\/tickets-and-passes-66th-kff\/love_insider\/#primaryimage"},"datePublished":"2026-02-05T10:56:37+00:00","dateModified":"2026-02-16T09:00:14+00:00","breadcrumb":{"@id":"https:\/\/www.krakowfilmfestival.pl\/en\/66th-kff\/tickets-and-passes-66th-kff\/love_insider\/#breadcrumb"},"inLanguage":"en-US","potentialAction":[{"@type":"ReadAction","target":["https:\/\/www.krakowfilmfestival.pl\/en\/66th-kff\/tickets-and-passes-66th-kff\/love_insider\/"]}]},{"@type":"BreadcrumbList","@id":"https:\/\/www.krakowfilmfestival.pl\/en\/66th-kff\/tickets-and-passes-66th-kff\/love_insider\/#breadcrumb","itemListElement":[{"@type":"ListItem","position":1,"name":"Strona g\u0142\u00f3wna","item":"https:\/\/www.krakowfilmfestival.pl\/en\/"},{"@type":"ListItem","position":2,"name":"Krakow Film Festival 2026","item":"https:\/\/www.krakowfilmfestival.pl\/en\/66th-kff\/"},{"@type":"ListItem","position":3,"name":"Buy a pass","item":"https:\/\/www.krakowfilmfestival.pl\/en\/66th-kff\/tickets-and-passes-66th-kff\/"},{"@type":"ListItem","position":4,"name":"LOVE_INSIDER"}]}]}},"_links":{"self":[{"href":"https:\/\/www.krakowfilmfestival.pl\/en\/wp-json\/wp\/v2\/pages\/72903"}],"collection":[{"href":"https:\/\/www.krakowfilmfestival.pl\/en\/wp-json\/wp\/v2\/pages"}],"about":[{"href":"https:\/\/www.krakowfilmfestival.pl\/en\/wp-json\/wp\/v2\/types\/page"}],"author":[{"embeddable":true,"href":"https:\/\/www.krakowfilmfestival.pl\/en\/wp-json\/wp\/v2\/users\/32"}],"replies":[{"embeddable":true,"href":"https:\/\/www.krakowfilmfestival.pl\/en\/wp-json\/wp\/v2\/comments?post=72903"}],"version-history":[{"count":9,"href":"https:\/\/www.krakowfilmfestival.pl\/en\/wp-json\/wp\/v2\/pages\/72903\/revisions"}],"predecessor-version":[{"id":73119,"href":"https:\/\/www.krakowfilmfestival.pl\/en\/wp-json\/wp\/v2\/pages\/72903\/revisions\/73119"}],"up":[{"embeddable":true,"href":"https:\/\/www.krakowfilmfestival.pl\/en\/wp-json\/wp\/v2\/pages\/42313"}],"wp:featuredmedia":[{"embeddable":true,"href":"https:\/\/www.krakowfilmfestival.pl\/en\/wp-json\/wp\/v2\/media\/72783"}],"wp:attachment":[{"href":"https:\/\/www.krakowfilmfestival.pl\/en\/wp-json\/wp\/v2\/media?parent=72903"}],"curies":[{"name":"wp","href":"https:\/\/api.w.org\/{rel}","templated":true}]}}