{"id":7634,"date":"2017-06-04T18:48:24","date_gmt":"2017-06-04T16:48:24","guid":{"rendered":"http:\/\/www.krakowfilmfestival.pl\/57-kff\/gallery\/dzien-7-57-kff\/"},"modified":"2017-06-04T19:09:22","modified_gmt":"2017-06-04T17:09:22","slug":"dzien-7-57-kff","status":"publish","type":"page","link":"https:\/\/www.krakowfilmfestival.pl\/en\/video\/gallery\/dzien-7-57-kff\/","title":{"rendered":"Day 7 | 57.KFF"},"content":{"rendered":"<ul class='wp-block-gallery columns-3 is-cropped'><li class='blocks-gallery-item'><figure><img class='lozad wp-image-7629' src='data:image\/png;base64,iVBORw0KGgoAAAANSUhEUgAAAlgAAAGQAQMAAABI+4zbAAAAA1BMVEX\/\/\/+nxBvIAAAANElEQVR42u3BAQ0AAADCoPdPbQ8HFAAAAAAAAAAAAAAAAAAAAAAAAAAAAAAAAAAAAAAAjwZ2wAABTwrGEAAAAABJRU5ErkJggg==' data-src='https:\/\/www.krakowfilmfestival.pl\/wp-content\/uploads\/2017\/06\/korczynski_5y7a3493_20170603-729x486.jpg' data-id='7629' data-srcset='https:\/\/www.krakowfilmfestival.pl\/wp-content\/uploads\/2017\/06\/korczynski_5y7a3493_20170603.jpg 2953w, https:\/\/www.krakowfilmfestival.pl\/wp-content\/uploads\/2017\/06\/korczynski_5y7a3493_20170603-729x486.jpg 729w, https:\/\/www.krakowfilmfestival.pl\/wp-content\/uploads\/2017\/06\/korczynski_5y7a3493_20170603-1920x1280.jpg 1920w' sizes='(max-width: 729px) 100vw, 729px'><figcaption>Fot. T. Korczy\u0144ski<\/figcaption><\/figure><\/li><li class='blocks-gallery-item'><figure><img class='lozad wp-image-7627' src='data:image\/png;base64,iVBORw0KGgoAAAANSUhEUgAAAlgAAAGQAQMAAABI+4zbAAAAA1BMVEX\/\/\/+nxBvIAAAANElEQVR42u3BAQ0AAADCoPdPbQ8HFAAAAAAAAAAAAAAAAAAAAAAAAAAAAAAAAAAAAAAAjwZ2wAABTwrGEAAAAABJRU5ErkJggg==' data-src='https:\/\/www.krakowfilmfestival.pl\/wp-content\/uploads\/2017\/06\/korczynski_5y7a3571_20170603-729x486.jpg' data-id='7627' data-srcset='https:\/\/www.krakowfilmfestival.pl\/wp-content\/uploads\/2017\/06\/korczynski_5y7a3571_20170603.jpg 2953w, https:\/\/www.krakowfilmfestival.pl\/wp-content\/uploads\/2017\/06\/korczynski_5y7a3571_20170603-729x486.jpg 729w, https:\/\/www.krakowfilmfestival.pl\/wp-content\/uploads\/2017\/06\/korczynski_5y7a3571_20170603-1920x1280.jpg 1920w' sizes='(max-width: 729px) 100vw, 729px'><figcaption>Forum SFP, fot. T. Korczy\u0144ski<\/figcaption><\/figure><\/li><li class='blocks-gallery-item'><figure><img class='lozad wp-image-7583' src='data:image\/png;base64,iVBORw0KGgoAAAANSUhEUgAAAlgAAAGQAQMAAABI+4zbAAAAA1BMVEX\/\/\/+nxBvIAAAANElEQVR42u3BAQ0AAADCoPdPbQ8HFAAAAAAAAAAAAAAAAAAAAAAAAAAAAAAAAAAAAAAAjwZ2wAABTwrGEAAAAABJRU5ErkJggg==' data-src='https:\/\/www.krakowfilmfestival.pl\/wp-content\/uploads\/2017\/06\/agnieszkafiejka_03-06-2017-7642-729x486.jpg' data-id='7583' data-srcset='https:\/\/www.krakowfilmfestival.pl\/wp-content\/uploads\/2017\/06\/agnieszkafiejka_03-06-2017-7642.jpg 1920w, https:\/\/www.krakowfilmfestival.pl\/wp-content\/uploads\/2017\/06\/agnieszkafiejka_03-06-2017-7642-729x486.jpg 729w' sizes='(max-width: 729px) 100vw, 729px'><figcaption>Wr\u0119czenie nagr\u00f3d, fot. A. Fiejka<\/figcaption><\/figure><\/li><li class='blocks-gallery-item'><figure><img class='lozad wp-image-7617' src='data:image\/png;base64,iVBORw0KGgoAAAANSUhEUgAAAlgAAAGQAQMAAABI+4zbAAAAA1BMVEX\/\/\/+nxBvIAAAANElEQVR42u3BAQ0AAADCoPdPbQ8HFAAAAAAAAAAAAAAAAAAAAAAAAAAAAAAAAAAAAAAAjwZ2wAABTwrGEAAAAABJRU5ErkJggg==' data-src='https:\/\/www.krakowfilmfestival.pl\/wp-content\/uploads\/2017\/06\/korczynski_5y7a4950_20170603-1-729x486.jpg' data-id='7617' data-srcset='https:\/\/www.krakowfilmfestival.pl\/wp-content\/uploads\/2017\/06\/korczynski_5y7a4950_20170603-1.jpg 2953w, https:\/\/www.krakowfilmfestival.pl\/wp-content\/uploads\/2017\/06\/korczynski_5y7a4950_20170603-1-729x486.jpg 729w, https:\/\/www.krakowfilmfestival.pl\/wp-content\/uploads\/2017\/06\/korczynski_5y7a4950_20170603-1-1920x1280.jpg 1920w' sizes='(max-width: 729px) 100vw, 729px'><figcaption>Laureaci i jury Konkursu Dokumentalnego, fot. T. Korczy\u0144ski<\/figcaption><\/figure><\/li><li class='blocks-gallery-item'><figure><img class='lozad wp-image-7619' src='data:image\/png;base64,iVBORw0KGgoAAAANSUhEUgAAAlgAAAGQAQMAAABI+4zbAAAAA1BMVEX\/\/\/+nxBvIAAAANElEQVR42u3BAQ0AAADCoPdPbQ8HFAAAAAAAAAAAAAAAAAAAAAAAAAAAAAAAAAAAAAAAjwZ2wAABTwrGEAAAAABJRU5ErkJggg==' data-src='https:\/\/www.krakowfilmfestival.pl\/wp-content\/uploads\/2017\/06\/agnieszkafiejka_03-06-2017-7497-729x486.jpg' data-id='7619' data-srcset='https:\/\/www.krakowfilmfestival.pl\/wp-content\/uploads\/2017\/06\/agnieszkafiejka_03-06-2017-7497.jpg 1920w, https:\/\/www.krakowfilmfestival.pl\/wp-content\/uploads\/2017\/06\/agnieszkafiejka_03-06-2017-7497-729x486.jpg 729w' sizes='(max-width: 729px) 100vw, 729px'><figcaption>Laureaci i jury Konkursu DocFilmMusic, fot. A. Fiejka<\/figcaption><\/figure><\/li><li class='blocks-gallery-item'><figure><img class='lozad wp-image-7615' src='data:image\/png;base64,iVBORw0KGgoAAAANSUhEUgAAAlgAAAGQAQMAAABI+4zbAAAAA1BMVEX\/\/\/+nxBvIAAAANElEQVR42u3BAQ0AAADCoPdPbQ8HFAAAAAAAAAAAAAAAAAAAAAAAAAAAAAAAAAAAAAAAjwZ2wAABTwrGEAAAAABJRU5ErkJggg==' data-src='https:\/\/www.krakowfilmfestival.pl\/wp-content\/uploads\/2017\/06\/korczynski_5y7a4793_20170603-729x486.jpg' data-id='7615' data-srcset='https:\/\/www.krakowfilmfestival.pl\/wp-content\/uploads\/2017\/06\/korczynski_5y7a4793_20170603.jpg 2953w, https:\/\/www.krakowfilmfestival.pl\/wp-content\/uploads\/2017\/06\/korczynski_5y7a4793_20170603-729x486.jpg 729w, https:\/\/www.krakowfilmfestival.pl\/wp-content\/uploads\/2017\/06\/korczynski_5y7a4793_20170603-1920x1280.jpg 1920w' sizes='(max-width: 729px) 100vw, 729px'><figcaption>Laureaci i jury Konkursu Kr\u00f3tkometra\u017cowego, fot. T. Korczy\u0144ski<\/figcaption><\/figure><\/li><li class='blocks-gallery-item'><figure><img class='lozad wp-image-7613' src='data:image\/png;base64,iVBORw0KGgoAAAANSUhEUgAAAlgAAAGQAQMAAABI+4zbAAAAA1BMVEX\/\/\/+nxBvIAAAANElEQVR42u3BAQ0AAADCoPdPbQ8HFAAAAAAAAAAAAAAAAAAAAAAAAAAAAAAAAAAAAAAAjwZ2wAABTwrGEAAAAABJRU5ErkJggg==' data-src='https:\/\/www.krakowfilmfestival.pl\/wp-content\/uploads\/2017\/06\/korczynski_5y7a4603_20170603-729x486.jpg' data-id='7613' data-srcset='https:\/\/www.krakowfilmfestival.pl\/wp-content\/uploads\/2017\/06\/korczynski_5y7a4603_20170603.jpg 2953w, https:\/\/www.krakowfilmfestival.pl\/wp-content\/uploads\/2017\/06\/korczynski_5y7a4603_20170603-729x486.jpg 729w, https:\/\/www.krakowfilmfestival.pl\/wp-content\/uploads\/2017\/06\/korczynski_5y7a4603_20170603-1920x1280.jpg 1920w' sizes='(max-width: 729px) 100vw, 729px'><figcaption>Laureaci i jury Konkursu Polskiego, fot. T. Korczy\u0144ski<\/figcaption><\/figure><\/li><li class='blocks-gallery-item'><figure><img class='lozad wp-image-7611' src='data:image\/png;base64,iVBORw0KGgoAAAANSUhEUgAAAlgAAAGQAQMAAABI+4zbAAAAA1BMVEX\/\/\/+nxBvIAAAANElEQVR42u3BAQ0AAADCoPdPbQ8HFAAAAAAAAAAAAAAAAAAAAAAAAAAAAAAAAAAAAAAAjwZ2wAABTwrGEAAAAABJRU5ErkJggg==' data-src='https:\/\/www.krakowfilmfestival.pl\/wp-content\/uploads\/2017\/06\/korczynski_5y7a4187_20170603-729x486.jpg' data-id='7611' data-srcset='https:\/\/www.krakowfilmfestival.pl\/wp-content\/uploads\/2017\/06\/korczynski_5y7a4187_20170603.jpg 2953w, https:\/\/www.krakowfilmfestival.pl\/wp-content\/uploads\/2017\/06\/korczynski_5y7a4187_20170603-729x486.jpg 729w, https:\/\/www.krakowfilmfestival.pl\/wp-content\/uploads\/2017\/06\/korczynski_5y7a4187_20170603-1920x1280.jpg 1920w' sizes='(max-width: 729px) 100vw, 729px'><figcaption>Laureaci DOC LAB POLAND, fot. T. Korczy\u0144ski<\/figcaption><\/figure><\/li><li class='blocks-gallery-item'><figure><img class='lozad wp-image-7601' src='data:image\/png;base64,iVBORw0KGgoAAAANSUhEUgAAAlgAAAGQAQMAAABI+4zbAAAAA1BMVEX\/\/\/+nxBvIAAAANElEQVR42u3BAQ0AAADCoPdPbQ8HFAAAAAAAAAAAAAAAAAAAAAAAAAAAAAAAAAAAAAAAjwZ2wAABTwrGEAAAAABJRU5ErkJggg==' data-src='https:\/\/www.krakowfilmfestival.pl\/wp-content\/uploads\/2017\/06\/korczynski_5y7a5077_20170603-729x486.jpg' data-id='7601' data-srcset='https:\/\/www.krakowfilmfestival.pl\/wp-content\/uploads\/2017\/06\/korczynski_5y7a5077_20170603.jpg 2953w, https:\/\/www.krakowfilmfestival.pl\/wp-content\/uploads\/2017\/06\/korczynski_5y7a5077_20170603-729x486.jpg 729w, https:\/\/www.krakowfilmfestival.pl\/wp-content\/uploads\/2017\/06\/korczynski_5y7a5077_20170603-1920x1280.jpg 1920w' sizes='(max-width: 729px) 100vw, 729px'><figcaption>Z\u0141OTY R\u00d3G dla re\u017cysera najlepszego filmu \u2013 Pero Kvesi\u0107 za film DUM SPIRO SPERO, fot. T. Korczy\u0144ski<\/figcaption><\/figure><\/li><li class='blocks-gallery-item'><figure><img class='lozad wp-image-7605' src='data:image\/png;base64,iVBORw0KGgoAAAANSUhEUgAAAlgAAAGQAQMAAABI+4zbAAAAA1BMVEX\/\/\/+nxBvIAAAANElEQVR42u3BAQ0AAADCoPdPbQ8HFAAAAAAAAAAAAAAAAAAAAAAAAAAAAAAAAAAAAAAAjwZ2wAABTwrGEAAAAABJRU5ErkJggg==' data-src='https:\/\/www.krakowfilmfestival.pl\/wp-content\/uploads\/2017\/06\/korczynski_5y7a5142_20170603-729x486.jpg' data-id='7605' data-srcset='https:\/\/www.krakowfilmfestival.pl\/wp-content\/uploads\/2017\/06\/korczynski_5y7a5142_20170603.jpg 2953w, https:\/\/www.krakowfilmfestival.pl\/wp-content\/uploads\/2017\/06\/korczynski_5y7a5142_20170603-729x486.jpg 729w, https:\/\/www.krakowfilmfestival.pl\/wp-content\/uploads\/2017\/06\/korczynski_5y7a5142_20170603-1920x1280.jpg 1920w' sizes='(max-width: 729px) 100vw, 729px'><figcaption>Z\u0141OTY LAJKONIK dla re\u017cysera najlepszego filmu  \u2013 Grzegorz Szczepaniak za film Najbrzydszy samoch\u00f3d \u015bwiata<\/figcaption><\/figure><\/li><li class='blocks-gallery-item'><figure><img class='lozad wp-image-7603' src='data:image\/png;base64,iVBORw0KGgoAAAANSUhEUgAAAlgAAAGQAQMAAABI+4zbAAAAA1BMVEX\/\/\/+nxBvIAAAANElEQVR42u3BAQ0AAADCoPdPbQ8HFAAAAAAAAAAAAAAAAAAAAAAAAAAAAAAAAAAAAAAAjwZ2wAABTwrGEAAAAABJRU5ErkJggg==' data-src='https:\/\/www.krakowfilmfestival.pl\/wp-content\/uploads\/2017\/06\/korczynski_5y7a5090_20170603-729x486.jpg' data-id='7603' data-srcset='https:\/\/www.krakowfilmfestival.pl\/wp-content\/uploads\/2017\/06\/korczynski_5y7a5090_20170603.jpg 2953w, https:\/\/www.krakowfilmfestival.pl\/wp-content\/uploads\/2017\/06\/korczynski_5y7a5090_20170603-729x486.jpg 729w, https:\/\/www.krakowfilmfestival.pl\/wp-content\/uploads\/2017\/06\/korczynski_5y7a5090_20170603-1920x1280.jpg 1920w' sizes='(max-width: 729px) 100vw, 729px'><figcaption>Z\u0141OTY SMOK dla re\u017cysera najlepszego filmu \u2013 Matteo Gariglio za film PRZY STADIONIE, fot. T. Korczy\u0144ski<\/figcaption><\/figure><\/li><li class='blocks-gallery-item'><figure><img class='lozad wp-image-7609' src='data:image\/png;base64,iVBORw0KGgoAAAANSUhEUgAAAlgAAAGQAQMAAABI+4zbAAAAA1BMVEX\/\/\/+nxBvIAAAANElEQVR42u3BAQ0AAADCoPdPbQ8HFAAAAAAAAAAAAAAAAAAAAAAAAAAAAAAAAAAAAAAAjwZ2wAABTwrGEAAAAABJRU5ErkJggg==' data-src='https:\/\/www.krakowfilmfestival.pl\/wp-content\/uploads\/2017\/06\/agnieszkafiejka_03-06-2017-7710-729x486.jpg' data-id='7609' data-srcset='https:\/\/www.krakowfilmfestival.pl\/wp-content\/uploads\/2017\/06\/agnieszkafiejka_03-06-2017-7710.jpg 1920w, https:\/\/www.krakowfilmfestival.pl\/wp-content\/uploads\/2017\/06\/agnieszkafiejka_03-06-2017-7710-729x486.jpg 729w' sizes='(max-width: 729px) 100vw, 729px'><figcaption>Z\u0141OTY HEJNA\u0141 dla re\u017cysera najlepszego filmu \u2013 Till Schauder za film KIEDY B\u00d3G \u015aPI <\/figcaption><\/figure><\/li><li class='blocks-gallery-item'><figure><img class='lozad wp-image-7607' src='data:image\/png;base64,iVBORw0KGgoAAAANSUhEUgAAAlgAAAGQAQMAAABI+4zbAAAAA1BMVEX\/\/\/+nxBvIAAAANElEQVR42u3BAQ0AAADCoPdPbQ8HFAAAAAAAAAAAAAAAAAAAAAAAAAAAAAAAAAAAAAAAjwZ2wAABTwrGEAAAAABJRU5ErkJggg==' data-src='https:\/\/www.krakowfilmfestival.pl\/wp-content\/uploads\/2017\/06\/korczynski_5y7a3659_20170603-729x486.jpg' data-id='7607' data-srcset='https:\/\/www.krakowfilmfestival.pl\/wp-content\/uploads\/2017\/06\/korczynski_5y7a3659_20170603.jpg 2953w, https:\/\/www.krakowfilmfestival.pl\/wp-content\/uploads\/2017\/06\/korczynski_5y7a3659_20170603-729x486.jpg 729w, https:\/\/www.krakowfilmfestival.pl\/wp-content\/uploads\/2017\/06\/korczynski_5y7a3659_20170603-1920x1280.jpg 1920w' sizes='(max-width: 729px) 100vw, 729px'><figcaption>SREBRNY R\u00d3G dla re\u017cysera najlepszego pe\u0142nometra\u017cowego filmu dokumentalnego \u2013 Lissette Orozco za film PAKT ADRIANY, fot. T. Korczy\u0144ski<\/figcaption><\/figure><\/li><li class='blocks-gallery-item'><figure><img class='lozad wp-image-7591' src='data:image\/png;base64,iVBORw0KGgoAAAANSUhEUgAAAlgAAAGQAQMAAABI+4zbAAAAA1BMVEX\/\/\/+nxBvIAAAANElEQVR42u3BAQ0AAADCoPdPbQ8HFAAAAAAAAAAAAAAAAAAAAAAAAAAAAAAAAAAAAAAAjwZ2wAABTwrGEAAAAABJRU5ErkJggg==' data-src='https:\/\/www.krakowfilmfestival.pl\/wp-content\/uploads\/2017\/06\/korczynski_5y7a4981_20170603-729x486.jpg' data-id='7591' data-srcset='https:\/\/www.krakowfilmfestival.pl\/wp-content\/uploads\/2017\/06\/korczynski_5y7a4981_20170603.jpg 2953w, https:\/\/www.krakowfilmfestival.pl\/wp-content\/uploads\/2017\/06\/korczynski_5y7a4981_20170603-729x486.jpg 729w, https:\/\/www.krakowfilmfestival.pl\/wp-content\/uploads\/2017\/06\/korczynski_5y7a4981_20170603-1920x1280.jpg 1920w' sizes='(max-width: 729px) 100vw, 729px'><figcaption>SREBRNY R\u00d3G dla re\u017cysera najlepszego \u015bredniometra\u017cowego filmu dokumentalnego \u2013 Audrius Stonys za film KOBIETA I LODOWIEC, fot. T. Korczy\u0144ski<\/figcaption><\/figure><\/li><li class='blocks-gallery-item'><figure><img class='lozad wp-image-7599' src='data:image\/png;base64,iVBORw0KGgoAAAANSUhEUgAAAlgAAAGQAQMAAABI+4zbAAAAA1BMVEX\/\/\/+nxBvIAAAANElEQVR42u3BAQ0AAADCoPdPbQ8HFAAAAAAAAAAAAAAAAAAAAAAAAAAAAAAAAAAAAAAAjwZ2wAABTwrGEAAAAABJRU5ErkJggg==' data-src='https:\/\/www.krakowfilmfestival.pl\/wp-content\/uploads\/2017\/06\/korczynski_5y7a5047_20170603-729x486.jpg' data-id='7599' data-srcset='https:\/\/www.krakowfilmfestival.pl\/wp-content\/uploads\/2017\/06\/korczynski_5y7a5047_20170603.jpg 2953w, https:\/\/www.krakowfilmfestival.pl\/wp-content\/uploads\/2017\/06\/korczynski_5y7a5047_20170603-729x486.jpg 729w, https:\/\/www.krakowfilmfestival.pl\/wp-content\/uploads\/2017\/06\/korczynski_5y7a5047_20170603-1920x1280.jpg 1920w' sizes='(max-width: 729px) 100vw, 729px'><figcaption>SREBRNY SMOK i SREBRNY LAJKONIK dla re\u017cysera najlepszego filmu animowanego \u2013 Zbigniew Czapla za film DZIWNY PRZYPADEK, fot. T. Korczy\u0144ski<\/figcaption><\/figure><\/li><li class='blocks-gallery-item'><figure><img class='lozad wp-image-7595' src='data:image\/png;base64,iVBORw0KGgoAAAANSUhEUgAAAlgAAAGQAQMAAABI+4zbAAAAA1BMVEX\/\/\/+nxBvIAAAANElEQVR42u3BAQ0AAADCoPdPbQ8HFAAAAAAAAAAAAAAAAAAAAAAAAAAAAAAAAAAAAAAAjwZ2wAABTwrGEAAAAABJRU5ErkJggg==' data-src='https:\/\/www.krakowfilmfestival.pl\/wp-content\/uploads\/2017\/06\/korczynski_5y7a5011_20170603-729x486.jpg' data-id='7595' data-srcset='https:\/\/www.krakowfilmfestival.pl\/wp-content\/uploads\/2017\/06\/korczynski_5y7a5011_20170603.jpg 2953w, https:\/\/www.krakowfilmfestival.pl\/wp-content\/uploads\/2017\/06\/korczynski_5y7a5011_20170603-729x486.jpg 729w, https:\/\/www.krakowfilmfestival.pl\/wp-content\/uploads\/2017\/06\/korczynski_5y7a5011_20170603-1920x1280.jpg 1920w' sizes='(max-width: 729px) 100vw, 729px'><figcaption>SREBRNY SMOK dla re\u017cysera najlepszego filmu fabularnego \u2013 Kaveh Mazaheri za film RETUSZ, fot. T. Korczy\u0144ski<\/figcaption><\/figure><\/li><li class='blocks-gallery-item'><figure><img class='lozad wp-image-7593' src='data:image\/png;base64,iVBORw0KGgoAAAANSUhEUgAAAlgAAAGQAQMAAABI+4zbAAAAA1BMVEX\/\/\/+nxBvIAAAANElEQVR42u3BAQ0AAADCoPdPbQ8HFAAAAAAAAAAAAAAAAAAAAAAAAAAAAAAAAAAAAAAAjwZ2wAABTwrGEAAAAABJRU5ErkJggg==' data-src='https:\/\/www.krakowfilmfestival.pl\/wp-content\/uploads\/2017\/06\/korczynski_5y7a4988_20170603-729x486.jpg' data-id='7593' data-srcset='https:\/\/www.krakowfilmfestival.pl\/wp-content\/uploads\/2017\/06\/korczynski_5y7a4988_20170603.jpg 2953w, https:\/\/www.krakowfilmfestival.pl\/wp-content\/uploads\/2017\/06\/korczynski_5y7a4988_20170603-729x486.jpg 729w, https:\/\/www.krakowfilmfestival.pl\/wp-content\/uploads\/2017\/06\/korczynski_5y7a4988_20170603-1920x1280.jpg 1920w' sizes='(max-width: 729px) 100vw, 729px'><figcaption>SREBRNY LAJKONIK dla re\u017cysera najlepszego filmu dokumentalnego \u2013 Grzegorz Brzozowski za film  Obcy na mojej kanapie, fot. T. Korczy\u0144ski<\/figcaption><\/figure><\/li><li class='blocks-gallery-item'><figure><img class='lozad wp-image-7623' src='data:image\/png;base64,iVBORw0KGgoAAAANSUhEUgAAAlgAAAGQAQMAAABI+4zbAAAAA1BMVEX\/\/\/+nxBvIAAAANElEQVR42u3BAQ0AAADCoPdPbQ8HFAAAAAAAAAAAAAAAAAAAAAAAAAAAAAAAAAAAAAAAjwZ2wAABTwrGEAAAAABJRU5ErkJggg==' data-src='https:\/\/www.krakowfilmfestival.pl\/wp-content\/uploads\/2017\/06\/korczynski_5y7a5193_20170603-729x486.jpg' data-id='7623' data-srcset='https:\/\/www.krakowfilmfestival.pl\/wp-content\/uploads\/2017\/06\/korczynski_5y7a5193_20170603.jpg 2953w, https:\/\/www.krakowfilmfestival.pl\/wp-content\/uploads\/2017\/06\/korczynski_5y7a5193_20170603-729x486.jpg 729w, https:\/\/www.krakowfilmfestival.pl\/wp-content\/uploads\/2017\/06\/korczynski_5y7a5193_20170603-1920x1280.jpg 1920w' sizes='(max-width: 729px) 100vw, 729px'><figcaption>Bankiet po ceremonii, fot. T. Korczy\u0144ski<\/figcaption><\/figure><\/li><li class='blocks-gallery-item'><figure><img class='lozad wp-image-7625' src='data:image\/png;base64,iVBORw0KGgoAAAANSUhEUgAAAlgAAAGQAQMAAABI+4zbAAAAA1BMVEX\/\/\/+nxBvIAAAANElEQVR42u3BAQ0AAADCoPdPbQ8HFAAAAAAAAAAAAAAAAAAAAAAAAAAAAAAAAAAAAAAAjwZ2wAABTwrGEAAAAABJRU5ErkJggg==' data-src='https:\/\/www.krakowfilmfestival.pl\/wp-content\/uploads\/2017\/06\/korczynski_5y7a5217_20170604-729x486.jpg' data-id='7625' data-srcset='https:\/\/www.krakowfilmfestival.pl\/wp-content\/uploads\/2017\/06\/korczynski_5y7a5217_20170604.jpg 2953w, https:\/\/www.krakowfilmfestival.pl\/wp-content\/uploads\/2017\/06\/korczynski_5y7a5217_20170604-729x486.jpg 729w, https:\/\/www.krakowfilmfestival.pl\/wp-content\/uploads\/2017\/06\/korczynski_5y7a5217_20170604-1920x1280.jpg 1920w' sizes='(max-width: 729px) 100vw, 729px'><figcaption>Bankiet po ceremonii, fot. T. Korczy\u0144ski<\/figcaption><\/figure><\/li><li class='blocks-gallery-item'><figure><img class='lozad wp-image-7621' src='data:image\/png;base64,iVBORw0KGgoAAAANSUhEUgAAAlgAAAGQAQMAAABI+4zbAAAAA1BMVEX\/\/\/+nxBvIAAAANElEQVR42u3BAQ0AAADCoPdPbQ8HFAAAAAAAAAAAAAAAAAAAAAAAAAAAAAAAAAAAAAAAjwZ2wAABTwrGEAAAAABJRU5ErkJggg==' data-src='https:\/\/www.krakowfilmfestival.pl\/wp-content\/uploads\/2017\/06\/korczynski_5y7a5188_20170603-729x486.jpg' data-id='7621' data-srcset='https:\/\/www.krakowfilmfestival.pl\/wp-content\/uploads\/2017\/06\/korczynski_5y7a5188_20170603.jpg 2953w, https:\/\/www.krakowfilmfestival.pl\/wp-content\/uploads\/2017\/06\/korczynski_5y7a5188_20170603-729x486.jpg 729w, https:\/\/www.krakowfilmfestival.pl\/wp-content\/uploads\/2017\/06\/korczynski_5y7a5188_20170603-1920x1280.jpg 1920w' sizes='(max-width: 729px) 100vw, 729px'><figcaption>Bankiet po ceremonii, fot. T. Korczy\u0144ski<\/figcaption><\/figure><\/li><\/ul>\n","protected":false},"excerpt":{"rendered":"","protected":false},"author":2,"featured_media":0,"parent":6546,"menu_order":0,"comment_status":"closed","ping_status":"closed","template":"","meta":[],"acf":[],"yoast_head":"<!-- This site is optimized with the Yoast SEO plugin v18.9 - https:\/\/yoast.com\/wordpress\/plugins\/seo\/ -->\n<title>Day 7 | 57.KFF - Krakow Film Festival<\/title>\n<meta name=\"robots\" content=\"index, follow, max-snippet:-1, max-image-preview:large, max-video-preview:-1\" \/>\n<link rel=\"canonical\" href=\"https:\/\/www.krakowfilmfestival.pl\/en\/video\/gallery\/dzien-7-57-kff\/\" \/>\n<meta property=\"og:locale\" content=\"en_US\" \/>\n<meta property=\"og:type\" content=\"article\" \/>\n<meta property=\"og:title\" content=\"Day 7 | 57.KFF - Krakow Film Festival\" \/>\n<meta property=\"og:url\" content=\"https:\/\/www.krakowfilmfestival.pl\/en\/video\/gallery\/dzien-7-57-kff\/\" \/>\n<meta property=\"og:site_name\" content=\"Krakow Film Festival\" \/>\n<meta property=\"article:publisher\" content=\"https:\/\/www.facebook.com\/krakowfilmfest\/\" \/>\n<meta property=\"article:modified_time\" content=\"2017-06-04T17:09:22+00:00\" \/>\n<meta property=\"og:image\" content=\"\" \/>\n<meta name=\"twitter:card\" content=\"summary_large_image\" \/>\n<meta name=\"twitter:site\" content=\"@krakowfilmfest\" \/>\n<script type=\"application\/ld+json\" class=\"yoast-schema-graph\">{\"@context\":\"https:\/\/schema.org\",\"@graph\":[{\"@type\":\"Organization\",\"@id\":\"https:\/\/www.krakowfilmfestival.pl\/en\/#organization\",\"name\":\"Krakowski Festiwal Filmowy\",\"url\":\"https:\/\/www.krakowfilmfestival.pl\/en\/\",\"sameAs\":[\"https:\/\/www.instagram.com\/krakowfilmfestival\/\",\"https:\/\/www.youtube.com\/user\/KrakowFilmFoundation\",\"https:\/\/pl.wikipedia.org\/wiki\/Krakowski_Festiwal_Filmowy\",\"https:\/\/www.facebook.com\/krakowfilmfest\/\",\"https:\/\/twitter.com\/krakowfilmfest\"],\"logo\":{\"@type\":\"ImageObject\",\"inLanguage\":\"en-US\",\"@id\":\"https:\/\/www.krakowfilmfestival.pl\/en\/#\/schema\/logo\/image\/\",\"url\":\"https:\/\/www.krakowfilmfestival.pl\/wp-content\/uploads\/2024\/03\/logokff_uniwersalne.jpg\",\"contentUrl\":\"https:\/\/www.krakowfilmfestival.pl\/wp-content\/uploads\/2024\/03\/logokff_uniwersalne.jpg\",\"width\":1241,\"height\":699,\"caption\":\"Krakowski Festiwal Filmowy\"},\"image\":{\"@id\":\"https:\/\/www.krakowfilmfestival.pl\/en\/#\/schema\/logo\/image\/\"}},{\"@type\":\"WebSite\",\"@id\":\"https:\/\/www.krakowfilmfestival.pl\/en\/#website\",\"url\":\"https:\/\/www.krakowfilmfestival.pl\/en\/\",\"name\":\"Krakow Film Festival\",\"description\":\"In Cracow since 1961\",\"publisher\":{\"@id\":\"https:\/\/www.krakowfilmfestival.pl\/en\/#organization\"},\"potentialAction\":[{\"@type\":\"SearchAction\",\"target\":{\"@type\":\"EntryPoint\",\"urlTemplate\":\"https:\/\/www.krakowfilmfestival.pl\/en\/?s={search_term_string}\"},\"query-input\":\"required name=search_term_string\"}],\"inLanguage\":\"en-US\"},{\"@type\":\"WebPage\",\"@id\":\"https:\/\/www.krakowfilmfestival.pl\/en\/video\/gallery\/dzien-7-57-kff\/#webpage\",\"url\":\"https:\/\/www.krakowfilmfestival.pl\/en\/video\/gallery\/dzien-7-57-kff\/\",\"name\":\"Day 7 | 57.KFF - Krakow Film Festival\",\"isPartOf\":{\"@id\":\"https:\/\/www.krakowfilmfestival.pl\/en\/#website\"},\"datePublished\":\"2017-06-04T16:48:24+00:00\",\"dateModified\":\"2017-06-04T17:09:22+00:00\",\"breadcrumb\":{\"@id\":\"https:\/\/www.krakowfilmfestival.pl\/en\/video\/gallery\/dzien-7-57-kff\/#breadcrumb\"},\"inLanguage\":\"en-US\",\"potentialAction\":[{\"@type\":\"ReadAction\",\"target\":[\"https:\/\/www.krakowfilmfestival.pl\/en\/video\/gallery\/dzien-7-57-kff\/\"]}]},{\"@type\":\"BreadcrumbList\",\"@id\":\"https:\/\/www.krakowfilmfestival.pl\/en\/video\/gallery\/dzien-7-57-kff\/#breadcrumb\",\"itemListElement\":[{\"@type\":\"ListItem\",\"position\":1,\"name\":\"Strona g\u0142\u00f3wna\",\"item\":\"https:\/\/www.krakowfilmfestival.pl\/en\/\"},{\"@type\":\"ListItem\",\"position\":2,\"name\":\"Video\",\"item\":\"https:\/\/www.krakowfilmfestival.pl\/en\/video\/\"},{\"@type\":\"ListItem\",\"position\":3,\"name\":\"Private: Gallery\",\"item\":\"https:\/\/www.krakowfilmfestival.pl\/en\/?page_id=6546\"},{\"@type\":\"ListItem\",\"position\":4,\"name\":\"Day 7 | 57.KFF\"}]}]}<\/script>\n<!-- \/ Yoast SEO plugin. -->","yoast_head_json":{"title":"Day 7 | 57.KFF - Krakow Film Festival","robots":{"index":"index","follow":"follow","max-snippet":"max-snippet:-1","max-image-preview":"max-image-preview:large","max-video-preview":"max-video-preview:-1"},"canonical":"https:\/\/www.krakowfilmfestival.pl\/en\/video\/gallery\/dzien-7-57-kff\/","og_locale":"en_US","og_type":"article","og_title":"Day 7 | 57.KFF - Krakow Film Festival","og_url":"https:\/\/www.krakowfilmfestival.pl\/en\/video\/gallery\/dzien-7-57-kff\/","og_site_name":"Krakow Film Festival","article_publisher":"https:\/\/www.facebook.com\/krakowfilmfest\/","article_modified_time":"2017-06-04T17:09:22+00:00","og_image":[{"url":"data:image\/png;base64,iVBORw0KGgoAAAANSUhEUgAAAlgAAAGQAQMAAABI+4zbAAAAA1BMVEX\/\/\/+nxBvIAAAANElEQVR42u3BAQ0AAADCoPdPbQ8HFAAAAAAAAAAAAAAAAAAAAAAAAAAAAAAAAAAAAAAAjwZ2wAABTwrGEAAAAABJRU5ErkJggg=="}],"twitter_card":"summary_large_image","twitter_site":"@krakowfilmfest","schema":{"@context":"https:\/\/schema.org","@graph":[{"@type":"Organization","@id":"https:\/\/www.krakowfilmfestival.pl\/en\/#organization","name":"Krakowski Festiwal Filmowy","url":"https:\/\/www.krakowfilmfestival.pl\/en\/","sameAs":["https:\/\/www.instagram.com\/krakowfilmfestival\/","https:\/\/www.youtube.com\/user\/KrakowFilmFoundation","https:\/\/pl.wikipedia.org\/wiki\/Krakowski_Festiwal_Filmowy","https:\/\/www.facebook.com\/krakowfilmfest\/","https:\/\/twitter.com\/krakowfilmfest"],"logo":{"@type":"ImageObject","inLanguage":"en-US","@id":"https:\/\/www.krakowfilmfestival.pl\/en\/#\/schema\/logo\/image\/","url":"https:\/\/www.krakowfilmfestival.pl\/wp-content\/uploads\/2024\/03\/logokff_uniwersalne.jpg","contentUrl":"https:\/\/www.krakowfilmfestival.pl\/wp-content\/uploads\/2024\/03\/logokff_uniwersalne.jpg","width":1241,"height":699,"caption":"Krakowski Festiwal Filmowy"},"image":{"@id":"https:\/\/www.krakowfilmfestival.pl\/en\/#\/schema\/logo\/image\/"}},{"@type":"WebSite","@id":"https:\/\/www.krakowfilmfestival.pl\/en\/#website","url":"https:\/\/www.krakowfilmfestival.pl\/en\/","name":"Krakow Film Festival","description":"In Cracow since 1961","publisher":{"@id":"https:\/\/www.krakowfilmfestival.pl\/en\/#organization"},"potentialAction":[{"@type":"SearchAction","target":{"@type":"EntryPoint","urlTemplate":"https:\/\/www.krakowfilmfestival.pl\/en\/?s={search_term_string}"},"query-input":"required name=search_term_string"}],"inLanguage":"en-US"},{"@type":"WebPage","@id":"https:\/\/www.krakowfilmfestival.pl\/en\/video\/gallery\/dzien-7-57-kff\/#webpage","url":"https:\/\/www.krakowfilmfestival.pl\/en\/video\/gallery\/dzien-7-57-kff\/","name":"Day 7 | 57.KFF - Krakow Film Festival","isPartOf":{"@id":"https:\/\/www.krakowfilmfestival.pl\/en\/#website"},"datePublished":"2017-06-04T16:48:24+00:00","dateModified":"2017-06-04T17:09:22+00:00","breadcrumb":{"@id":"https:\/\/www.krakowfilmfestival.pl\/en\/video\/gallery\/dzien-7-57-kff\/#breadcrumb"},"inLanguage":"en-US","potentialAction":[{"@type":"ReadAction","target":["https:\/\/www.krakowfilmfestival.pl\/en\/video\/gallery\/dzien-7-57-kff\/"]}]},{"@type":"BreadcrumbList","@id":"https:\/\/www.krakowfilmfestival.pl\/en\/video\/gallery\/dzien-7-57-kff\/#breadcrumb","itemListElement":[{"@type":"ListItem","position":1,"name":"Strona g\u0142\u00f3wna","item":"https:\/\/www.krakowfilmfestival.pl\/en\/"},{"@type":"ListItem","position":2,"name":"Video","item":"https:\/\/www.krakowfilmfestival.pl\/en\/video\/"},{"@type":"ListItem","position":3,"name":"Private: Gallery","item":"https:\/\/www.krakowfilmfestival.pl\/en\/?page_id=6546"},{"@type":"ListItem","position":4,"name":"Day 7 | 57.KFF"}]}]}},"_links":{"self":[{"href":"https:\/\/www.krakowfilmfestival.pl\/en\/wp-json\/wp\/v2\/pages\/7634"}],"collection":[{"href":"https:\/\/www.krakowfilmfestival.pl\/en\/wp-json\/wp\/v2\/pages"}],"about":[{"href":"https:\/\/www.krakowfilmfestival.pl\/en\/wp-json\/wp\/v2\/types\/page"}],"author":[{"embeddable":true,"href":"https:\/\/www.krakowfilmfestival.pl\/en\/wp-json\/wp\/v2\/users\/2"}],"replies":[{"embeddable":true,"href":"https:\/\/www.krakowfilmfestival.pl\/en\/wp-json\/wp\/v2\/comments?post=7634"}],"version-history":[{"count":1,"href":"https:\/\/www.krakowfilmfestival.pl\/en\/wp-json\/wp\/v2\/pages\/7634\/revisions"}],"predecessor-version":[{"id":7635,"href":"https:\/\/www.krakowfilmfestival.pl\/en\/wp-json\/wp\/v2\/pages\/7634\/revisions\/7635"}],"up":[{"embeddable":true,"href":"https:\/\/www.krakowfilmfestival.pl\/en\/wp-json\/wp\/v2\/pages\/6546"}],"wp:attachment":[{"href":"https:\/\/www.krakowfilmfestival.pl\/en\/wp-json\/wp\/v2\/media?parent=7634"}],"curies":[{"name":"wp","href":"https:\/\/api.w.org\/{rel}","templated":true}]}}